{"id":10786,"date":"2024-06-27T01:45:57","date_gmt":"2024-06-26T22:45:57","guid":{"rendered":"https:\/\/dentamarla.com\/?page_id=10786"},"modified":"2026-01-25T20:55:14","modified_gmt":"2026-01-25T17:55:14","slug":"doktorlarimiz","status":"publish","type":"page","link":"https:\/\/dentamarla.com\/tr\/doktorlarimiz\/","title":{"rendered":"Doktorlar\u0131m\u0131z"},"content":{"rendered":"<div class=\"brz-root__container brz-reset-all brz brz-root__container-page\">\n<section id=\"43588054be3e8d037b34_gLqxHcV2lNF_\" class=\"brz-section brz-css-1gxqkxu\">\n<div class=\"brz-section__content brz-section--boxed brz-css-1njv7ny brz-css-1c7q0dy\" data-brz-custom-id=\"fAYgMemzp_0i\">\n<div class=\"brz-bg\">\n<div class=\"brz-bg-color\"><\/div>\n<\/div>\n<div class=\"brz-container brz-css-oydbc4\">\n<div id=\"\" data-brz-iteration-count=\"1\" class=\"brz-css-12oxw61 brz-css-1h8csfh brz-wrapper brz-animated brz-css-oyetba brz-css-13yjpuu\" data-animationid=\"jN8_aGcFgEjH\">\n<div class=\"brz-rich-text brz-rich-text__custom brz-css-1l8kmaj\" data-brz-custom-id=\"tJUQ4Ll9GsA0\">\n<div data-brz-translate-text=\"1\">\n<p class=\"brz-tp-lg-empty brz-lh-lg-1_3 brz-ls-lg-0 brz-fw-lg-700 brz-fss-lg-px brz-fs-lg-42 brz-ft-upload brz-ff-tjrspiydimfqzfsgfkeiiqxasaislwennyfh brz-fs-xs-34 brz-fs-sm-36 brz-ls-xs-1 brz-ls-sm-1 brz-fw-xs-700 brz-fw-sm-700 brz-lh-xs-1_3 brz-lh-sm-1_2 brz-text-lg-center brz-css-dfEo2\" data-generated-css=\"brz-css-uLwHi\" data-uniq-id=\"iVpJI\"><span>Denta Marla <\/span><\/p>\n<p class=\"brz-tp-lg-empty brz-lh-lg-1_3 brz-ls-lg-0 brz-fw-lg-700 brz-fss-lg-px brz-fs-lg-42 brz-ft-upload brz-ff-tjrspiydimfqzfsgfkeiiqxasaislwennyfh brz-fs-xs-34 brz-fs-sm-36 brz-ls-xs-1 brz-ls-sm-1 brz-fw-xs-700 brz-fw-sm-700 brz-lh-xs-1_3 brz-lh-sm-1_2 brz-text-lg-center brz-css-bgtEk\" data-generated-css=\"brz-css-aSt3m\" data-uniq-id=\"oXcym\"><span>Di\u015f Sa\u011fl\u0131\u011f\u0131 Ekibi<\/span><\/p>\n<\/div>\n<\/div>\n<\/div>\n<div id=\"\" data-brz-iteration-count=\"1\" class=\"brz-css-12oxw61 brz-css-4jhukn brz-wrapper brz-animated brz-css-1y9pmd7 brz-css-1t4k0uw\" data-animationid=\"tYC26okkqBxp\">\n<div class=\"brz-rich-text brz-rich-text__custom brz-css-1l8kmaj\" data-brz-custom-id=\"fIuJn9iIWhJS\">\n<div data-brz-translate-text=\"1\">\n<p class=\"brz-tp-lg-empty brz-lh-lg-1_9 brz-ls-lg-0 brz-fw-lg-500 brz-fss-lg-px brz-fs-lg-20 brz-ft-upload brz-ff-ccheqdchrszlnaenoxzxnbxvvyccrllwmftb brz-text-lg-center brz-lh-sm-1_6 brz-lh-xs-1_6 brz-ls-sm-0 brz-ls-xs-0 brz-fs-sm-19 brz-fs-xs-19 brz-fw-sm-500 brz-fw-xs-500 brz-css-sAvsk\" data-generated-css=\"brz-css-r4dxi\" data-uniq-id=\"p37Lf\"><span>Hastalar\u0131m\u0131za en iyi hizmeti sunmak i\u00e7in \u00e7al\u0131\u015f\u0131yoruz.<\/span><\/p>\n<\/div>\n<\/div>\n<\/div>\n<div id=\"\" class=\"brz-css-12oxw61 brz-css-ybc6tu brz-css-vsfsnp brz-wrapper\">\n<div class=\"brz-spacer brz-css-13jzi82\"><\/div>\n<\/div>\n<div class=\"brz-row__container brz-css-xndnnh\" data-brz-custom-id=\"rP9MARkRkGOp\">\n<div class=\"brz-bg\"><\/div>\n<div class=\"brz-row brz-css-9r1aha\">\n<div class=\"brz-columns brz-css-1ngb2n0 brz-css-chk8te\" data-brz-custom-id=\"s8iyA1hnLFM6\">\n<div class=\"brz-column__items brz-css-129f7hl brz-css-12r39yw\">\n<div id=\"\" class=\"brz-css-12oxw61 brz-wrapper\">\n<div class=\"brz-image brz-css-ewiv5s brz-css-15xnr2v\" data-brz-custom-id=\"ycIafa3j_0bf\"><img decoding=\"async\" class=\"brz-img\" src=\"https:\/\/dentamarla.com\/tr\/?brizy_media=wp-b7469f040c5983585f959e8b98d8c6d5.jpg&amp;brizy_crop=original\" alt=\"\" loading=\"lazy\"><\/div>\n<\/div>\n<\/div>\n<\/div>\n<div class=\"brz-columns brz-css-1ngb2n0 brz-css-nuvtbq\" data-brz-custom-id=\"pNsdMC0OqvL0\">\n<div class=\"brz-column__items brz-css-129f7hl brz-css-ehqor6\">\n<div id=\"\" class=\"brz-css-12oxw61 brz-css-1m469wo brz-wrapper\">\n<div class=\"brz-rich-text brz-rich-text__custom brz-css-1l8kmaj\" data-brz-custom-id=\"b22zByHq1y8d\">\n<div data-brz-translate-text=\"1\">\n<h4 class=\"brz-tp-lg-heading4 brz-css-g7mZt\" data-uniq-id=\"sf2HQ\" data-generated-css=\"brz-css-fJ2oN\"><strong class=\"brz-cp-color2\">Dr. Burak C. Da\u015fdemir<\/strong><\/h4>\n<\/div>\n<\/div>\n<\/div>\n<div id=\"\" class=\"brz-css-12oxw61 brz-css-iu34pm brz-wrapper\">\n<div class=\"brz-rich-text brz-rich-text__custom brz-css-1l8kmaj\" data-brz-custom-id=\"bsj6COrVqqi4\">\n<div data-brz-translate-text=\"1\">\n<p class=\"brz-tp-lg-subtitle brz-css-aR60u\" data-uniq-id=\"sbVzl\" data-generated-css=\"brz-css-sJUkP\"><span class=\"brz-cp-color7\">Dentist<\/span><\/p>\n<\/div>\n<\/div>\n<\/div>\n<div id=\"\" class=\"brz-css-12oxw61 brz-css-r8jfei brz-wrapper\">\n<div class=\"brz-rich-text brz-rich-text__custom brz-css-1l8kmaj\" data-brz-custom-id=\"uLLYAI8P8vph\">\n<div data-brz-translate-text=\"1\">\n<p class=\"brz-text-lg-left brz-lh-sm-1_6 brz-lh-xs-1_6 brz-ls-sm-0 brz-ls-xs-0 brz-fs-sm-19 brz-fs-xs-19 brz-fw-sm-500 brz-fw-xs-500 brz-fss-lg-px brz-fw-lg-500 brz-ls-lg-0 brz-lh-lg-1_9 brz-vfw-lg-400 brz-fwdth-lg-100 brz-fsft-lg-0 brz-tp-lg-empty brz-ff-ccheqdchrszlnaenoxzxnbxvvyccrllwmftb brz-ft-upload brz-fs-lg-16 brz-css-cUBxy\" data-generated-css=\"brz-css-vmBef\" data-uniq-id=\"rXOmp\"><span>1987 y\u0131l\u0131nda Fatsa&#8217;da do\u011fmu\u015ftur. \u0130lk ve orta \u00f6\u011frenimi K\u00fctahya&#8217;da lise \u00f6\u011frenimini ise Afyon S\u00fcleyman Demirel Fen Lisesi&#8217;nde tamamlam\u0131\u015ft\u0131r.<\/span><\/p>\n<p class=\"brz-text-lg-left brz-lh-sm-1_6 brz-lh-xs-1_6 brz-ls-sm-0 brz-ls-xs-0 brz-fs-sm-19 brz-fs-xs-19 brz-fw-sm-500 brz-fw-xs-500 brz-fss-lg-px brz-fw-lg-500 brz-ls-lg-0 brz-lh-lg-1_9 brz-vfw-lg-400 brz-fwdth-lg-100 brz-fsft-lg-0 brz-tp-lg-empty brz-ff-ccheqdchrszlnaenoxzxnbxvvyccrllwmftb brz-ft-upload brz-fs-lg-16 brz-css-w4iQk\" data-generated-css=\"brz-css-rjWNF\" data-uniq-id=\"bF1m9\"><span>Lisans \u00f6ncesi e\u011fitimlerinin ard\u0131ndan 2008 y\u0131l\u0131nda S\u00fcleyman Demirel \u00dcniversitesi Di\u015f Hekimli\u011fi Fak\u00fcltesi&#8217;nde \u00fcniversite e\u011fitimine ba\u015flam\u0131\u015f ve 2013 y\u0131l\u0131nda ba\u015far\u0131yla mezun olarak Di\u015f Hekimi unvan\u0131 alm\u0131\u015ft\u0131r.<\/span><\/p>\n<p class=\"brz-text-lg-left brz-lh-sm-1_6 brz-lh-xs-1_6 brz-ls-sm-0 brz-ls-xs-0 brz-fs-sm-19 brz-fs-xs-19 brz-fw-sm-500 brz-fw-xs-500 brz-fss-lg-px brz-fw-lg-500 brz-ls-lg-0 brz-lh-lg-1_9 brz-vfw-lg-400 brz-fwdth-lg-100 brz-fsft-lg-0 brz-tp-lg-empty brz-ff-ccheqdchrszlnaenoxzxnbxvvyccrllwmftb brz-ft-upload brz-fs-lg-16 brz-css-dZGHV\" data-generated-css=\"brz-css-qzMp2\" data-uniq-id=\"bc4fe\"><span>Dt. Burak \u00c7a\u011fr\u0131 DA\u015eDEM\u0130R, pek \u00e7ok say\u0131da seminer ve kongreye kat\u0131lm\u0131\u015f, mesle\u011fine dair son geli\u015fmeleri, yeni tedavi y\u00f6ntemlerini yak\u0131ndan&nbsp;takip&nbsp;etmi\u015ftir.<\/span><\/p>\n<\/div>\n<\/div>\n<\/div>\n<\/div>\n<\/div>\n<\/div>\n<\/div>\n<div class=\"brz-row__container brz-css-xndnnh\" data-brz-custom-id=\"fglfCsveTw87\">\n<div class=\"brz-bg\"><\/div>\n<div class=\"brz-row brz-css-9r1aha\">\n<div class=\"brz-columns brz-css-1ngb2n0 brz-css-1jyinv8\" data-brz-custom-id=\"tLr7Q07OtAu1\">\n<div class=\"brz-column__items brz-css-129f7hl brz-css-z3qfrz\">\n<div id=\"\" class=\"brz-css-12oxw61 brz-wrapper\">\n<div class=\"brz-image brz-css-2mhuut brz-css-1omu7gn\" data-brz-custom-id=\"zTB51dU2znkU\"><img decoding=\"async\" class=\"brz-img\" src=\"https:\/\/dentamarla.com\/tr\/?brizy_media=wp-db5f2a88e231cb22e66de61264c28f5a.jpg&amp;brizy_crop=original\" alt=\"\" loading=\"lazy\"><\/div>\n<\/div>\n<\/div>\n<\/div>\n<div class=\"brz-columns brz-css-1ngb2n0 brz-css-wybc1w\" data-brz-custom-id=\"vIBHDyeXQQ73\">\n<div class=\"brz-column__items brz-css-129f7hl brz-css-1g67od\">\n<div id=\"\" class=\"brz-css-12oxw61 brz-css-14i2qcg brz-wrapper\">\n<div class=\"brz-rich-text brz-rich-text__custom brz-css-1l8kmaj\" data-brz-custom-id=\"zt_OzSpTFTbD\">\n<div data-brz-translate-text=\"1\">\n<h4 class=\"brz-tp-lg-heading4 brz-css-eXdyR\" data-uniq-id=\"pDnKQ\" data-generated-css=\"brz-css-vqyxI\"><strong class=\"brz-cp-color2\">Dr. Mehmet Co\u015fkun<\/strong><\/h4>\n<\/div>\n<\/div>\n<\/div>\n<div id=\"\" class=\"brz-css-12oxw61 brz-css-1rsm6s8 brz-wrapper\">\n<div class=\"brz-rich-text brz-rich-text__custom brz-css-1l8kmaj\" data-brz-custom-id=\"qSaGcGEOIrHv\">\n<div data-brz-translate-text=\"1\">\n<p class=\"brz-tp-lg-subtitle brz-css-aafls\" data-uniq-id=\"sbVzl\" data-generated-css=\"brz-css-sJUkP\"><span class=\"brz-cp-color7\">Dentist<\/span><\/p>\n<\/div>\n<\/div>\n<\/div>\n<div id=\"\" class=\"brz-css-12oxw61 brz-css-1a3a0ie brz-wrapper\">\n<div class=\"brz-rich-text brz-rich-text__custom brz-css-1l8kmaj\" data-brz-custom-id=\"sDToCmhVKWnq\">\n<div data-brz-translate-text=\"1\">\n<p class=\"brz-text-lg-left brz-lh-sm-1_6 brz-lh-xs-1_6 brz-ls-sm-0 brz-ls-xs-0 brz-fs-sm-19 brz-fs-xs-19 brz-fw-sm-500 brz-fw-xs-500 brz-fss-lg-px brz-fw-lg-500 brz-ls-lg-0 brz-lh-lg-1_9 brz-vfw-lg-400 brz-fwdth-lg-100 brz-fsft-lg-0 brz-tp-lg-empty brz-ff-ccheqdchrszlnaenoxzxnbxvvyccrllwmftb brz-ft-upload brz-fs-lg-16 brz-css-k9Fcs\" data-generated-css=\"brz-css-cmhzN\" data-uniq-id=\"jcqiZ\"><span>2012 y\u0131l\u0131nda Donetsk Ulusal T\u0131p \u00dcniversitesi (M. Gorki) Di\u015f Hekimli\u011fi Fak\u00fcltesi\u2019nden mezun olmu\u015f ve 2020 y\u0131l\u0131na kadar Antalya\u2019da \u00f6zel bir di\u015f klini\u011finde di\u015f hekimi olarak \u00e7al\u0131\u015fm\u0131\u015ft\u0131r. 2021 y\u0131l\u0131nda Denta Marla ad\u0131yla kendi klini\u011fini kuran Mehmet Co\u015fkun, \u00e7al\u0131\u015fmalar\u0131na halen kurucusu oldu\u011fu Denta Marla\u2019da devam etmekte ve hastalar\u0131na hizmet vermektedir. Uzmanl\u0131k ve ilgi alanlar\u0131 a\u011f\u0131rl\u0131kl\u0131 olarak Estetik Di\u015f Hekimli\u011fi ve \u0130mplantoloji uygulamalar\u0131 \u00fczerinedir.<\/span><\/p>\n<p class=\"brz-text-lg-left brz-lh-sm-1_6 brz-lh-xs-1_6 brz-ls-sm-0 brz-ls-xs-0 brz-fs-sm-19 brz-fs-xs-19 brz-fw-sm-500 brz-fw-xs-500 brz-fss-lg-px brz-fw-lg-500 brz-ls-lg-0 brz-lh-lg-1_9 brz-vfw-lg-400 brz-fwdth-lg-100 brz-fsft-lg-0 brz-tp-lg-empty brz-ff-ccheqdchrszlnaenoxzxnbxvvyccrllwmftb brz-ft-upload brz-fs-lg-16 brz-css-cuvw2\" data-generated-css=\"brz-css-oI8MI\" data-uniq-id=\"epar2\"><\/p>\n<p class=\"brz-text-lg-left brz-lh-sm-1_6 brz-lh-xs-1_6 brz-ls-sm-0 brz-ls-xs-0 brz-fs-sm-19 brz-fs-xs-19 brz-fw-sm-500 brz-fw-xs-500 brz-fss-lg-px brz-fw-lg-500 brz-ls-lg-0 brz-lh-lg-1_9 brz-vfw-lg-400 brz-fwdth-lg-100 brz-fsft-lg-0 brz-tp-lg-empty brz-ff-ccheqdchrszlnaenoxzxnbxvvyccrllwmftb brz-ft-upload brz-fs-lg-16 brz-css-gZUWu\" data-generated-css=\"brz-css-hDucj\" data-uniq-id=\"tXfnp\"><span>Di\u015f Hekimi Mehmet Co\u015fkun, \u00f6\u011frencilik y\u0131llar\u0131ndan itibaren \u00e7e\u015fitli e\u011fitimler alm\u0131\u015f ve g\u00fcncel tedavileri yak\u0131ndan takip etmi\u015ftir. Gerek akademik e\u011fitimler gerekse yurt i\u00e7i ve yurt d\u0131\u015f\u0131 e\u011fitimler ile mesleki yeterlili\u011fini s\u00fcrekli art\u0131rarak ve geli\u015ftirerek profesyonel t\u0131p hayat\u0131nda bir\u00e7ok seminere&nbsp;kat\u0131lm\u0131\u015ft\u0131r.<\/span><\/p>\n<\/div>\n<\/div>\n<\/div>\n<\/div>\n<\/div>\n<\/div>\n<\/div>\n<div class=\"brz-row__container brz-css-xndnnh\" data-brz-custom-id=\"kmVITIRXy_2P\">\n<div class=\"brz-bg\"><\/div>\n<div class=\"brz-row brz-css-9r1aha\">\n<div class=\"brz-columns brz-css-1ngb2n0 brz-css-1iqp4zj\" data-brz-custom-id=\"u7VYGlydiJgZ\">\n<div class=\"brz-column__items brz-css-129f7hl brz-css-xf3n04\">\n<div id=\"\" class=\"brz-css-12oxw61 brz-wrapper\">\n<div class=\"brz-image brz-css-1hk41ra brz-css-4njt57\" data-brz-custom-id=\"zZX1ltb8Uo8x\"><img decoding=\"async\" class=\"brz-img\" src=\"https:\/\/dentamarla.com\/tr\/?brizy_media=wp-396d5b7c3cb48b9b95fec16b17b2872e.jpg&amp;brizy_crop=original\" alt=\"\" loading=\"lazy\"><\/div>\n<\/div>\n<\/div>\n<\/div>\n<div class=\"brz-columns brz-css-1ngb2n0 brz-css-1j1r9d2\" data-brz-custom-id=\"uCj0m4BRPYjA\">\n<div class=\"brz-column__items brz-css-129f7hl brz-css-qkp0le\">\n<div id=\"\" class=\"brz-css-12oxw61 brz-css-wrbr27 brz-wrapper\">\n<div class=\"brz-rich-text brz-rich-text__custom brz-css-1l8kmaj\" data-brz-custom-id=\"d3WVvb6jIqri\">\n<div data-brz-translate-text=\"1\">\n<h4 class=\"brz-tp-lg-heading4 brz-css-fVEbK\" data-uniq-id=\"t2Oq7\" data-generated-css=\"brz-css-k7RRn\"><strong class=\"brz-cp-color2\">Dr. P\u0131nar U\u00e7ar<\/strong><\/h4>\n<\/div>\n<\/div>\n<\/div>\n<div id=\"\" class=\"brz-css-12oxw61 brz-css-1o6z1yw brz-wrapper\">\n<div class=\"brz-rich-text brz-rich-text__custom brz-css-1l8kmaj\" data-brz-custom-id=\"c04Y1cR8frK0\">\n<div data-brz-translate-text=\"1\">\n<p class=\"brz-tp-lg-subtitle brz-css-eTw9t\" data-uniq-id=\"sbVzl\" data-generated-css=\"brz-css-sJUkP\"><span class=\"brz-cp-color7\">Dentist<\/span><\/p>\n<\/div>\n<\/div>\n<\/div>\n<div id=\"\" class=\"brz-css-12oxw61 brz-css-y3cyne brz-wrapper\">\n<div class=\"brz-rich-text brz-rich-text__custom brz-css-1l8kmaj\" data-brz-custom-id=\"iAE6qeuRrBeB\">\n<div data-brz-translate-text=\"1\">\n<p class=\"brz-text-lg-left brz-lh-sm-1_6 brz-lh-xs-1_6 brz-ls-sm-0 brz-ls-xs-0 brz-fs-sm-19 brz-fs-xs-19 brz-fw-sm-500 brz-fw-xs-500 brz-fss-lg-px brz-fw-lg-500 brz-ls-lg-0 brz-lh-lg-1_9 brz-vfw-lg-400 brz-fwdth-lg-100 brz-fsft-lg-0 brz-tp-lg-empty brz-ff-ccheqdchrszlnaenoxzxnbxvvyccrllwmftb brz-ft-upload brz-fs-lg-16 brz-css-weBQu\" data-generated-css=\"brz-css-l5_6R\" data-uniq-id=\"rSwOg\"><span>1989 y\u0131l\u0131nda Ankara&#8217;da do\u011fmu\u015ftur. Lisans \u00f6ncesi e\u011fitimlerinin ard\u0131ndan 2008 y\u0131l\u0131nda S\u00fcleyman Demirel \u00dcniversitesi Di\u015f Hekimli\u011fi Fak\u00fcltesi&#8217;nde \u00fcniversite e\u011fitimine ba\u015flam\u0131\u015f ve 2013 y\u0131l\u0131nda ba\u015far\u0131yla mezun olarak Di\u015f Hekimi unvan\u0131 alm\u0131\u015ft\u0131r.<\/span><\/p>\n<p class=\"brz-text-lg-left brz-lh-sm-1_6 brz-lh-xs-1_6 brz-ls-sm-0 brz-ls-xs-0 brz-fs-sm-19 brz-fs-xs-19 brz-fw-sm-500 brz-fw-xs-500 brz-fss-lg-px brz-fw-lg-500 brz-ls-lg-0 brz-lh-lg-1_9 brz-vfw-lg-400 brz-fwdth-lg-100 brz-fsft-lg-0 brz-tp-lg-empty brz-ff-ccheqdchrszlnaenoxzxnbxvvyccrllwmftb brz-ft-upload brz-fs-lg-16 brz-css-q7HSV\" data-generated-css=\"brz-css-lbpay\" data-uniq-id=\"blF85\"><span>2014 y\u0131l\u0131nda kendi muayenehanesini a\u00e7m\u0131\u015ft\u0131r, 2024 y\u0131l\u0131nda Denta Marla klini\u011fi ekibine kat\u0131lm\u0131\u015ft\u0131r.<\/span><\/p>\n<\/div>\n<\/div>\n<\/div>\n<\/div>\n<\/div>\n<\/div>\n<\/div>\n<div class=\"brz-row__container brz-css-xndnnh\" data-brz-custom-id=\"wafpRnq4DohU\">\n<div class=\"brz-bg\"><\/div>\n<div class=\"brz-row brz-css-9r1aha brz-css-1r36yld\">\n<div id=\"drprofiledesktop\" data-brz-iteration-count=\"1\" class=\"brz-columns brz-css-1ngb2n0 brz-css-12wglyw brz-animated brz-css-j7lw98 brz-css-l1y7hn\" data-brz-custom-id=\"f_sBiAf1cA2F\">\n<div class=\"brz-column__items brz-css-129f7hl brz-css-1yylvl5\">\n<div id=\"\" class=\"brz-css-12oxw61 brz-wrapper\">\n<div class=\"brz-image brz-css-18a7nnx brz-css-1wuoqzl\" data-brz-custom-id=\"iHxGWvf1WJoT\"><img decoding=\"async\" class=\"brz-img\" src=\"https:\/\/dentamarla.com\/tr\/?brizy_media=wp-7e68aaf5fc81441c0c9d76cf93a93fe2.png&amp;brizy_crop=iW%3D188%26iH%3D188%26oX%3D0%26oY%3D0%26cW%3D188%26cH%3D188\" alt=\"\" loading=\"lazy\"><\/div>\n<\/div>\n<div id=\"\" class=\"brz-css-12oxw61 brz-css-es59l8 brz-wrapper\">\n<div class=\"brz-rich-text brz-rich-text__custom brz-css-1l8kmaj\" data-brz-custom-id=\"buY92YT3rOOn\">\n<div data-brz-translate-text=\"1\">\n<p class=\"brz-fw-xs-400 brz-fw-sm-400 brz-fw-lg-400 brz-ft-upload brz-ff-zqgavxuluuqypmhqwswgonzjjrnjtbjpzngc brz-ls-xs-m_0_5 brz-ls-sm-m_0_5 brz-ls-lg-0 brz-fs-xs-18 brz-fs-sm-18 brz-fs-lg-20 brz-lh-xs-1_5 brz-lh-sm-1_5 brz-lh-lg-1_6 brz-text-lg-center brz-css-bh7q6\" data-uniq-id=\"yccvh\" data-generated-css=\"brz-css-pfquj\"><span>Dr. Burak \u00c7. <\/span><\/p>\n<p class=\"brz-fw-xs-400 brz-fw-sm-400 brz-fw-lg-400 brz-ft-upload brz-ff-zqgavxuluuqypmhqwswgonzjjrnjtbjpzngc brz-ls-xs-m_0_5 brz-ls-sm-m_0_5 brz-ls-lg-0 brz-fs-xs-18 brz-fs-sm-18 brz-fs-lg-20 brz-lh-xs-1_5 brz-lh-sm-1_5 brz-lh-lg-1_6 brz-text-lg-center brz-css-kDzw_\" data-uniq-id=\"yccvh\" data-generated-css=\"brz-css-pfquj\"><span>Da\u015fdemir<\/span><\/p>\n<\/div>\n<\/div>\n<\/div>\n<div id=\"\" class=\"brz-css-12oxw61 brz-css-wnhkhc brz-wrapper\">\n<div class=\"brz-rich-text brz-rich-text__custom brz-css-1l8kmaj\" data-brz-custom-id=\"qXzh15U7PjMV\">\n<div data-brz-translate-text=\"1\">\n<p class=\"brz-fw-xs-600 brz-fw-sm-600 brz-fw-lg-600 brz-ft-upload brz-ff-pktawridwcuzlvsoreubxpvcbtaisikgapov brz-ls-xs-1 brz-ls-sm-1 brz-ls-lg-1_1 brz-fs-xs-13 brz-fs-sm-13 brz-fs-lg-13 brz-lh-xs-1_5 brz-lh-sm-1_5 brz-lh-lg-1_5 brz-text-lg-center brz-css-ppHgB\" data-uniq-id=\"ykgds\" data-generated-css=\"brz-css-uutps\"><span>Dentist<\/span><\/p>\n<\/div>\n<\/div>\n<\/div>\n<\/div>\n<\/div>\n<div id=\"drprofiledesktop\" data-brz-iteration-count=\"1\" class=\"brz-columns brz-css-1ngb2n0 brz-css-9z81gp brz-animated brz-css-j7lw98 brz-css-1jov58z\" data-brz-custom-id=\"jq3WgUbhre6r\">\n<div class=\"brz-column__items brz-css-129f7hl brz-css-60jqt9\">\n<div id=\"\" class=\"brz-css-12oxw61 brz-wrapper\">\n<div class=\"brz-image brz-css-oyqp8t brz-css-1p720z8\" data-brz-custom-id=\"aTRfhvMd82Oj\"><img decoding=\"async\" class=\"brz-img\" src=\"https:\/\/dentamarla.com\/tr\/?brizy_media=wp-872bbcf0176bf07c5b16bf5b74e92e15.png&amp;brizy_crop=iW%3D188%26iH%3D188%26oX%3D0%26oY%3D0%26cW%3D188%26cH%3D188\" alt=\"\" loading=\"lazy\"><\/div>\n<\/div>\n<div id=\"\" class=\"brz-css-12oxw61 brz-css-nu627b brz-wrapper\">\n<div class=\"brz-rich-text brz-rich-text__custom brz-css-1l8kmaj\" data-brz-custom-id=\"fF0J1762XaTl\">\n<div data-brz-translate-text=\"1\">\n<p class=\"brz-text-lg-center brz-lh-lg-1_6 brz-lh-sm-1_5 brz-lh-xs-1_5 brz-fs-lg-20 brz-fs-sm-18 brz-fs-xs-18 brz-ls-lg-0 brz-ls-sm-m_0_5 brz-ls-xs-m_0_5 brz-ff-zqgavxuluuqypmhqwswgonzjjrnjtbjpzngc brz-ft-upload brz-fw-lg-400 brz-fw-sm-400 brz-fw-xs-400 brz-css-aO2Qj\" data-generated-css=\"brz-css-rzoow\" data-uniq-id=\"empvg\"><span>Dr. Mehmet<\/span><\/p>\n<p class=\"brz-text-lg-center brz-lh-lg-1_6 brz-lh-sm-1_5 brz-lh-xs-1_5 brz-fs-lg-20 brz-fs-sm-18 brz-fs-xs-18 brz-ls-lg-0 brz-ls-sm-m_0_5 brz-ls-xs-m_0_5 brz-ff-zqgavxuluuqypmhqwswgonzjjrnjtbjpzngc brz-ft-upload brz-fw-lg-400 brz-fw-sm-400 brz-fw-xs-400 brz-css-be3Hk\" data-generated-css=\"brz-css-rzoow\" data-uniq-id=\"empvg\"><span>Co\u015fkun <\/span><\/p>\n<\/div>\n<\/div>\n<\/div>\n<div id=\"\" class=\"brz-css-12oxw61 brz-css-129pp3g brz-wrapper\">\n<div class=\"brz-rich-text brz-rich-text__custom brz-css-1l8kmaj\" data-brz-custom-id=\"fOGsHWmd6zGz\">\n<div data-brz-translate-text=\"1\">\n<p class=\"brz-fw-xs-600 brz-fw-sm-600 brz-fw-lg-600 brz-ft-upload brz-ff-pktawridwcuzlvsoreubxpvcbtaisikgapov brz-ls-xs-1 brz-ls-sm-1 brz-ls-lg-1_1 brz-fs-xs-13 brz-fs-sm-13 brz-fs-lg-13 brz-lh-xs-1_5 brz-lh-sm-1_5 brz-lh-lg-1_5 brz-text-lg-center brz-css-y_07y\" data-uniq-id=\"ykgds\" data-generated-css=\"brz-css-uutps\"><span>Dentist<\/span><\/p>\n<\/div>\n<\/div>\n<\/div>\n<\/div>\n<\/div>\n<\/div>\n<\/div>\n<\/div>\n<\/div>\n<\/section>\n<\/div>\n<p>    <!-- version:1748081836 --><\/p>\n","protected":false},"excerpt":{"rendered":"<p>Denta Marla Di\u015f Sa\u011fl\u0131\u011f\u0131 Ekibi Hastalar\u0131m\u0131za en iyi hizmeti sunmak i\u00e7in \u00e7al\u0131\u015f\u0131yoruz. Dr. Burak C. Da\u015fdemir Dentist 1987 y\u0131l\u0131nda Fatsa&#8217;da do\u011fmu\u015ftur. \u0130lk ve orta \u00f6\u011frenimi K\u00fctahya&#8217;da lise \u00f6\u011frenimini ise Afyon S\u00fcleyman Demirel Fen Lisesi&#8217;nde tamamlam\u0131\u015ft\u0131r. Lisans \u00f6ncesi e\u011fitimlerinin ard\u0131ndan 2008 y\u0131l\u0131nda S\u00fcleyman Demirel \u00dcniversitesi Di\u015f Hekimli\u011fi Fak\u00fcltesi&#8217;nde \u00fcniversite e\u011fitimine ba\u015flam\u0131\u015f ve 2013 y\u0131l\u0131nda ba\u015far\u0131yla mezun [&hellip;]<\/p>\n","protected":false},"author":1,"featured_media":0,"parent":0,"menu_order":0,"comment_status":"closed","ping_status":"closed","template":"","meta":{"footnotes":""},"class_list":["post-10786","page","type-page","status-publish","hentry"],"blocksy_meta":[],"brizy_media":[],"_links":{"self":[{"href":"https:\/\/dentamarla.com\/tr\/wp-json\/wp\/v2\/pages\/10786","targetHints":{"allow":["GET"]}}],"collection":[{"href":"https:\/\/dentamarla.com\/tr\/wp-json\/wp\/v2\/pages"}],"about":[{"href":"https:\/\/dentamarla.com\/tr\/wp-json\/wp\/v2\/types\/page"}],"author":[{"embeddable":true,"href":"https:\/\/dentamarla.com\/tr\/wp-json\/wp\/v2\/users\/1"}],"replies":[{"embeddable":true,"href":"https:\/\/dentamarla.com\/tr\/wp-json\/wp\/v2\/comments?post=10786"}],"version-history":[{"count":1,"href":"https:\/\/dentamarla.com\/tr\/wp-json\/wp\/v2\/pages\/10786\/revisions"}],"predecessor-version":[{"id":11451,"href":"https:\/\/dentamarla.com\/tr\/wp-json\/wp\/v2\/pages\/10786\/revisions\/11451"}],"wp:attachment":[{"href":"https:\/\/dentamarla.com\/tr\/wp-json\/wp\/v2\/media?parent=10786"}],"curies":[{"name":"wp","href":"https:\/\/api.w.org\/{rel}","templated":true}]}}