{"id":10650,"date":"2021-10-08T08:29:29","date_gmt":"2021-10-08T05:29:29","guid":{"rendered":"https:\/\/dentamarla.com\/gallery\/"},"modified":"2026-01-30T02:42:20","modified_gmt":"2026-01-29T23:42:20","slug":"gallery","status":"publish","type":"page","link":"https:\/\/dentamarla.com\/tr\/gallery\/","title":{"rendered":"Galeri"},"content":{"rendered":"<div class=\"brz-root__container brz-reset-all brz brz-root__container-page\">\n<section id=\"_tubhpbrgappbpopubsdxvygzaablyxxddcbs\" class=\"brz-section brz-css-1lrgz7c\">\n<div class=\"brz-section__content brz-section--boxed brz-css-tsv6jl brz-css-1cbk9od\" data-brz-custom-id=\"vnevqrhcbxqyivubdinqzpjsgaoocrkbexyv\">\n<div class=\"brz-bg\">\n<div class=\"brz-bg-color\"><\/div>\n<\/div>\n<div class=\"brz-container brz-css-4209xs\">\n<div id=\"\" class=\"brz-css-hzok42 brz-css-1wcjkh6 brz-wrapper\">\n<div class=\"brz-rich-text brz-rich-text__custom brz-css-g5he6y\" data-brz-custom-id=\"zfkzngzrrgrzimhvmscquukxanokkuxdghna\">\n<div data-brz-translate-text=\"1\">\n<h2 class=\"brz-tp-lg-empty brz-lh-lg-1_3 brz-ls-lg-0 brz-fw-lg-400 brz-fss-lg-px brz-fs-lg-36 brz-ft-upload brz-ff-tjrspiydimfqzfsgfkeiiqxasaislwennyfh brz-text-lg-center brz-css-dNVEJ\" data-generated-css=\"brz-css-ayu1I\" data-uniq-id=\"wqWfY\"><span>Denta Marla <\/span><\/h2>\n<h2 class=\"brz-tp-lg-empty brz-lh-lg-1_3 brz-ls-lg-0 brz-fw-lg-400 brz-fss-lg-px brz-fs-lg-36 brz-ft-upload brz-ff-tjrspiydimfqzfsgfkeiiqxasaislwennyfh brz-text-lg-center brz-css-bL5Yp\" data-generated-css=\"brz-css-swni9\" data-uniq-id=\"mVmjz\"><span>Foto\u011fraf &amp; Video Galerisi<\/span><\/h2>\n<\/div>\n<\/div>\n<\/div>\n<\/div>\n<\/div>\n<\/section>\n<section id=\"_kqhvjseyoorflubkwhsqewbcfoupehudmrop\" class=\"brz-section brz-css-1lrgz7c\">\n<div class=\"brz-section__content brz-section--boxed brz-css-tsv6jl brz-css-j3xe7z\" data-brz-custom-id=\"gsjgyvqozlfnywthrdcctjqjhpypfpenullv\">\n<div class=\"brz-bg\">\n<div class=\"brz-bg-color\"><\/div>\n<\/div>\n<div class=\"brz-container brz-css-4209xs\">\n<div class=\"brz-row__container brz-css-1st9hom brz-css-1jnx2lp\" data-brz-custom-id=\"cdqwmgnqzlgezqqubpphgytowmtgzdmtlqao\">\n<div class=\"brz-bg\"><\/div>\n<div class=\"brz-row brz-css-c2s7qv brz-css-143ye9g\">\n<div class=\"brz-columns brz-css-1hm3gs0 brz-css-m2pba2\" data-brz-custom-id=\"egtpjfesaettmqpgjpgwukcxxbmuluxeskiq\">\n<div class=\"brz-bg\"><\/div>\n<div class=\"brz-column__items brz-css-16y7i0k brz-css-141j51l\">\n<div class=\"brz-row__container brz-css-1st9hom\" data-brz-custom-id=\"ewhyrtryueztwyucrbfggqsitzjzihccebgh\">\n<div class=\"brz-bg\"><\/div>\n<div class=\"brz-row brz-row--inner brz-css-c2s7qv brz-css-svs9lx\">\n<div class=\"brz-columns brz-css-1hm3gs0 brz-css-1kqvvc8\" data-brz-custom-id=\"hcvfvkmecxjxwupkeyjzesoqfqltjicwfljf\">\n<div class=\"brz-bg\">\n<div class=\"brz-bg-color\"><\/div>\n<\/div>\n<div class=\"brz-column__items brz-css-16y7i0k\">\n<div id=\"\" class=\"brz-css-hzok42 brz-css-xk8lgt brz-wrapper\">\n<div class=\"brz-image brz-css-vzqzrq brz-css-1ksdp5\" data-brz-custom-id=\"glmqsfmqwzmphgwgogwffxzifprwrplejpcb\"><img decoding=\"async\" class=\"brz-img\" src=\"https:\/\/dentamarla.com\/tr?brizy_media=wp-7d5cea71de17ca12cfabcb59a1584cb0.jpg&amp;brizy_crop=iW%3D300%26iH%3D200%26oX%3D0%26oY%3D0%26cW%3D300%26cH%3D200\" alt=\"\" loading=\"lazy\"><\/div>\n<\/div>\n<div id=\"\" class=\"brz-css-hzok42 brz-css-mtwukc brz-wrapper\">\n<div class=\"brz-spacer brz-css-1imvy4v brz-css-1dw3mf5\"><\/div>\n<\/div>\n<div id=\"\" class=\"brz-css-hzok42 brz-css-1gwttjk brz-wrapper\">\n<div class=\"brz-rich-text brz-rich-text__custom brz-css-g5he6y\" data-brz-custom-id=\"vkrnllptqpoabnqnggpezixyashawsodrcwi\">\n<div data-brz-translate-text=\"1\">\n<p class=\"brz-tp-lg-empty brz-lh-lg-1_4 brz-ls-lg-0 brz-fw-lg-400 brz-fss-lg-px brz-fs-lg-28 brz-ft-upload brz-ff-pktawridwcuzlvsoreubxpvcbtaisikgapov brz-text-lg-center brz-css-slYd6\" data-uniq-id=\"hAh6m\" data-generated-css=\"brz-css-uhVsA\"><strong class=\"brz-cp-color8\">Klinik Foto\u011fraf Galerisi<\/strong><\/p>\n<\/div>\n<\/div>\n<\/div>\n<div id=\"\" class=\"brz-css-hzok42 brz-css-mtwukc brz-wrapper\">\n<div class=\"brz-spacer brz-css-1imvy4v brz-css-qvlwy7\"><\/div>\n<\/div>\n<\/div>\n<p><a class=\"brz-a brz-container-link\" href=\"\/tr\/gallery\/photo-gallery\/\" target=\"_self\" rel=\"noopener\" data-brz-link-type=\"external\"><\/a><\/div>\n<\/div>\n<\/div>\n<\/div>\n<\/div>\n<div class=\"brz-columns brz-css-1hm3gs0 brz-css-lfdahj\" data-brz-custom-id=\"hxwmmmwywaejlbzxnocvmibahplgplabzdms\">\n<div class=\"brz-bg\"><\/div>\n<div class=\"brz-column__items brz-css-16y7i0k brz-css-1bsm94e\">\n<div class=\"brz-row__container brz-css-1st9hom\" data-brz-custom-id=\"midvrsggvqyotiqnopzagmngdyluwcpzpnoj\">\n<div class=\"brz-bg\"><\/div>\n<div class=\"brz-row brz-row--inner brz-css-c2s7qv brz-css-svs9lx\">\n<div class=\"brz-columns brz-css-1hm3gs0 brz-css-1qj8w26\" data-brz-custom-id=\"qhqjqlljeoivhcxpjxaaqdqmnqoettkpvxkj\">\n<div class=\"brz-bg\">\n<div class=\"brz-bg-color\"><\/div>\n<\/div>\n<div class=\"brz-column__items brz-css-16y7i0k\">\n<div id=\"\" class=\"brz-css-hzok42 brz-css-16k6uo1 brz-wrapper\">\n<div class=\"brz-image brz-css-1j94qd7 brz-css-pfi6li\" data-brz-custom-id=\"vyckhkoefjwycekvdfqtepfplmywrdrkhzgw\"><img decoding=\"async\" class=\"brz-img\" src=\"https:\/\/dentamarla.com\/tr?brizy_media=wp-36ed042c50e35a7bfc1f10b355014f51.png&amp;brizy_crop=iW%3D300%26iH%3D225%26oX%3D0%26oY%3D12%26cW%3D300%26cH%3D200\" alt=\"\" loading=\"lazy\"><\/div>\n<\/div>\n<div id=\"\" class=\"brz-css-hzok42 brz-css-mtwukc brz-wrapper\">\n<div class=\"brz-spacer brz-css-1imvy4v brz-css-16qly6h\"><\/div>\n<\/div>\n<div id=\"\" class=\"brz-css-hzok42 brz-css-3r95i2 brz-wrapper\">\n<div class=\"brz-rich-text brz-rich-text__custom brz-css-g5he6y\" data-brz-custom-id=\"ydykplqahlfylwlsamwpczkwfmxainxdgdaq\">\n<div data-brz-translate-text=\"1\">\n<p class=\"brz-text-lg-center brz-ff-pktawridwcuzlvsoreubxpvcbtaisikgapov brz-ft-upload brz-fs-lg-28 brz-fss-lg-px brz-fw-lg-400 brz-ls-lg-0 brz-lh-lg-1_4 brz-tp-lg-empty brz-css-ubHTN\" data-generated-css=\"brz-css-eavR4\" data-uniq-id=\"adMPs\"><strong class=\"brz-cp-color8\">\u00d6nce ve Sonra Galerisi<\/strong><\/p>\n<\/div>\n<\/div>\n<\/div>\n<div id=\"\" class=\"brz-css-hzok42 brz-css-mtwukc brz-wrapper\">\n<div class=\"brz-spacer brz-css-1imvy4v brz-css-16d0vx2\"><\/div>\n<\/div>\n<\/div>\n<p><a class=\"brz-a brz-container-link\" href=\"\/tr\/gallery\/client-photos\/\" target=\"_self\" rel=\"noopener\" data-brz-link-type=\"external\"><\/a><\/div>\n<\/div>\n<\/div>\n<\/div>\n<\/div>\n<\/div>\n<\/div>\n<\/div>\n<\/div>\n<\/section>\n<\/div>\n<p>    <!-- version:1738224403 --><\/p>\n","protected":false},"excerpt":{"rendered":"<p>Denta Marla Foto\u011fraf &amp; Video Galerisi Klinik Foto\u011fraf Galerisi \u00d6nce ve Sonra Galerisi<\/p>\n","protected":false},"author":1,"featured_media":0,"parent":0,"menu_order":0,"comment_status":"closed","ping_status":"closed","template":"","meta":{"footnotes":""},"class_list":["post-10650","page","type-page","status-publish","hentry"],"blocksy_meta":{"styles_descriptor":{"styles":{"desktop":"","tablet":"","mobile":""},"google_fonts":[],"version":6}},"brizy_media":[{"id":2860,"url":"https:\/\/dentamarla.com\/wp-content\/uploads\/brizy\/55\/assets\/images\/d03-Img-Bottle.jpg","name":"d03-Img-Bottle.jpg","meta":{"brizy_attachment_uid":"d03-Img-Bottle.jpg","brizy_post_uid":["ce9a8ad09d657f301339517ef4bd8544","915c5012709a5019af28a3ca27094efb","9343a756814e905df6caf3b1665db9ba"]}},{"id":2862,"url":"https:\/\/dentamarla.com\/wp-content\/uploads\/brizy\/55\/assets\/images\/d03-Img-Elevator-Shaft.jpg","name":"d03-Img-Elevator-Shaft.jpg","meta":{"brizy_attachment_uid":"d03-Img-Elevator-Shaft.jpg","brizy_post_uid":["ce9a8ad09d657f301339517ef4bd8544","915c5012709a5019af28a3ca27094efb","9343a756814e905df6caf3b1665db9ba"]}},{"id":2863,"url":"https:\/\/dentamarla.com\/wp-content\/uploads\/brizy\/55\/assets\/images\/d04-BG-drink-black.jpg","name":"d04-BG-drink-black.jpg","meta":{"brizy_attachment_uid":"d04-BG-drink-black.jpg","brizy_post_uid":["ce9a8ad09d657f301339517ef4bd8544","915c5012709a5019af28a3ca27094efb","9343a756814e905df6caf3b1665db9ba"]}},{"id":2866,"url":"https:\/\/dentamarla.com\/wp-content\/uploads\/brizy\/55\/assets\/images\/d03-Img-Cup-Tea-1.jpg","name":"d03-Img-Cup-Tea-1.jpg","meta":{"brizy_attachment_uid":"d03-Img-Cup-Tea-1.jpg","brizy_post_uid":["ce9a8ad09d657f301339517ef4bd8544","915c5012709a5019af28a3ca27094efb","9343a756814e905df6caf3b1665db9ba"]}},{"id":2868,"url":"https:\/\/dentamarla.com\/wp-content\/uploads\/brizy\/55\/assets\/images\/d08-Background.png","name":"d08-Background.png","meta":{"brizy_attachment_uid":"d08-Background.png","brizy_post_uid":["ce9a8ad09d657f301339517ef4bd8544","915c5012709a5019af28a3ca27094efb","9343a756814e905df6caf3b1665db9ba"]}},{"id":2922,"url":"https:\/\/dentamarla.com\/wp-content\/uploads\/2021\/10\/DSC04318.jpg","name":"DSC04318.jpg","meta":{"brizy_attachment_uid":"wp-2b9e27a74d1e84004e9a33477abae7e4.jpg","brizy_post_uid":["ce9a8ad09d657f301339517ef4bd8544"]}},{"id":2874,"url":"https:\/\/dentamarla.com\/wp-content\/uploads\/2021\/10\/DSC00817.jpg","name":"DSC00817.jpg","meta":{"brizy_attachment_uid":"wp-2b8697f0a9c0223c8b98ef967884e824.jpg","brizy_post_uid":["ce9a8ad09d657f301339517ef4bd8544"]}},{"id":2876,"url":"https:\/\/dentamarla.com\/wp-content\/uploads\/2021\/10\/DSC00825.jpg","name":"DSC00825.jpg","meta":{"brizy_attachment_uid":"wp-085fd1aa761aec8691cc2434ffc734cb.jpg","brizy_post_uid":["ce9a8ad09d657f301339517ef4bd8544"]}},{"id":2872,"url":"https:\/\/dentamarla.com\/wp-content\/uploads\/2021\/10\/DSC00804.jpg","name":"DSC00804.jpg","meta":{"brizy_attachment_uid":"wp-737415e5326ed3c2baf7439b94d72b30.jpg","brizy_post_uid":["ce9a8ad09d657f301339517ef4bd8544"]}},{"id":2870,"url":"https:\/\/dentamarla.com\/wp-content\/uploads\/2021\/10\/DSC00752.jpg","name":"DSC00752.jpg","meta":{"brizy_attachment_uid":"wp-4e879b7d4318ffa8496aa64b283caa18.jpg","brizy_post_uid":["ce9a8ad09d657f301339517ef4bd8544"]}},{"id":2878,"url":"https:\/\/dentamarla.com\/wp-content\/uploads\/2021\/10\/DSC00904.jpg","name":"DSC00904.jpg","meta":{"brizy_attachment_uid":"wp-2277a2b01cb1e15e541fcdfa55bea12b.jpg","brizy_post_uid":["ce9a8ad09d657f301339517ef4bd8544"]}},{"id":2880,"url":"https:\/\/dentamarla.com\/wp-content\/uploads\/2021\/10\/DSC00909.jpg","name":"DSC00909.jpg","meta":{"brizy_attachment_uid":"wp-0d721518de80a5f2b89516fd83a8a804.jpg","brizy_post_uid":["ce9a8ad09d657f301339517ef4bd8544"]}},{"id":2882,"url":"https:\/\/dentamarla.com\/wp-content\/uploads\/2021\/10\/DSC00916.jpg","name":"DSC00916.jpg","meta":{"brizy_attachment_uid":"wp-50c4b25a3259d050ba7034bcdf425206.jpg","brizy_post_uid":["ce9a8ad09d657f301339517ef4bd8544"]}},{"id":2884,"url":"https:\/\/dentamarla.com\/wp-content\/uploads\/2021\/10\/DSC00920.jpg","name":"DSC00920.jpg","meta":{"brizy_attachment_uid":"wp-550b7287aa3b0bbb905672bde495b6fa.jpg","brizy_post_uid":["ce9a8ad09d657f301339517ef4bd8544"]}},{"id":2904,"url":"https:\/\/dentamarla.com\/wp-content\/uploads\/2021\/10\/DSC01508.jpg","name":"DSC01508.jpg","meta":{"brizy_attachment_uid":"wp-46fd27972287caeac2c1dfca58820dba.jpg","brizy_post_uid":["ce9a8ad09d657f301339517ef4bd8544"]}},{"id":2906,"url":"https:\/\/dentamarla.com\/wp-content\/uploads\/2021\/10\/DSC01795.jpg","name":"DSC01795.jpg","meta":{"brizy_attachment_uid":"wp-8c0a76e8f78c30201eef126a152a13c9.jpg","brizy_post_uid":["ce9a8ad09d657f301339517ef4bd8544","915c5012709a5019af28a3ca27094efb"]}},{"id":2916,"url":"https:\/\/dentamarla.com\/wp-content\/uploads\/2021\/10\/DSC02927.jpg","name":"DSC02927.jpg","meta":{"brizy_attachment_uid":"wp-8dc8abb03e0d9f38428443e314ab03c1.jpg","brizy_post_uid":["ce9a8ad09d657f301339517ef4bd8544"]}},{"id":2908,"url":"https:\/\/dentamarla.com\/wp-content\/uploads\/2021\/10\/DSC02013.jpg","name":"DSC02013.jpg","meta":{"brizy_attachment_uid":"wp-0065b29aa3e091c64d75cfce6e2e3385.jpg","brizy_post_uid":["ce9a8ad09d657f301339517ef4bd8544"]}},{"id":2886,"url":"https:\/\/dentamarla.com\/wp-content\/uploads\/2021\/10\/DSC00964.jpg","name":"DSC00964.jpg","meta":{"brizy_attachment_uid":"wp-53ecdc1bd6eb4861079dcb7fc2bafda5.jpg","brizy_post_uid":["ce9a8ad09d657f301339517ef4bd8544"]}},{"id":2890,"url":"https:\/\/dentamarla.com\/wp-content\/uploads\/2021\/10\/DSC01051.jpg","name":"DSC01051.jpg","meta":{"brizy_attachment_uid":"wp-5e6c605c9be7065dd342811957e64ea7.jpg","brizy_post_uid":["ce9a8ad09d657f301339517ef4bd8544","a87c9b64e2042ec0b37377d662b840fd"]}},{"id":2896,"url":"https:\/\/dentamarla.com\/wp-content\/uploads\/2021\/10\/DSC01244.jpg","name":"DSC01244.jpg","meta":{"brizy_attachment_uid":"wp-5ef1bd5fb62e7e65b2941c3349b53381.jpg","brizy_post_uid":["ce9a8ad09d657f301339517ef4bd8544"]}},{"id":2900,"url":"https:\/\/dentamarla.com\/wp-content\/uploads\/2021\/10\/DSC01396.jpg","name":"DSC01396.jpg","meta":{"brizy_attachment_uid":"wp-bf701e44b319be33f2d17e4f9637afac.jpg","brizy_post_uid":["ce9a8ad09d657f301339517ef4bd8544"]}},{"id":2912,"url":"https:\/\/dentamarla.com\/wp-content\/uploads\/2021\/10\/DSC02802.jpg","name":"DSC02802.jpg","meta":{"brizy_attachment_uid":"wp-bcb0303cb912d6bfa594bcf2a4191e88.jpg","brizy_post_uid":["ce9a8ad09d657f301339517ef4bd8544"]}},{"id":2924,"url":"https:\/\/dentamarla.com\/wp-content\/uploads\/2021\/10\/DSC04324.jpg","name":"DSC04324.jpg","meta":{"brizy_attachment_uid":"wp-efd3b108292c1ea251c2abc5d07a745e.jpg","brizy_post_uid":["ce9a8ad09d657f301339517ef4bd8544"]}},{"id":2948,"url":"https:\/\/dentamarla.com\/wp-content\/uploads\/2021\/10\/DSC05285.jpg","name":"DSC05285.jpg","meta":{"brizy_attachment_uid":"wp-a5551ca9104c2be9fb1acbb1252e6277.jpg","brizy_post_uid":["ce9a8ad09d657f301339517ef4bd8544"]}},{"id":2946,"url":"https:\/\/dentamarla.com\/wp-content\/uploads\/2021\/10\/DSC04954.jpg","name":"DSC04954.jpg","meta":{"brizy_attachment_uid":"wp-e4a6d3429dd058f509dc809711f5938f.jpg","brizy_post_uid":["ce9a8ad09d657f301339517ef4bd8544"]}},{"id":2940,"url":"https:\/\/dentamarla.com\/wp-content\/uploads\/2021\/10\/DSC04567.jpg","name":"DSC04567.jpg","meta":{"brizy_attachment_uid":"wp-82dcbb41e60618fbb321ed0a44e34c7b.jpg","brizy_post_uid":["ce9a8ad09d657f301339517ef4bd8544"]}},{"id":2928,"url":"https:\/\/dentamarla.com\/wp-content\/uploads\/2021\/10\/DSC04436.jpg","name":"DSC04436.jpg","meta":{"brizy_attachment_uid":"wp-57b52acf53e9ea10b23ef558764f4991.jpg","brizy_post_uid":["ce9a8ad09d657f301339517ef4bd8544"]}},{"id":2902,"url":"https:\/\/dentamarla.com\/wp-content\/uploads\/2021\/10\/DSC01424.jpg","name":"DSC01424.jpg","meta":{"brizy_attachment_uid":"wp-557c4d01d7f69819e4589c1e6abb91d9.jpg","brizy_post_uid":["ce9a8ad09d657f301339517ef4bd8544","a87c9b64e2042ec0b37377d662b840fd","b8afa58d18da5b4ef4104a2cd7485a18"]}},{"id":980,"url":"https:\/\/dentamarla.com\/wp-content\/uploads\/brizy\/962\/assets\/images\/wp-d9d76e1cc0c9e5cb10d22117854c7d27.jpg","name":"wp-d9d76e1cc0c9e5cb10d22117854c7d27.jpg","meta":{"brizy_attachment_uid":"wp-eb12a609512484b23c74c650b66c854e.jpg","brizy_post_uid":["ce9a8ad09d657f301339517ef4bd8544","dcbf8db1e7e5748fc5045486ddc4398f"]}},{"id":2930,"url":"https:\/\/dentamarla.com\/wp-content\/uploads\/2021\/10\/DSC04453.jpg","name":"DSC04453.jpg","meta":{"brizy_attachment_uid":"wp-5fd1ac0a044ebc12724a96350a2fab08.jpg","brizy_post_uid":["ce9a8ad09d657f301339517ef4bd8544"]}},{"id":6344,"url":"https:\/\/dentamarla.com\/wp-content\/uploads\/2022\/03\/a254860582_588203065725516_2530959203149407639_n.jpg","name":"a254860582_588203065725516_2530959203149407639_n.jpg","meta":{"brizy_attachment_uid":"wp-e571b114842ed3b2f0b95ab9a517f010.jpg","brizy_post_uid":["664f7ccac5e9581664027577cdcfd90a","38b193a9cbb445b157bbb2d3f1067f4d","ce9a8ad09d657f301339517ef4bd8544"]}},{"id":10942,"url":"https:\/\/dentamarla.com\/wp-content\/uploads\/2024\/11\/VLN-5328.jpg","name":"VLN-5328.jpg","meta":{"brizy_attachment_uid":"wp-39d25914f7b758c7636aa3845533242b.jpg","brizy_post_uid":["e57560e53bfa8a397cb86ef3065cf453","ce9a8ad09d657f301339517ef4bd8544"]}},{"id":10479,"url":"https:\/\/dentamarla.com\/wp-content\/uploads\/2023\/12\/Component-5-\u2013-1-1.png","name":"Component-5-\u2013-1-1.png","meta":{"brizy_attachment_uid":"wp-c2c93df928c87703778f105b23d7a847.png","brizy_post_uid":["38b193a9cbb445b157bbb2d3f1067f4d","ce9a8ad09d657f301339517ef4bd8544"]}},{"id":11368,"url":"https:\/\/dentamarla.com\/wp-content\/uploads\/2023\/12\/Component-5-\u2013-1.png","name":"Component-5-\u2013-1.png","meta":{"brizy_attachment_uid":"wp-36ed042c50e35a7bfc1f10b355014f51.png","brizy_post_uid":["ce9a8ad09d657f301339517ef4bd8544"]}},{"id":10946,"url":"https:\/\/dentamarla.com\/wp-content\/uploads\/2024\/11\/VLN-5328.jpg","name":"VLN-5328.jpg","meta":{"brizy_attachment_uid":"wp-7d5cea71de17ca12cfabcb59a1584cb0.jpg","brizy_post_uid":["ce9a8ad09d657f301339517ef4bd8544"]}}],"_links":{"self":[{"href":"https:\/\/dentamarla.com\/tr\/wp-json\/wp\/v2\/pages\/10650","targetHints":{"allow":["GET"]}}],"collection":[{"href":"https:\/\/dentamarla.com\/tr\/wp-json\/wp\/v2\/pages"}],"about":[{"href":"https:\/\/dentamarla.com\/tr\/wp-json\/wp\/v2\/types\/page"}],"author":[{"embeddable":true,"href":"https:\/\/dentamarla.com\/tr\/wp-json\/wp\/v2\/users\/1"}],"replies":[{"embeddable":true,"href":"https:\/\/dentamarla.com\/tr\/wp-json\/wp\/v2\/comments?post=10650"}],"version-history":[{"count":3,"href":"https:\/\/dentamarla.com\/tr\/wp-json\/wp\/v2\/pages\/10650\/revisions"}],"predecessor-version":[{"id":11398,"href":"https:\/\/dentamarla.com\/tr\/wp-json\/wp\/v2\/pages\/10650\/revisions\/11398"}],"wp:attachment":[{"href":"https:\/\/dentamarla.com\/tr\/wp-json\/wp\/v2\/media?parent=10650"}],"curies":[{"name":"wp","href":"https:\/\/api.w.org\/{rel}","templated":true}]}}