{"id":10648,"date":"2021-10-08T08:28:54","date_gmt":"2021-10-08T05:28:54","guid":{"rendered":"https:\/\/dentamarla.com\/contact-us\/"},"modified":"2026-01-26T15:51:02","modified_gmt":"2026-01-26T12:51:02","slug":"contact-us","status":"publish","type":"page","link":"https:\/\/dentamarla.com\/tr\/contact-us\/","title":{"rendered":"\u0130leti\u015fim"},"content":{"rendered":"<div class=\"brz brz-root__container brz-reset-all brz-root__container-page\">\n<section id=\"qshkvyfrbsomrmwikzvdrqvazubttdjgidxq_qshkvyfrbsomrmwikzvdrqvazubttdjgidxq\" class=\"brz-section brz-css-a4ycei brz-css-1h1p36r\">\n<div class=\"brz-section__content brz-section--boxed brz-css-1cyk5tr brz-css-4vtush\" data-brz-custom-id=\"umtfcbyuqkhrfgmxaxnfvdvrmmhxaebeqojl\">\n<div class=\"brz-container brz-css-1mv2e9l brz-css-wo7pvs\">\n<div class=\"brz-row__container brz-css-19pm5ts brz-css-1aicn63\" data-brz-custom-id=\"zmmevhxmxpobgrkttoogmkmofijedzlrfyek\">\n<div class=\"brz-row brz-css-1m73s72 brz-css-xrgfh brz-css-1eurg2k\">\n<div class=\"brz-columns brz-css-rcuka3 brz-css-ajd5eg\" data-brz-custom-id=\"fmlhbjratsvhlapbmpdjpggihclhjvkkyknc\">\n<div class=\"brz-column__items brz-css-1gmd9a3 brz-css-xd6fc\">\n<div class=\"brz-row__container brz-css-19pm5ts brz-css-1nr8psw\" data-brz-custom-id=\"ulzevzeqqhoocncbrclnbmwtszcyfowzmtuz\">\n<div class=\"brz-row brz-row--inner brz-css-1m73s72 brz-css-xrgfh brz-css-urltdh\">\n<div data-brz-iteration-count=\"1\" class=\"brz-columns brz-css-rcuka3 brz-css-llh83z brz-animated brz-css-1a6vml5 brz-css-1u1mcvm\" data-brz-custom-id=\"vnujnncjxunxermtjgpsazvcaumjgzdowbai\">\n<div class=\"brz-column__items brz-css-1gmd9a3 brz-css-1pyue2h\">\n<div id=\"\" data-brz-iteration-count=\"1\" class=\"brz-css-o2wj75 brz-css-3xggwd brz-wrapper brz-animated brz-css-1pbyfjm brz-css-1f8mihh\" data-animationid=\"hcawgxgguxpxaxgxcbnrcpuekzowapgizrhw\">\n<div class=\"brz-rich-text brz-rich-text__custom brz-css-1jireyx brz-css-1h0b1dq\" data-brz-custom-id=\"qgpbhbfjstdqrihvbmabhmoznonsvpzinrbd\">\n<div data-brz-translate-text=\"1\">\n<h2 class=\"brz-lh-sm-1_2 brz-lh-xs-1_3 brz-fs-sm-42 brz-fs-xs-40 brz-fw-sm-700 brz-fw-xs-700 brz-ls-sm-2 brz-ls-xs-2 brz-ff-tjrspiydimfqzfsgfkeiiqxasaislwennyfh brz-ft-upload brz-fs-lg-48 brz-fss-lg-px brz-fw-lg-700 brz-ls-lg-0_5 brz-lh-lg-1_3 brz-tp-lg-empty brz-css-opjvu\" data-uniq-id=\"qzN06\" data-generated-css=\"brz-css-acz_9\">Denta Marla <\/h2>\n<h2 class=\"brz-lh-sm-1_2 brz-lh-xs-1_3 brz-fs-sm-42 brz-fs-xs-40 brz-fw-sm-700 brz-fw-xs-700 brz-ls-sm-2 brz-ls-xs-2 brz-ff-tjrspiydimfqzfsgfkeiiqxasaislwennyfh brz-ft-upload brz-fs-lg-48 brz-fss-lg-px brz-fw-lg-700 brz-ls-lg-0_5 brz-lh-lg-1_3 brz-tp-lg-empty brz-css-hM3sC\" data-uniq-id=\"qzN06\" data-generated-css=\"brz-css-acz_9\">Antalya Di\u015f Hekimli\u011fi<\/h2>\n<\/div>\n<\/div>\n<\/div>\n<div id=\"\" data-brz-iteration-count=\"1\" class=\"brz-css-o2wj75 brz-css-1cmxgio brz-wrapper brz-animated brz-css-15ykex8 brz-css-5o1j1c\" data-animationid=\"jakkztotyukqvxcmtiqivqwsozuseppuqldy\">\n<div class=\"brz-rich-text brz-rich-text__custom brz-css-1jireyx brz-css-10li6v\" data-brz-custom-id=\"mvrspcewsfplwmjqcltfwluvwhjvwwiswwht\">\n<div data-brz-translate-text=\"1\">\n<p class=\"brz-tp-lg-empty brz-lh-lg-1_9 brz-ls-lg-0 brz-fw-lg-500 brz-fss-lg-px brz-fs-lg-16 brz-ft-upload brz-ff-ccheqdchrszlnaenoxzxnbxvvyccrllwmftb brz-ls-xs-0 brz-ls-sm-0 brz-fs-xs-15 brz-fs-sm-15 brz-lh-xs-1_6 brz-lh-sm-1_6 brz-fw-sm-500 brz-fw-xs-500 brz-css-nSAC5\" data-uniq-id=\"f0C7M\" data-generated-css=\"brz-css-on5h0\"><span>Kaliteli tedavi, protez ve di\u015f implantasyonunu en \u00fcst d\u00fczeyde hizmet sunmaya kararl\u0131y\u0131z. Rutin temizlik ve muayenelerden di\u015f \u00e7ekimlerine, k\u00f6pr\u00fclerden protezlere, implantlardan estetik di\u015flere kadar geni\u015f bir yelpazede di\u015f hekimli\u011fi hizmetleri i\u00e7in bizimle ileti\u015fime ge\u00e7ebilirsiniz.<\/span><\/p>\n<\/div>\n<\/div>\n<\/div>\n<div id=\"\" class=\"brz-css-o2wj75 brz-css-7qgcbd brz-css-q4vw3o brz-wrapper\">\n<div class=\"brz-spacer brz-css-11eps92 brz-css-sw1udi\"><\/div>\n<\/div>\n<div data-brz-iteration-count=\"1\" class=\"brz-wrapper-clone brz-flex-xs-wrap brz-css-12n7bwq brz-css-1cupu6x brz-animated brz-css-15vrqau brz-css-1uqq7it\" data-animationid=\"zrclpcpnzswfxrbubsdikywitgkamysorxgy\" data-brz-custom-id=\"zrclpcpnzswfxrbubsdikywitgkamysorxgy\"><a class=\"brz-a brz-btn brz-css-1hmqnh2 brz-css-19d5zoq brz-css-1w7urnn brz-css-whpyy8\" href=\"tel:+905464544343\" target=\"_blank\" rel=\"noopener noreferrer\" data-brz-link-type=\"external\" data-brz-custom-id=\"lcgweuejjfndlzwqutqxhvotjrcfvyqmxnih\"><span data-brz-translate-text=\"1\" class=\"brz-span brz-text__editor\">Hemen Randevu Al\u0131n!<\/span><\/a><\/div>\n<\/div>\n<\/div>\n<\/div>\n<\/div>\n<div id=\"\" class=\"brz-css-o2wj75 brz-css-7qgcbd brz-css-1w39xwj brz-wrapper\">\n<div class=\"brz-spacer brz-css-11eps92 brz-css-172uo4l\"><\/div>\n<\/div>\n<div class=\"brz-row__container brz-css-19pm5ts brz-css-fvczm3\" data-brz-custom-id=\"ubbxkdvyhmnszequnakevfmwqvfvypeguuwo\">\n<div class=\"brz-row brz-row--inner brz-css-1m73s72 brz-css-xrgfh brz-css-180ybpi\">\n<div data-brz-iteration-count=\"1\" class=\"brz-columns brz-css-rcuka3 brz-css-1a3gfyf brz-animated brz-css-1i133ox brz-css-1wf0dbo\" data-brz-custom-id=\"yieahnhkwmlakuglgvqlsrwhzlmodzwcurjz\">\n<div class=\"brz-bg\"><\/div>\n<div class=\"brz-column__items brz-css-1gmd9a3 brz-css-g23acg\">\n<div id=\"\" data-brz-iteration-count=\"1\" class=\"brz-css-o2wj75 brz-css-1ei3of3 brz-wrapper brz-animated brz-css-15ykex8 brz-css-1b4tvj9\" data-animationid=\"ecclctupjdhkovlwwegetnhxisjesxnjfazt\">\n<div class=\"brz-icon-text brz-css-19uh0ah brz-css-13tcivz\" data-brz-custom-id=\"jjxyhgprykzifyrhpwcnyhlilqslqjvxwbyn\">\n<div class=\"brz-icon__container\" data-brz-custom-id=\"jhftdhnjqbwajxzqqzkthgvimzgzkammypus\"><span class=\"brz-icon brz-span brz-css-1orwuac brz-css-11kgnii\"><\/span><\/div>\n<div class=\"brz-text-btn\">\n<div class=\"brz-rich-text brz-rich-text__custom brz-css-1jireyx brz-css-15gfpt2\" data-brz-custom-id=\"fjmfglazenyvcijjicnzpfglmgvjhzqfulln\">\n<div data-brz-translate-text=\"1\">\n<h6 class=\"brz-tp-lg-empty brz-lh-lg-1_9 brz-ls-lg-0 brz-fw-lg-400 brz-fss-lg-px brz-fs-lg-16 brz-ft-upload brz-ff-ccheqdchrszlnaenoxzxnbxvvyccrllwmftb brz-fw-xs-700 brz-fw-sm-700 brz-ls-xs-0 brz-ls-sm-0 brz-fs-xs-16 brz-fs-sm-16 brz-lh-xs-1_5 brz-lh-sm-1_5 brz-css-uAG77\" data-uniq-id=\"yA_Pl\" data-generated-css=\"brz-css-bN8X5\"><strong>TELEFON<\/strong><\/h6>\n<p class=\"brz-tp-lg-empty brz-lh-lg-1_9 brz-ls-lg-0 brz-fw-lg-400 brz-fss-lg-px brz-fs-lg-16 brz-ft-upload brz-ff-ccheqdchrszlnaenoxzxnbxvvyccrllwmftb brz-fw-xs-400 brz-fw-sm-400 brz-ls-xs-0 brz-ls-sm-0 brz-fs-xs-15 brz-fs-sm-15 brz-lh-xs-1_6 brz-lh-sm-1_6 brz-css-msonM\" data-uniq-id=\"iRvRD\" data-generated-css=\"brz-css-lIYBo\">+90&nbsp;546 454 43 43<\/p>\n<\/div>\n<\/div>\n<\/div>\n<\/div>\n<\/div>\n<div id=\"\" data-brz-iteration-count=\"1\" class=\"brz-css-o2wj75 brz-css-1eabgy3 brz-wrapper brz-animated brz-css-1xtjgwf brz-css-623tvv\" data-animationid=\"htzytcihwhxauaijltiziwalkvvpcakupczm\">\n<div class=\"brz-icon-text brz-css-19uh0ah brz-css-1y0zqpq\" data-brz-custom-id=\"orrtbpaxrgclchxgafflathmrqthwdppchmh\">\n<div class=\"brz-icon__container\" data-brz-custom-id=\"dhlpvwthsyfazjssuqwxhludlwvbjdusucpj\"><span class=\"brz-icon brz-span brz-css-1orwuac brz-css-xaggsc\"><\/span><\/div>\n<div class=\"brz-text-btn\">\n<div class=\"brz-rich-text brz-rich-text__custom brz-css-1jireyx brz-css-1x0nbx6\" data-brz-custom-id=\"laalderxfnnppopeccphedxjqsmqoulowdlc\">\n<div data-brz-translate-text=\"1\">\n<h6 class=\"brz-tp-lg-empty brz-lh-lg-1_9 brz-ls-lg-0 brz-fw-lg-400 brz-fss-lg-px brz-fs-lg-16 brz-ft-upload brz-ff-ccheqdchrszlnaenoxzxnbxvvyccrllwmftb brz-lh-sm-1_5 brz-lh-xs-1_5 brz-fs-sm-16 brz-fs-xs-16 brz-ls-sm-0 brz-ls-xs-0 brz-fw-sm-700 brz-fw-xs-700 brz-css-eemXn\" data-uniq-id=\"oGh0F\" data-generated-css=\"brz-css-ugrxy\"><strong>E-POSTA<\/strong><\/h6>\n<p class=\"brz-tp-lg-empty brz-lh-lg-1_9 brz-ls-lg-0 brz-fw-lg-400 brz-fss-lg-px brz-fs-lg-16 brz-ft-upload brz-ff-ccheqdchrszlnaenoxzxnbxvvyccrllwmftb brz-lh-sm-1_6 brz-lh-xs-1_6 brz-fs-sm-15 brz-fs-xs-15 brz-ls-sm-0 brz-ls-xs-0 brz-fw-sm-400 brz-fw-xs-400 brz-css-vPPJF\" data-uniq-id=\"hDpd7\" data-generated-css=\"brz-css-odbfF\">info@dentamarla.com<\/p>\n<\/div>\n<\/div>\n<\/div>\n<\/div>\n<\/div>\n<div id=\"\" data-brz-iteration-count=\"1\" class=\"brz-css-o2wj75 brz-css-tdvzfg brz-wrapper brz-animated brz-css-4cz0tg brz-css-v9dvzd\" data-animationid=\"bvrxpxronvnjocebtktpgteynnfzawarlovk\">\n<div class=\"brz-icon-text brz-css-19uh0ah brz-css-1c7eisq\" data-brz-custom-id=\"phhlkbfkkaiywvolbosmcuyypqztpaonyktl\">\n<div class=\"brz-icon__container\" data-brz-custom-id=\"okgklksarzqlmwphovbjpmiyjwvlpltlczqc\"><span class=\"brz-icon brz-span brz-css-1orwuac brz-css-1x9qn31\"><\/span><\/div>\n<div class=\"brz-text-btn\">\n<div class=\"brz-rich-text brz-rich-text__custom brz-css-1jireyx brz-css-syd1rt\" data-brz-custom-id=\"afmcgvgfmygsyaxdcavqwehvttqbbfvxvctf\">\n<div data-brz-translate-text=\"1\">\n<h6 class=\"brz-lh-sm-1_5 brz-lh-xs-1_5 brz-fs-sm-16 brz-fs-xs-16 brz-ls-sm-0 brz-ls-xs-0 brz-fw-sm-700 brz-fw-xs-700 brz-ff-ccheqdchrszlnaenoxzxnbxvvyccrllwmftb brz-ft-upload brz-fs-lg-16 brz-fss-lg-px brz-fw-lg-400 brz-ls-lg-0 brz-lh-lg-1_9 brz-tp-lg-empty brz-css-mHAqc\" data-generated-css=\"brz-css-h6Efi\" data-uniq-id=\"wxPhq\"><strong>ADRES<\/strong><\/h6>\n<p class=\"brz-lh-sm-1_6 brz-lh-xs-1_6 brz-fs-sm-15 brz-fs-xs-15 brz-ls-sm-0 brz-ls-xs-0 brz-fw-sm-400 brz-fw-xs-400 brz-ff-ccheqdchrszlnaenoxzxnbxvvyccrllwmftb brz-ft-upload brz-fs-lg-16 brz-fss-lg-px brz-fw-lg-400 brz-ls-lg-0 brz-lh-lg-1_9 brz-tp-lg-empty brz-css-v_QAa\" data-generated-css=\"brz-css-paWJb\" data-uniq-id=\"wlMHK\"><span class=\"brz-cp-color7\">G\u00fczeloba Mahallesi Rauf Denkta\u015f Bulvar\u0131 No : 68\/A Denta Marla A\u011f\u0131z ve Di\u015f Sa\u011fl\u0131\u011f\u0131 Poliklini\u011fi<\/span><\/p>\n<p class=\"brz-lh-sm-1_6 brz-lh-xs-1_6 brz-fs-sm-15 brz-fs-xs-15 brz-ls-sm-0 brz-ls-xs-0 brz-fw-sm-400 brz-fw-xs-400 brz-ff-ccheqdchrszlnaenoxzxnbxvvyccrllwmftb brz-ft-upload brz-fs-lg-16 brz-fss-lg-px brz-fw-lg-400 brz-ls-lg-0 brz-lh-lg-1_9 brz-tp-lg-empty brz-css-i4wAC\" data-generated-css=\"brz-css-paWJb\" data-uniq-id=\"wlMHK\"><span class=\"brz-cp-color7\">Muratpa\u015fa\/Antalya<\/span><\/p>\n<\/div>\n<\/div>\n<\/div>\n<\/div>\n<\/div>\n<\/div>\n<\/div>\n<\/div>\n<\/div>\n<\/div>\n<\/div>\n<div data-brz-iteration-count=\"1\" class=\"brz-columns brz-css-rcuka3 brz-css-riorwm brz-animated brz-css-1a6vml5 brz-css-1gd09pj\" data-brz-custom-id=\"zslvctnbbhjjmlbyelpsxdvenscuzwfsigyi\">\n<div class=\"brz-column__items brz-css-1gmd9a3 brz-css-18masra\">\n<div id=\"\" data-brz-iteration-count=\"1\" class=\"brz-css-o2wj75 brz-css-1986ovv brz-wrapper brz-animated brz-css-fwvxc2 brz-css-1n27zhs\" data-animationid=\"autddoeqhotijurspesjiglmzmuysqadltud\">\n<div class=\"brz-map brz-map_styles brz-css-1g02nqf brz-css-oic71m\" data-brz-custom-id=\"etelvtbmuohfmoskkupflnkcdvzmnulbrjvf\">\n<div class=\"brz-ui-ed-map-content\"><\/div>\n<\/div>\n<\/div>\n<div id=\"\" class=\"brz-css-o2wj75 brz-css-7qgcbd brz-css-1id21by brz-wrapper\">\n<div class=\"brz-spacer brz-css-11eps92 brz-css-16uqud9\"><\/div>\n<\/div>\n<div id=\"\" data-brz-iteration-count=\"1\" class=\"brz-css-o2wj75 brz-css-yydajd brz-wrapper brz-animated brz-css-5qrvq4 brz-css-7c3bwe\" data-animationid=\"gipwftatdrzmqpaufnqtmpyhwpdzkvygddlm\">\n<div class=\"brz-rich-text brz-rich-text__custom brz-css-1jireyx brz-css-1bv1z2b\" data-brz-custom-id=\"ldflofiwwbipwjwaszwebidmrehvozfnegho\">\n<div data-brz-translate-text=\"1\">\n<p class=\"brz-tp-lg-empty brz-lh-lg-1_9 brz-ls-lg-0_5 brz-fw-lg-600 brz-fss-lg-px brz-fs-lg-16 brz-ft-upload brz-ff-ccheqdchrszlnaenoxzxnbxvvyccrllwmftb brz-ls-xs-1 brz-ls-sm-1 brz-fs-xs-16 brz-fs-sm-16 brz-lh-xs-1_6 brz-lh-sm-1_6 brz-text-sm-center brz-text-xs-center brz-fw-sm-600 brz-fw-xs-600 brz-css-t5rWM\" data-uniq-id=\"wqmC3\" data-generated-css=\"brz-css-wvNRl\"><span>Bizi takip edebilir veya di\u011fer ileti\u015fim kanallar\u0131m\u0131zdan bizimle ileti\u015fime ge\u00e7ebilirsiniz.<\/span><\/p>\n<\/div>\n<\/div>\n<\/div>\n<div data-brz-iteration-count=\"1\" class=\"brz-wrapper-clone brz-flex-xs-wrap brz-css-12n7bwq brz-css-1tfk8dq brz-animated brz-css-1i5m69w brz-css-1a6te03\" data-animationid=\"oszpghljqcxrzrehvppweqfnrbpbaxjiymas\" data-brz-custom-id=\"oszpghljqcxrzrehvppweqfnrbpbaxjiymas\">\n<div class=\"brz-icon__container\" data-brz-custom-id=\"jnnftmwoeakekzijchkeoimmwtxjeiiyyfov\"><a class=\"brz-a\" href=\"https:\/\/www.facebook.com\/dentamarlaturkey\/\" target=\"_blank\" rel=\"noopener noreferrer\" data-brz-link-type=\"external\"><span class=\"brz-icon brz-span brz-css-1orwuac brz-css-11602h9\"><\/span><\/a><\/div>\n<div class=\"brz-icon__container\" data-brz-custom-id=\"bkesebollgvsuewukhooslazphqogzsodlbv\"><a class=\"brz-a\" href=\"https:\/\/www.instagram.com\/dentamarlaturkey\/\" target=\"_blank\" rel=\"noopener noreferrer\" data-brz-link-type=\"external\"><span class=\"brz-icon brz-span brz-css-1orwuac brz-css-1eafof9\"><\/span><\/a><\/div>\n<div class=\"brz-icon__container\" data-brz-custom-id=\"dfqcfcrmumalxqtigoyxcbykmvzullmheohm\"><a class=\"brz-a\" href=\"https:\/\/www.youtube.com\/channel\/UCQaBn4JIEdVC2J1ihlLpIcA\" target=\"_blank\" rel=\"noopener noreferrer\" data-brz-link-type=\"external\"><span class=\"brz-icon brz-span brz-css-1orwuac brz-css-1o6quoh\"><\/span><\/a><\/div>\n<div class=\"brz-icon__container\" data-brz-custom-id=\"nlawbporpkhcfegskdasdakfbebsaetbmwge\"><a class=\"brz-a\" href=\"mailto:info@dentamarla.com\" target=\"_blank\" rel=\"noopener noreferrer\" data-brz-link-type=\"external\"><span class=\"brz-icon brz-span brz-css-1orwuac brz-css-oordjt\"><\/span><\/a><\/div>\n<div class=\"brz-icon__container\" data-brz-custom-id=\"ncvibixbxvxbycikcmktjztyljxslkaqprtx\"><a class=\"brz-a\" href=\"https:\/\/api.whatsapp.com\/send?phone=905464544343&amp;text=Hi%20there%2C%20I%20would%20like%20to%20request%20a%20suitable%20plan%20for%20treatment.%20Can%20you%20please%20provide%20me%20with%20details%3F\" target=\"_blank\" rel=\"noopener noreferrer\" data-brz-link-type=\"external\"><span class=\"brz-icon brz-span brz-css-1orwuac brz-css-1wqi2pg\"><\/span><\/a><\/div>\n<\/div>\n<\/div>\n<\/div>\n<\/div>\n<\/div>\n<\/div>\n<\/div>\n<\/section><\/div>\n<p><!-- version:1759243890 --><\/p>\n","protected":false},"excerpt":{"rendered":"<p>Denta Marla Antalya Di\u015f Hekimli\u011fi Kaliteli tedavi, protez ve di\u015f implantasyonunu en \u00fcst d\u00fczeyde hizmet sunmaya kararl\u0131y\u0131z. Rutin temizlik ve muayenelerden di\u015f \u00e7ekimlerine, k\u00f6pr\u00fclerden protezlere, implantlardan estetik di\u015flere kadar geni\u015f bir yelpazede di\u015f hekimli\u011fi hizmetleri i\u00e7in bizimle ileti\u015fime ge\u00e7ebilirsiniz. Hemen Randevu Al\u0131n! TELEFON +90&nbsp;546 454 43 43 E-POSTA info@dentamarla.com ADRES G\u00fczeloba Mahallesi Rauf Denkta\u015f Bulvar\u0131 [&hellip;]<\/p>\n","protected":false},"author":1,"featured_media":0,"parent":0,"menu_order":0,"comment_status":"closed","ping_status":"closed","template":"","meta":{"footnotes":""},"class_list":["post-10648","page","type-page","status-publish","hentry"],"blocksy_meta":{"styles_descriptor":{"styles":{"desktop":"","tablet":"","mobile":""},"google_fonts":[],"version":6}},"brizy_media":[],"_links":{"self":[{"href":"https:\/\/dentamarla.com\/tr\/wp-json\/wp\/v2\/pages\/10648","targetHints":{"allow":["GET"]}}],"collection":[{"href":"https:\/\/dentamarla.com\/tr\/wp-json\/wp\/v2\/pages"}],"about":[{"href":"https:\/\/dentamarla.com\/tr\/wp-json\/wp\/v2\/types\/page"}],"author":[{"embeddable":true,"href":"https:\/\/dentamarla.com\/tr\/wp-json\/wp\/v2\/users\/1"}],"replies":[{"embeddable":true,"href":"https:\/\/dentamarla.com\/tr\/wp-json\/wp\/v2\/comments?post=10648"}],"version-history":[{"count":2,"href":"https:\/\/dentamarla.com\/tr\/wp-json\/wp\/v2\/pages\/10648\/revisions"}],"predecessor-version":[{"id":11575,"href":"https:\/\/dentamarla.com\/tr\/wp-json\/wp\/v2\/pages\/10648\/revisions\/11575"}],"wp:attachment":[{"href":"https:\/\/dentamarla.com\/tr\/wp-json\/wp\/v2\/media?parent=10648"}],"curies":[{"name":"wp","href":"https:\/\/api.w.org\/{rel}","templated":true}]}}