{"id":10643,"date":"2021-10-08T08:29:43","date_gmt":"2021-10-08T05:29:43","guid":{"rendered":"https:\/\/dentamarla.com\/homepage\/"},"modified":"2026-01-25T14:30:09","modified_gmt":"2026-01-25T11:30:09","slug":"homepage","status":"publish","type":"page","link":"https:\/\/dentamarla.com\/tr\/","title":{"rendered":"Ana Sayfa"},"content":{"rendered":"<div class=\"brz-root__container brz-reset-all brz brz-root__container-page\">\n<section id=\"denta-marla-header\" class=\"brz-section denta-header brz-css-3rdzg8 brz-css-1ry80tr\">\n<div class=\"brz-section__content brz-section--boxed brz-css-3kf5gz brz-css-1kzmmi2\" data-brz-custom-id=\"pkfxggtgqkyomspnrakdrbfyldkirtxcotaq\">\n<div class=\"brz-bg\">\n<div class=\"brz-bg-image\"><\/div>\n<div data-type=\"youtube\" data-key=\"772865660\" data-loop=\"true\" data-start=\"0\" class=\"brz-bg-video\"><\/div>\n<div class=\"brz-bg-color\"><\/div>\n<\/div>\n<div class=\"brz-container brz-css-ehw47c\">\n<div class=\"brz-row__container brz-css-1tptorn brz-css-1ijoj9x\" data-brz-custom-id=\"ebqtlduvbeixkjiceccbcpzchdbrgmybybev\">\n<div class=\"brz-bg\"><\/div>\n<div class=\"brz-row brz-css-1ek3l79 brz-css-19qppj8\">\n<div class=\"brz-columns brz-css-1ftmsk9 brz-css-wabv4e\" data-brz-custom-id=\"achwojewbwyqpymdfyxvpgwnlulmhlwgrbod\">\n<div class=\"brz-bg\"><\/div>\n<div class=\"brz-column__items brz-css-13y56zg brz-css-14iaxyg\">\n<div id=\"\" class=\"brz-css-1kbnu7m brz-css-orpi9z brz-wrapper\">\n<div class=\"brz-spacer brz-css-1xvg8jo brz-css-1lh0sy9\"><\/div>\n<\/div>\n<div id=\"\" data-brz-iteration-count=\"1\" class=\"brz-css-1kbnu7m brz-wrapper brz-animated brz-css-1concon brz-css-1driuje\" data-animationid=\"fsnadfconfqdyyvvftqkbmqhkrhmmowmuysu\">\n<div class=\"brz-rich-text brz-rich-text__custom brz-css-1doj0bo\" data-brz-custom-id=\"gciafqsuaqltbcayyheyymfilzogltvjotcy\">\n<div data-brz-translate-text=\"1\">\n<p class=\"brz-mb-xs-0 brz-mt-xs-30 brz-text-lg-left brz-lh-sm-1_5 brz-lh-xs-1_5 brz-ls-sm-1 brz-ls-xs-1 brz-fs-sm-12 brz-fs-xs-12 brz-fw-sm-800 brz-fw-xs-800 brz-ff-ccheqdchrszlnaenoxzxnbxvvyccrllwmftb brz-ft-upload brz-fs-lg-12 brz-fss-lg-px brz-fw-lg-800 brz-ls-lg-1_1 brz-lh-lg-1_5 brz-tp-lg-empty brz-css-mUUjs\" data-generated-css=\"brz-css-s2H27\" data-uniq-id=\"vNAR8\"><strong>DENTA MARLA &#8211; <\/strong><span> BUT\u0130K VIP D\u0130\u015e KL\u0130N\u0130\u011e\u0130NE HO\u015eGELD\u0130N\u0130Z!<\/span><\/p>\n<\/div>\n<\/div>\n<\/div>\n<div id=\"\" data-brz-iteration-count=\"1\" class=\"brz-css-1kbnu7m brz-wrapper brz-animated brz-css-n71sbq brz-css-1n215i\" data-animationid=\"ynirvchgqwygmrwpxetjrosykaitigtbzska\">\n<div class=\"brz-rich-text brz-rich-text__custom brz-css-1doj0bo\" data-brz-custom-id=\"rlbzbngbitwejaslektlnssdzbvwafjirltp\">\n<div data-brz-translate-text=\"1\">\n<p class=\"brz-fs-xs-44 brz-tp-xs-empty brz-lh-xs-1_4 brz-ls-xs-0 brz-fw-xs-400 brz-fss-xs-px brz-fs-sm-68 brz-fw-sm-400 brz-ls-sm-0 brz-lh-sm-1 brz-text-lg-left brz-ff-tjrspiydimfqzfsgfkeiiqxasaislwennyfh brz-ft-upload brz-fs-lg-68 brz-fss-lg-px brz-fw-lg-400 brz-ls-lg-m_0_5 brz-lh-lg-1_3 brz-tp-lg-empty brz-css-hNqvS\" data-generated-css=\"brz-css-wI6bg\" data-uniq-id=\"b3ihO\"><span>Mutlu ve sa\u011fl\u0131kl\u0131 bir g\u00fcl\u00fcmseme i\u00e7in!<\/span><\/p>\n<\/div>\n<\/div>\n<\/div>\n<div id=\"\" data-brz-iteration-count=\"1\" class=\"brz-css-1kbnu7m brz-wrapper brz-animated brz-css-n71sbq brz-css-1h7vg2f\" data-animationid=\"gdthnpyxhoqkzqvluexkuytuvikjxkckimda\">\n<div class=\"brz-rich-text brz-rich-text__custom brz-css-1doj0bo\" data-brz-custom-id=\"siunxhaslfgwpyxzvgwjyerjduktnctgyosj\">\n<div data-brz-translate-text=\"1\">\n<p class=\"brz-fs-xs-20 brz-tp-xs-empty brz-lh-xs-1_4 brz-ls-xs-0 brz-fw-xs-500 brz-fss-xs-px brz-lh-sm-1_4 brz-fs-sm-18 brz-fw-sm-500 brz-ls-sm-0 brz-text-lg-left brz-ff-ccheqdchrszlnaenoxzxnbxvvyccrllwmftb brz-ft-upload brz-fs-lg-18 brz-fss-lg-px brz-fw-lg-500 brz-ls-lg-0 brz-lh-lg-1_7 brz-tp-lg-empty brz-css-o3A8L\" data-generated-css=\"brz-css-z6OUn\" data-uniq-id=\"bPUFa\"><span>Y\u00fcksek kaliteli di\u015f bak\u0131m\u0131 i\u00e7in Denta Marla&#8217;y\u0131 se\u00e7in. Zirkonyum ve Emax, klini\u011fimizde kulland\u0131\u011f\u0131m\u0131z en \u00fcst d\u00fczey malzemelerdir. Klini\u011fimizde sadece Straumann ve Astra Tech implantlar\u0131 kullan\u0131lmaktad\u0131r. <\/span><\/p>\n<\/div>\n<\/div>\n<\/div>\n<div id=\"\" class=\"brz-css-1kbnu7m brz-css-orpi9z brz-wrapper\">\n<div class=\"brz-spacer brz-css-1xvg8jo brz-css-3oanw8\"><\/div>\n<\/div>\n<div data-brz-iteration-count=\"1\" class=\"brz-wrapper-clone brz-css-63uch3 brz-css-1g5vsoo brz-animated brz-css-1kpvvdn brz-css-1soplli\" data-animationid=\"pvcwxsdckpmyrazgpsqvltdzidwvkwavktqf\">\n<div class=\"brz-d-xs-flex brz-flex-xs-wrap brz-css-qui7ro brz-css-m0a754\" data-brz-custom-id=\"\">\n<div class=\"brz-wrapper-clone__item\" id=\"fxazqbpdqkwyvgjbjlnphfskoogxwcvidgdv\"><a class=\"brz-a brz-btn brz-css-mnxpeg brz-css-u9ja8n whatsapp-homepage brz-css-1lzhylb brz-css-12kz1bq\" href=\"https:\/\/api.whatsapp.com\/send?phone=905464544343&amp;text=Hi%20there%2C%20I%20would%20like%20to%20request%20a%20suitable%20plan%20for%20treatment.%20Can%20you%20please%20provide%20me%20with%20details%3F\" target=\"_self\" rel=\"noopener\" data-brz-link-type=\"external\" id=\"whatsapp-homepage\" data-brz-custom-id=\"fxazqbpdqkwyvgjbjlnphfskoogxwcvidgdv\"><span data-brz-translate-text=\"1\" class=\"brz-span brz-text__editor\">WHATSAPP&#8217;TAN B\u0130ZE ULA\u015eIN<\/span><\/a><\/div>\n<\/div>\n<\/div>\n<div id=\"\" class=\"brz-css-1kbnu7m brz-css-orpi9z brz-wrapper\">\n<div class=\"brz-spacer brz-css-1xvg8jo brz-css-1iwe7mw\"><\/div>\n<\/div>\n<\/div>\n<\/div>\n<div class=\"brz-columns brz-css-1ftmsk9 brz-css-g5es8w\" data-brz-custom-id=\"shlzlvwpkhhqjwziadmzpfawcjlsrpgwmmvu\">\n<div class=\"brz-bg\"><\/div>\n<div class=\"brz-column__items brz-css-13y56zg brz-css-yxw816\">\n<div id=\"\" class=\"brz-css-1kbnu7m brz-css-orpi9z brz-css-13muhjk brz-wrapper\">\n<div class=\"brz-spacer brz-css-1xvg8jo brz-css-1cv1mrh\"><\/div>\n<\/div>\n<\/div>\n<\/div>\n<\/div>\n<\/div>\n<\/div>\n<\/div>\n<\/section>\n<\/div>\n<p>    <!-- version:1738134320 --><\/p>\n","protected":false},"excerpt":{"rendered":"<p>DENTA MARLA &#8211; BUT\u0130K VIP D\u0130\u015e KL\u0130N\u0130\u011e\u0130NE HO\u015eGELD\u0130N\u0130Z! Mutlu ve sa\u011fl\u0131kl\u0131 bir g\u00fcl\u00fcmseme i\u00e7in! Y\u00fcksek kaliteli di\u015f bak\u0131m\u0131 i\u00e7in Denta Marla&#8217;y\u0131 se\u00e7in. Zirkonyum ve Emax, klini\u011fimizde kulland\u0131\u011f\u0131m\u0131z en \u00fcst d\u00fczey malzemelerdir. Klini\u011fimizde sadece Straumann ve Astra Tech implantlar\u0131 kullan\u0131lmaktad\u0131r. WHATSAPP&#8217;TAN B\u0130ZE ULA\u015eIN<\/p>\n","protected":false},"author":1,"featured_media":0,"parent":0,"menu_order":0,"comment_status":"closed","ping_status":"closed","template":"","meta":{"footnotes":""},"class_list":["post-10643","page","type-page","status-publish","hentry"],"blocksy_meta":{"styles_descriptor":{"styles":{"desktop":"","tablet":"","mobile":""},"google_fonts":[],"version":6},"page_title_panel":"","has_hero_section":"default","8661cd12e6859f985b9f40f838c31b18":"","hero_section":"type-1","hero_elements":[{"id":"custom_title","enabled":true,"heading_tag":"h1","title":"Home"},{"id":"custom_description","enabled":true,"description_visibility":{"desktop":true,"tablet":true,"mobile":false}},{"id":"custom_meta","enabled":false,"meta_elements":[{"id":"author","enabled":true,"label":"By","has_author_avatar":"yes","avatar_size":25},{"id":"post_date","enabled":true,"label":"On","date_format_source":"default","date_format":"M j, Y"},{"id":"updated_date","enabled":false,"label":"On","date_format_source":"default","date_format":"M j, Y"},{"id":"categories","enabled":false,"label":"In","style":"simple"},{"id":"comments","enabled":true}],"page_meta_elements":{"joined":true,"articles_count":true,"comments":true}},{"id":"breadcrumbs","enabled":false}],"5ea6469d99f61810e62e69242eab4769":"","hero_alignment1":"CT_CSS_SKIP_RULE","hero_margin":40,"hero_alignment2":"center","hero_vertical_alignment":"center","5609ff13a2d24fb90b7ec1af1a132c00":"","hero_structure":"narrow","05e26087417cc045aa3f07a1d527437d":"","page_title_bg_type":"featured_image","custom_hero_background":{"attachment_id":null},"page_title_image_size":"full","parallax":{"desktop":false,"tablet":false,"mobile":false},"9a37707afa349dc0af6cd3fdbf77688e":"","hero_height":"250px","pageTitleFont":{"family":"Default","variation":"Default","size":"30px","line-height":"CT_CSS_SKIP_RULE","letter-spacing":"CT_CSS_SKIP_RULE","text-transform":"CT_CSS_SKIP_RULE","text-decoration":"CT_CSS_SKIP_RULE"},"pageTitleFontColor":{"default":{"color":"CT_CSS_SKIP_RULEDEFAULT"}},"pageMetaFont":{"family":"Default","variation":"n6","size":"12px","line-height":"1.3","letter-spacing":"CT_CSS_SKIP_RULE","text-transform":"uppercase","text-decoration":"CT_CSS_SKIP_RULE"},"pageMetaFontColor":{"default":{"color":"CT_CSS_SKIP_RULEDEFAULT"},"hover":{"color":"CT_CSS_SKIP_RULEDEFAULT"}},"page_meta_button_type_font_colors":{"default":{"color":"CT_CSS_SKIP_RULEDEFAULT"},"hover":{"color":"CT_CSS_SKIP_RULEDEFAULT"}},"page_meta_button_type_background_colors":{"default":{"color":"CT_CSS_SKIP_RULEDEFAULT"},"hover":{"color":"CT_CSS_SKIP_RULEDEFAULT"}},"pageExcerptFont":{"family":"Default","variation":"Default","size":"CT_CSS_SKIP_RULE","line-height":"CT_CSS_SKIP_RULE","letter-spacing":"CT_CSS_SKIP_RULE","text-transform":"CT_CSS_SKIP_RULE","text-decoration":"CT_CSS_SKIP_RULE"},"pageExcerptColor":{"default":{"color":"CT_CSS_SKIP_RULEDEFAULT"}},"breadcrumbsFont":{"family":"Default","variation":"Default","size":"CT_CSS_SKIP_RULE","line-height":"CT_CSS_SKIP_RULE","letter-spacing":"CT_CSS_SKIP_RULE","text-transform":"CT_CSS_SKIP_RULE","text-decoration":"CT_CSS_SKIP_RULE"},"breadcrumbsFontColor":{"default":{"color":"CT_CSS_SKIP_RULEDEFAULT"},"initial":{"color":"CT_CSS_SKIP_RULEDEFAULT"},"hover":{"color":"CT_CSS_SKIP_RULEDEFAULT"}},"pageTitleOverlay":{"background_type":"color","background_pattern":"type-1","background_image":{"attachment_id":null,"x":0,"y":0},"gradient":"linear-gradient(135deg,rgba(6,147,227,1) 0%,rgb(155,81,224) 100%)","background_repeat":"repeat","background_size":"auto","background_attachment":"scroll","patternColor":{"default":{"color":"#e5e7ea"}},"overlayColor":{"default":{"color":"CT_CSS_SKIP_RULE"}},"backgroundColor":{"default":{"color":"CT_CSS_SKIP_RULE"}}},"pageTitleBackground":{"background_type":"color","background_pattern":"type-1","background_image":{"attachment_id":null,"x":0,"y":0},"gradient":"linear-gradient(135deg,rgba(6,147,227,1) 0%,rgb(155,81,224) 100%)","background_repeat":"repeat","background_size":"auto","background_attachment":"scroll","patternColor":{"default":{"color":"#e5e7ea"}},"overlayColor":{"default":{"color":"CT_CSS_SKIP_RULE"}},"backgroundColor":{"default":{"color":"var(--theme-palette-color-6)"}}},"pageTitlePadding":{"top":"50px","bottom":"50px","left":"auto","right":"auto","linked":true},"373f702e333f94bd88ca4d6916e745a3":"","page_structure_type":"default","00ff336e15e16068385cededeebdb110":"","content_style_source":"inherit","content_style":"wide","vertical_spacing_source":"inherit","content_area_spacing":"both","background":{"background_type":"color","background_pattern":"type-1","background_image":{"attachment_id":null,"x":0,"y":0},"gradient":"linear-gradient(135deg,rgba(6,147,227,1) 0%,rgb(155,81,224) 100%)","background_repeat":"repeat","background_size":"auto","background_attachment":"scroll","patternColor":{"default":{"color":"#e5e7ea"}},"overlayColor":{"default":{"color":"CT_CSS_SKIP_RULE"}},"backgroundColor":{"default":{"color":"CT_CSS_SKIP_RULE"}}},"content_background":{"background_type":"color","background_pattern":"type-1","background_image":{"attachment_id":null,"x":0,"y":0},"gradient":"linear-gradient(135deg,rgba(6,147,227,1) 0%,rgb(155,81,224) 100%)","background_repeat":"repeat","background_size":"auto","background_attachment":"scroll","patternColor":{"default":{"color":"#e5e7ea"}},"overlayColor":{"default":{"color":"CT_CSS_SKIP_RULE"}},"backgroundColor":{"default":{"color":"var(--theme-palette-color-8)"}}},"content_boxed_shadow":{"inherit":false,"blur":18,"spread":-6,"v_offset":12,"h_offset":0,"inset":false,"enable":true,"color":{"color":"rgba(34, 56, 101, 0.04)"}},"content_boxed_border":{"width":1,"style":"none","color":{"color":"rgba(44,62,80,0.2)"}},"content_boxed_radius":{"top":"3px","bottom":"3px","left":"3px","right":"3px","linked":true},"boxed_content_spacing":{"desktop":{"top":"40px","bottom":"40px","left":"40px","right":"40px","linked":true},"tablet":{"top":"35px","bottom":"35px","left":"35px","right":"35px","linked":true},"mobile":{"top":"20px","bottom":"20px","left":"20px","right":"20px","linked":true}},"d52d68e4db28057b11aa579668c05218":"","disable_featured_image":"no","disable_share_box":"no","disable_header":"no","disable_footer":"yes"},"brizy_media":[{"id":102,"url":"https:\/\/dentamarla.com\/wp-content\/uploads\/brizy\/63\/assets\/images\/wp-2593aa442c2e383df9f99ea1be28cdf1.jpg","name":"wp-2593aa442c2e383df9f99ea1be28cdf1.jpg","meta":{"brizy_attachment_uid":"wp-2593aa442c2e383df9f99ea1be28cdf1.jpg","brizy_post_uid":["ptbsldxbytagdvgqdcydxcavioqutiuaybqq","915c5012709a5019af28a3ca27094efb","e57560e53bfa8a397cb86ef3065cf453","0722a7dc490c7eba453c2843ffbe6211"]}},{"id":519,"url":"https:\/\/dentamarla.com\/wp-content\/uploads\/brizy\/500\/assets\/images\/wp-3453cf4335d34c3e6d4cfc53bb478bcd.jpg","name":"wp-3453cf4335d34c3e6d4cfc53bb478bcd.jpg","meta":{"brizy_attachment_uid":"wp-3453cf4335d34c3e6d4cfc53bb478bcd.jpg","brizy_post_uid":["mrkbqlhdtjelgnjtvlbkkuiarpmxxornlzqc","kblrvjddmiergpkhsrdfclzybmmsvrnzlbmg","915c5012709a5019af28a3ca27094efb","e57560e53bfa8a397cb86ef3065cf453"]}},{"id":108,"url":"https:\/\/dentamarla.com\/wp-content\/uploads\/brizy\/63\/assets\/images\/wp-48fcb412c083a7659d61e53907e9fd32.jpg","name":"wp-48fcb412c083a7659d61e53907e9fd32.jpg","meta":{"brizy_attachment_uid":"wp-48fcb412c083a7659d61e53907e9fd32.jpg","brizy_post_uid":["ptbsldxbytagdvgqdcydxcavioqutiuaybqq","915c5012709a5019af28a3ca27094efb","e57560e53bfa8a397cb86ef3065cf453"]}},{"id":2860,"url":"https:\/\/dentamarla.com\/wp-content\/uploads\/brizy\/55\/assets\/images\/d03-Img-Bottle.jpg","name":"d03-Img-Bottle.jpg","meta":{"brizy_attachment_uid":"d03-Img-Bottle.jpg","brizy_post_uid":["ce9a8ad09d657f301339517ef4bd8544","915c5012709a5019af28a3ca27094efb","9343a756814e905df6caf3b1665db9ba"]}},{"id":2866,"url":"https:\/\/dentamarla.com\/wp-content\/uploads\/brizy\/55\/assets\/images\/d03-Img-Cup-Tea-1.jpg","name":"d03-Img-Cup-Tea-1.jpg","meta":{"brizy_attachment_uid":"d03-Img-Cup-Tea-1.jpg","brizy_post_uid":["ce9a8ad09d657f301339517ef4bd8544","915c5012709a5019af28a3ca27094efb","9343a756814e905df6caf3b1665db9ba"]}},{"id":2863,"url":"https:\/\/dentamarla.com\/wp-content\/uploads\/brizy\/55\/assets\/images\/d04-BG-drink-black.jpg","name":"d04-BG-drink-black.jpg","meta":{"brizy_attachment_uid":"d04-BG-drink-black.jpg","brizy_post_uid":["ce9a8ad09d657f301339517ef4bd8544","915c5012709a5019af28a3ca27094efb","9343a756814e905df6caf3b1665db9ba"]}},{"id":2862,"url":"https:\/\/dentamarla.com\/wp-content\/uploads\/brizy\/55\/assets\/images\/d03-Img-Elevator-Shaft.jpg","name":"d03-Img-Elevator-Shaft.jpg","meta":{"brizy_attachment_uid":"d03-Img-Elevator-Shaft.jpg","brizy_post_uid":["ce9a8ad09d657f301339517ef4bd8544","915c5012709a5019af28a3ca27094efb","9343a756814e905df6caf3b1665db9ba"]}},{"id":2868,"url":"https:\/\/dentamarla.com\/wp-content\/uploads\/brizy\/55\/assets\/images\/d08-Background.png","name":"d08-Background.png","meta":{"brizy_attachment_uid":"d08-Background.png","brizy_post_uid":["ce9a8ad09d657f301339517ef4bd8544","915c5012709a5019af28a3ca27094efb","9343a756814e905df6caf3b1665db9ba"]}},{"id":3952,"url":"https:\/\/dentamarla.com\/wp-content\/uploads\/2021\/10\/comfortdenta.jpg","name":"comfortdenta.jpg","meta":{"brizy_attachment_uid":"wp-3148bc8b94aebcfbfdce3a6be35fe3e8.jpg","brizy_post_uid":["915c5012709a5019af28a3ca27094efb"]}},{"id":4256,"url":"https:\/\/dentamarla.com\/wp-content\/uploads\/2021\/10\/Group-18437.svg","name":"Group-18437.svg","meta":{"brizy_attachment_uid":"wp-5e01ec51c0cb07fb030adf75cb115f39.svg","brizy_post_uid":["915c5012709a5019af28a3ca27094efb","c8a8d045c7d560e6f43af0fa819a4097"]}},{"id":4325,"url":"https:\/\/dentamarla.com\/wp-content\/uploads\/2021\/10\/DSC05568.jpg","name":"DSC05568.jpg","meta":{"brizy_attachment_uid":"wp-8946fbb0909aec51f39ac99ba75d2b99.jpg","brizy_post_uid":["915c5012709a5019af28a3ca27094efb"]}},{"id":2906,"url":"https:\/\/dentamarla.com\/wp-content\/uploads\/2021\/10\/DSC01795.jpg","name":"DSC01795.jpg","meta":{"brizy_attachment_uid":"wp-8c0a76e8f78c30201eef126a152a13c9.jpg","brizy_post_uid":["ce9a8ad09d657f301339517ef4bd8544","915c5012709a5019af28a3ca27094efb"]}},{"id":5452,"url":"https:\/\/dentamarla.com\/wp-content\/uploads\/2022\/02\/DSC01367.png","name":"DSC01367.png","meta":{"brizy_attachment_uid":"wp-473c7106d3f9a904d9bc37d542741422.png","brizy_post_uid":["915c5012709a5019af28a3ca27094efb"]}},{"id":5810,"url":"https:\/\/dentamarla.com\/wp-content\/uploads\/2022\/02\/DSC09609.jpg","name":"DSC09609.jpg","meta":{"brizy_attachment_uid":"wp-c8d6d41094a6b24f123c73f7f43823c4.jpg","brizy_post_uid":["e57560e53bfa8a397cb86ef3065cf453","915c5012709a5019af28a3ca27094efb"]}},{"id":5776,"url":"https:\/\/dentamarla.com\/wp-content\/uploads\/2022\/02\/DSC01685.jpg","name":"DSC01685.jpg","meta":{"brizy_attachment_uid":"wp-657c4da263da9f091d49aa53bdac1f58.jpg","brizy_post_uid":["e57560e53bfa8a397cb86ef3065cf453","915c5012709a5019af28a3ca27094efb","a87c9b64e2042ec0b37377d662b840fd","9fa6454538b2c8a3cd18ff9c62e951c5"]}},{"id":5748,"url":"https:\/\/dentamarla.com\/wp-content\/uploads\/2022\/02\/DSC00753.jpg","name":"DSC00753.jpg","meta":{"brizy_attachment_uid":"wp-25a649d59a11a2222013012b9aaea6f3.jpg","brizy_post_uid":["e57560e53bfa8a397cb86ef3065cf453","915c5012709a5019af28a3ca27094efb"]}}],"_links":{"self":[{"href":"https:\/\/dentamarla.com\/tr\/wp-json\/wp\/v2\/pages\/10643","targetHints":{"allow":["GET"]}}],"collection":[{"href":"https:\/\/dentamarla.com\/tr\/wp-json\/wp\/v2\/pages"}],"about":[{"href":"https:\/\/dentamarla.com\/tr\/wp-json\/wp\/v2\/types\/page"}],"author":[{"embeddable":true,"href":"https:\/\/dentamarla.com\/tr\/wp-json\/wp\/v2\/users\/1"}],"replies":[{"embeddable":true,"href":"https:\/\/dentamarla.com\/tr\/wp-json\/wp\/v2\/comments?post=10643"}],"version-history":[{"count":1,"href":"https:\/\/dentamarla.com\/tr\/wp-json\/wp\/v2\/pages\/10643\/revisions"}],"predecessor-version":[{"id":11347,"href":"https:\/\/dentamarla.com\/tr\/wp-json\/wp\/v2\/pages\/10643\/revisions\/11347"}],"wp:attachment":[{"href":"https:\/\/dentamarla.com\/tr\/wp-json\/wp\/v2\/media?parent=10643"}],"curies":[{"name":"wp","href":"https:\/\/api.w.org\/{rel}","templated":true}]}}