{"id":7517,"date":"2022-03-31T01:47:17","date_gmt":"2022-03-30T22:47:17","guid":{"rendered":"https:\/\/dentamarla.com\/?page_id=7517"},"modified":"2026-01-27T12:28:55","modified_gmt":"2026-01-27T09:28:55","slug":"comments","status":"publish","type":"page","link":"https:\/\/dentamarla.com\/es\/about-us\/comments\/","title":{"rendered":"Comments  (ES)"},"content":{"rendered":"<div class=\"brz-root__container brz-reset-all brz brz-root__container-page\">\n<section id=\"_ucfdimszyfghsolaqybouaaxpajmlmzqupdv\" class=\"brz-section brz-css-75dnnk\">\n<div class=\"brz-section__content brz-section--boxed brz-css-avlqhz brz-css-1qafbzf\" data-brz-custom-id=\"aijltyksjhhqsmubumlhteslpyvjvogqnksl\">\n<div class=\"brz-bg\">\n<div class=\"brz-bg-color\"><\/div>\n<\/div>\n<div class=\"brz-container brz-css-1h7a50u\">\n<div class=\"brz-row__container brz-css-1h65hjo\" data-brz-custom-id=\"yzslgmjoldjaxmbqvjsqmexwrzsqjdbtihuq\">\n<div class=\"brz-bg\"><\/div>\n<div class=\"brz-row brz-css-homtjq brz-css-c7engh\">\n<div class=\"brz-columns brz-css-1yceep7 brz-css-13ttefl\" data-brz-custom-id=\"neqfsafunzodcvzrpacczxgfsubzhwnabsez\">\n<div class=\"brz-bg\"><\/div>\n<div class=\"brz-column__items brz-css-1vqktb4 brz-css-1lcfbyq\">\n<div id=\"\" data-brz-iteration-count=\"1\" class=\"brz-css-ezzx0z brz-css-1l6jegc brz-wrapper brz-animated brz-css-1repyp7 brz-css-1tl6uci\" data-animationid=\"kdocxfawcpczbtvpevjpyojwqeybdniofxsu\">\n<div class=\"brz-rich-text brz-rich-text__custom brz-css-jpq7mw\" data-brz-custom-id=\"vntuugxyoskwtbrmgbblmqwxobhiofginrjv\">\n<div data-brz-translate-text=\"1\">\n<p class=\"brz-fs-sm-41 brz-ls-xs-1 brz-ls-sm-1 brz-lh-xs-1_3 brz-lh-sm-1_2 brz-fw-sm-700 brz-fw-xs-700 brz-text-lg-left brz-fs-xs-28 brz-ft-upload brz-fs-lg-42 brz-fss-lg-px brz-fw-lg-700 brz-ls-lg-0 brz-lh-lg-1_4 brz-tp-lg-empty brz-ff-tjrspiydimfqzfsgfkeiiqxasaislwennyfh brz-css-cTEVm\" data-generated-css=\"brz-css-qlxci\" data-uniq-id=\"kijfy\"><span>\u00bb<\/span>Quality is a choice.<span style=\"background-color: initial\">\u00bb<\/span><\/p>\n<\/div>\n<\/div>\n<\/div>\n<div id=\"\" data-brz-iteration-count=\"1\" class=\"brz-css-ezzx0z brz-css-11jhu6d brz-wrapper brz-animated brz-css-1s2qwlo brz-css-386sri\" data-animationid=\"zbnppwiivbgdnsuppzcatwckokkgtqusuipq\">\n<div class=\"brz-rich-text brz-rich-text__custom brz-css-jpq7mw\" data-brz-custom-id=\"coboulzinolwvcxwnzpescktdwezjeakwpbp\">\n<div data-brz-translate-text=\"1\">\n<p class=\"brz-fw-xs-500 brz-fw-sm-500 brz-text-xs-left brz-ls-xs-0 brz-ls-sm-0 brz-fs-sm-17 brz-fs-xs-17 brz-lh-sm-1_3 brz-lh-xs-1_3 brz-ff-ccheqdchrszlnaenoxzxnbxvvyccrllwmftb brz-ft-upload brz-fs-lg-18 brz-fss-lg-px brz-fw-lg-500 brz-ls-lg-0 brz-lh-lg-1_6 brz-tp-lg-empty brz-css-nvnN2\" data-generated-css=\"brz-css-soqjj\" data-uniq-id=\"rckxg\"><span>I would like to thank the Delta Marla family very much, I would like to thank the doctors Mehmet and Burak, who are very good in their interest and relevance, and I am very pleased with the treatments applied, I definitely recommend them to everyone.<\/span><\/p>\n<\/div>\n<\/div>\n<\/div>\n<div class=\"brz-row__container brz-css-1h65hjo\" data-brz-custom-id=\"pjrdgcxtzkvdbvxlmclmtxcezocpolcozxhl\">\n<div class=\"brz-bg\"><\/div>\n<div class=\"brz-row brz-row--inner brz-css-homtjq brz-css-c7engh\">\n<div data-brz-iteration-count=\"1\" class=\"brz-columns brz-css-1yceep7 brz-css-1kz9z90 brz-animated brz-css-5zpy81 brz-css-1gvh5si\" data-brz-custom-id=\"jbuozdvsygdnlaossbafmhslnngttpdoymun\">\n<div class=\"brz-bg\"><\/div>\n<div class=\"brz-column__items brz-css-1vqktb4 brz-css-bf9st7\">\n<div id=\"\" class=\"brz-css-ezzx0z brz-wrapper\">\n<div class=\"brz-icon-text brz-css-fvcb5b brz-css-h3fde1\" data-brz-custom-id=\"ojmfjwhxpcynwjjfhzqmgvjrtqbywjgcvorw\">\n<div class=\"brz-icon__container\" data-brz-custom-id=\"flfxbzdadlnqlmokrydoxcdoysinoubweofs\"><span class=\"brz-icon brz-span brz-css-11j90ii brz-css-3qb6gq\"><\/span><\/div>\n<div class=\"brz-text-btn\">\n<div class=\"brz-rich-text brz-rich-text__custom brz-css-jpq7mw\" data-brz-custom-id=\"dbngormaufmccfhapsefgnefiqkerphoqvya\">\n<div data-brz-translate-text=\"1\">\n<p class=\"brz-fw-xs-600 brz-fw-sm-600 brz-lh-sm-1_4 brz-lh-xs-1_4 brz-ls-sm-2 brz-ls-xs-2 brz-fs-sm-14 brz-fs-xs-12 brz-mt-lg-4 brz-text-xs-left brz-ff-ccheqdchrszlnaenoxzxnbxvvyccrllwmftb brz-ft-upload brz-fs-lg-12 brz-fss-lg-px brz-fw-lg-600 brz-ls-lg-1 brz-lh-lg-1_4 brz-tp-lg-empty brz-css-mONBb\" data-uniq-id=\"vyvjz\" data-generated-css=\"brz-css-yucgg\"><a class=\"link--external\" href=\"https:\/\/www.google.com\/maps\/place\/Denta+Marla\/@36.851642,30.755171,17z\/data=!3m1!4b1!4m5!3m4!1s0x0:0x1e0c6a68f3d14342!8m2!3d36.851642!4d30.7573597\" data-brz-link-type=\"external\">\u0130lkan Kele\u015fo\u011flu<\/a><\/p>\n<\/div>\n<\/div>\n<\/div>\n<\/div>\n<\/div>\n<\/div>\n<\/div>\n<div data-brz-iteration-count=\"1\" class=\"brz-columns brz-css-1yceep7 brz-css-yqj72i brz-animated brz-css-1ul4u70 brz-css-10gudsv\" data-brz-custom-id=\"iwibmbvtsehhgvpkxlbmsuqbqcqmhpvkmkhq\">\n<div class=\"brz-bg\"><\/div>\n<div class=\"brz-column__items brz-css-1vqktb4 brz-css-rdpu4f\">\n<div class=\"brz-wrapper-clone brz-css-mh35z9 brz-css-1bgjb07\">\n<div class=\"brz-d-xs-flex brz-flex-xs-wrap brz-css-13g0isr brz-css-1ee2j09\" data-brz-custom-id=\"\">\n<div class=\"brz-wrapper-clone__item\" id=\"txntznibjkiuwanlelgzyjtvidozjnotzffj\">\n<div class=\"brz-icon__container\" data-brz-custom-id=\"txntznibjkiuwanlelgzyjtvidozjnotzffj\"><span class=\"brz-icon brz-span brz-css-11j90ii brz-css-1lruxfg\"><\/span><\/div>\n<\/div>\n<div class=\"brz-wrapper-clone__item\" id=\"vbbvnnqsxwqqkgyrwwjzwsewwncbnwgmymws\">\n<div class=\"brz-icon__container\" data-brz-custom-id=\"vbbvnnqsxwqqkgyrwwjzwsewwncbnwgmymws\"><span class=\"brz-icon brz-span brz-css-11j90ii brz-css-1nx34sx\"><\/span><\/div>\n<\/div>\n<div class=\"brz-wrapper-clone__item\" id=\"kuoqgausmizybbczhacnwzwnyhvezeygngda\">\n<div class=\"brz-icon__container\" data-brz-custom-id=\"kuoqgausmizybbczhacnwzwnyhvezeygngda\"><span class=\"brz-icon brz-span brz-css-11j90ii brz-css-116m43z\"><\/span><\/div>\n<\/div>\n<div class=\"brz-wrapper-clone__item\" id=\"khunabnhmiiwpesvlilelebkpzgtvjgzifuq\">\n<div class=\"brz-icon__container\" data-brz-custom-id=\"khunabnhmiiwpesvlilelebkpzgtvjgzifuq\"><span class=\"brz-icon brz-span brz-css-11j90ii brz-css-gokvhg\"><\/span><\/div>\n<\/div>\n<div class=\"brz-wrapper-clone__item\" id=\"bruzznoyyzlzfyqgbsavytrpbmohnokbasrg\">\n<div class=\"brz-icon__container\" data-brz-custom-id=\"bruzznoyyzlzfyqgbsavytrpbmohnokbasrg\"><span class=\"brz-icon brz-span brz-css-11j90ii brz-css-1wdzy0v\"><\/span><\/div>\n<\/div>\n<\/div>\n<\/div>\n<\/div>\n<\/div>\n<\/div>\n<\/div>\n<\/div>\n<\/div>\n<div class=\"brz-columns brz-css-1yceep7 brz-css-7ycghr\" data-brz-custom-id=\"kkgwicytpglhiygmxiffpcmznuqejglzyoqh\">\n<div class=\"brz-bg\"><\/div>\n<div class=\"brz-column__items brz-css-1vqktb4 brz-css-yggbau\">\n<div id=\"\" data-brz-iteration-count=\"1\" class=\"brz-css-ezzx0z brz-wrapper brz-animated brz-css-1s00dqh brz-css-cdio9o\" data-animationid=\"ahumkpglwmdpmcsinikhxvhkzcwyiybxsmpv\">\n<div class=\"brz-image brz-css-1kxdqsh\" data-brz-custom-id=\"fputpgmouujibvfbghkvdtesisjoaftiqzna\"><img decoding=\"async\" class=\"brz-img\" src=\"https:\/\/dentamarla.com\/es?brizy_media=wp-a49a83a92854b3802238f7a12225bf44.png&amp;brizy_crop=iW%3D467%26iH%3D93%26oX%3D0%26oY%3D0%26cW%3D467%26cH%3D93\" alt=\"\" loading=\"lazy\"><\/div>\n<\/div>\n<\/div>\n<\/div>\n<\/div>\n<\/div>\n<\/div>\n<\/div>\n<\/section>\n<section id=\"_qziwrngsylptbcvjyvegdtgqnwdsqptzglal\" class=\"brz-section brz-css-75dnnk\">\n<div class=\"brz-section__content brz-section--boxed brz-css-avlqhz brz-css-tfljsn\" data-brz-custom-id=\"pnrvglahbzzzzruzexbkoxxjsnxsemkvjwwf\">\n<div class=\"brz-container brz-css-1h7a50u\">\n<div class=\"brz-row__container brz-css-1h65hjo\" data-brz-custom-id=\"nthfdlzackuyhpjkisyjlllsoaiqadqjhojw\">\n<div class=\"brz-bg\"><\/div>\n<div class=\"brz-row brz-css-homtjq\">\n<div class=\"brz-columns brz-css-1yceep7 brz-css-fxli47\" data-brz-custom-id=\"xklluhlzbmerdnsbewozgyagqgvygyfrqvsm\">\n<div class=\"brz-bg\"><\/div>\n<div class=\"brz-column__items brz-css-1vqktb4\">\n<div id=\"\" data-brz-iteration-count=\"1\" class=\"brz-css-ezzx0z brz-css-1es2qbl brz-wrapper brz-animated brz-css-utc1v2 brz-css-1i3l2vl\" data-animationid=\"lnbuajukkgjsqunrkisnzolxxzcbuciowoti\">\n<div class=\"brz-rich-text brz-rich-text__custom brz-css-jpq7mw\" data-brz-custom-id=\"atmsywajxqrtfbralkhanchbwnrdovvcreqz\">\n<div data-brz-translate-text=\"1\">\n<p class=\"brz-ls-xs-0 brz-lh-xs-1_4 brz-fs-xs-28 brz-fs-sm-35 brz-fs-lg-36 brz-ls-sm-2 brz-ls-lg-0_5 brz-fw-xs-700 brz-fw-sm-700 brz-fw-lg-700 brz-ft-upload brz-ff-zqgavxuluuqypmhqwswgonzjjrnjtbjpzngc brz-lh-sm-1_3 brz-lh-lg-1_4 brz-text-lg-left brz-css-qL1R6\" data-uniq-id=\"futvm\" data-generated-css=\"brz-css-qvahu\"><strong>Opiniones de nuestros clientes<\/strong><\/p>\n<\/div>\n<\/div>\n<\/div>\n<\/div>\n<\/div>\n<\/div>\n<\/div>\n<div id=\"\" class=\"brz-css-ezzx0z brz-css-s5qk3z brz-wrapper\">\n<div class=\"brz-spacer brz-css-12zmswf brz-css-2eu7hy\"><\/div>\n<\/div>\n<div class=\"brz-row__container brz-css-1h65hjo\" data-brz-custom-id=\"ogjxcnvybrbshdzwxzwihzgiatpwxwajbyxl\">\n<div class=\"brz-bg\"><\/div>\n<div class=\"brz-row brz-css-homtjq brz-css-c7engh\">\n<div class=\"brz-columns brz-css-1yceep7 brz-css-16g34r\" data-brz-custom-id=\"etguwnduwckaablvetczgtbmvhcfcstqfprx\">\n<div class=\"brz-bg\"><\/div>\n<div class=\"brz-column__items brz-css-1vqktb4\">\n<div id=\"\" data-brz-iteration-count=\"1\" class=\"brz-css-ezzx0z brz-wrapper brz-animated brz-css-a6qhwd brz-css-65cvnk\" data-animationid=\"tyteinxnarncggcfawqvspaxwzbxowxuadsw\">\n<div class=\"brz-embed-code brz-css-18kkq8r\" data-brz-custom-id=\"yqgbgqhfatodtndelskpfuusjpiccgytfqkj\">\n<div class=\"brz-embed-content\">\n<div><\/div>\n<\/div>\n<\/div>\n<\/div>\n<\/div>\n<\/div>\n<\/div>\n<\/div>\n<\/div>\n<\/div>\n<\/section>\n<\/div>\n<p>    <!-- version:1738222108 --><\/p>\n","protected":false},"excerpt":{"rendered":"<p>\u00bbQuality is a choice.\u00bb I would like to thank the Delta Marla family very much, I would like to thank the doctors Mehmet and Burak, who are very good in their interest and relevance, and I am very pleased with the treatments applied, I definitely recommend them to everyone. \u0130lkan Kele\u015fo\u011flu Opiniones de nuestros clientes<\/p>\n","protected":false},"author":1,"featured_media":0,"parent":7255,"menu_order":0,"comment_status":"closed","ping_status":"closed","template":"","meta":{"footnotes":""},"class_list":["post-7517","page","type-page","status-publish","hentry"],"blocksy_meta":{"styles_descriptor":{"styles":{"desktop":"","tablet":"","mobile":""},"google_fonts":[],"version":6}},"brizy_media":[],"_links":{"self":[{"href":"https:\/\/dentamarla.com\/es\/wp-json\/wp\/v2\/pages\/7517","targetHints":{"allow":["GET"]}}],"collection":[{"href":"https:\/\/dentamarla.com\/es\/wp-json\/wp\/v2\/pages"}],"about":[{"href":"https:\/\/dentamarla.com\/es\/wp-json\/wp\/v2\/types\/page"}],"author":[{"embeddable":true,"href":"https:\/\/dentamarla.com\/es\/wp-json\/wp\/v2\/users\/1"}],"replies":[{"embeddable":true,"href":"https:\/\/dentamarla.com\/es\/wp-json\/wp\/v2\/comments?post=7517"}],"version-history":[{"count":0,"href":"https:\/\/dentamarla.com\/es\/wp-json\/wp\/v2\/pages\/7517\/revisions"}],"up":[{"embeddable":true,"href":"https:\/\/dentamarla.com\/es\/wp-json\/wp\/v2\/pages\/7255"}],"wp:attachment":[{"href":"https:\/\/dentamarla.com\/es\/wp-json\/wp\/v2\/media?parent=7517"}],"curies":[{"name":"wp","href":"https:\/\/api.w.org\/{rel}","templated":true}]}}