{"id":10791,"date":"2024-06-27T01:45:57","date_gmt":"2024-06-26T22:45:57","guid":{"rendered":"https:\/\/dentamarla.com\/brizy-10786\/"},"modified":"2026-01-25T21:29:50","modified_gmt":"2026-01-25T18:29:50","slug":"doktorlarimiz","status":"publish","type":"page","link":"https:\/\/dentamarla.com\/es\/doktorlarimiz\/","title":{"rendered":"Nuestros doctores"},"content":{"rendered":"<div class=\"brz-root__container brz-reset-all brz brz-root__container-page\">\n<section id=\"a6db342930a5971c13a1_gF9MUjE1kPul\" class=\"brz-section brz-css-8q5s03\">\n<div class=\"brz-section__content brz-section--boxed brz-css-18totbj brz-css-1xxds02\" data-brz-custom-id=\"aG_cc97Hx9tt\">\n<div class=\"brz-bg\">\n<div class=\"brz-bg-color\"><\/div>\n<\/div>\n<div class=\"brz-container brz-css-13bblbg\">\n<div id=\"\" data-brz-iteration-count=\"1\" class=\"brz-css-pa6gxi brz-css-9uckji brz-wrapper brz-animated brz-css-kx3jex brz-css-ohi9ec\" data-animationid=\"klxu9AeSc0aH\">\n<div class=\"brz-rich-text brz-rich-text__custom brz-css-1p20rqc\" data-brz-custom-id=\"akvn9GLLWBr5\">\n<div data-brz-translate-text=\"1\">\n<p class=\"brz-text-lg-center brz-lh-sm-1_2 brz-lh-xs-1_3 brz-fw-sm-700 brz-fw-xs-700 brz-ls-sm-1 brz-ls-xs-1 brz-fs-sm-36 brz-fs-xs-34 brz-ff-tjrspiydimfqzfsgfkeiiqxasaislwennyfh brz-ft-upload brz-fs-lg-42 brz-fss-lg-px brz-fw-lg-700 brz-ls-lg-0 brz-lh-lg-1_3 brz-tp-lg-empty brz-css-q5Rs3\" data-uniq-id=\"jT6jo\" data-generated-css=\"brz-css-ya65k\"><span>Denta Marla <\/span><\/p>\n<p class=\"brz-text-lg-center brz-lh-sm-1_2 brz-lh-xs-1_3 brz-fw-sm-700 brz-fw-xs-700 brz-ls-sm-1 brz-ls-xs-1 brz-fs-sm-36 brz-fs-xs-34 brz-ff-tjrspiydimfqzfsgfkeiiqxasaislwennyfh brz-ft-upload brz-fs-lg-42 brz-fss-lg-px brz-fw-lg-700 brz-ls-lg-0 brz-lh-lg-1_3 brz-tp-lg-empty brz-css-ryGUp\" data-uniq-id=\"ackAk\" data-generated-css=\"brz-css-w8LrE\"><span>Equipo de salud dental<\/span><\/p>\n<\/div>\n<\/div>\n<\/div>\n<div id=\"\" data-brz-iteration-count=\"1\" class=\"brz-css-pa6gxi brz-css-niewda brz-wrapper brz-animated brz-css-12ctghm brz-css-1dnqvx6\" data-animationid=\"jLXOOD0itZHz\">\n<div class=\"brz-rich-text brz-rich-text__custom brz-css-1p20rqc\" data-brz-custom-id=\"nfnSdXHHFAHK\">\n<div data-brz-translate-text=\"1\">\n<p class=\"brz-fw-xs-500 brz-fw-sm-500 brz-fs-xs-19 brz-fs-sm-19 brz-ls-xs-0 brz-ls-sm-0 brz-lh-xs-1_6 brz-lh-sm-1_6 brz-text-lg-center brz-ff-ccheqdchrszlnaenoxzxnbxvvyccrllwmftb brz-ft-upload brz-fs-lg-20 brz-fss-lg-px brz-fw-lg-500 brz-ls-lg-0 brz-lh-lg-1_9 brz-tp-lg-empty brz-css-hW8dP\" data-uniq-id=\"beoei\" data-generated-css=\"brz-css-cVFNo\"><span>Trabajamos para brindar el mejor servicio a nuestros pacientes.<\/span><\/p>\n<\/div>\n<\/div>\n<\/div>\n<div id=\"\" class=\"brz-css-pa6gxi brz-css-ey16hq brz-css-o6eb2n brz-wrapper\">\n<div class=\"brz-spacer brz-css-rtn155\"><\/div>\n<\/div>\n<div class=\"brz-row__container brz-css-qiey6s\" data-brz-custom-id=\"hEXAYlb5WzjA\">\n<div class=\"brz-bg\"><\/div>\n<div class=\"brz-row brz-css-1okfhut\">\n<div class=\"brz-columns brz-css-1yanx1 brz-css-1gtg2rv\" data-brz-custom-id=\"t2Xk38xrtaEF\">\n<div class=\"brz-column__items brz-css-nzen7h brz-css-o204fs\">\n<div id=\"\" class=\"brz-css-pa6gxi brz-wrapper\">\n<div class=\"brz-image brz-css-cb2s0n brz-css-nenf72\" data-brz-custom-id=\"y9WgQT2jj0mL\"><img decoding=\"async\" class=\"brz-img\" src=\"https:\/\/dentamarla.com\/es\/?brizy_media=wp-b7469f040c5983585f959e8b98d8c6d5.jpg&amp;brizy_crop=original\" alt=\"\" loading=\"lazy\"><\/div>\n<\/div>\n<\/div>\n<\/div>\n<div class=\"brz-columns brz-css-1yanx1 brz-css-1dvl67q\" data-brz-custom-id=\"yeuK4hHZkD9d\">\n<div class=\"brz-column__items brz-css-nzen7h brz-css-1ciln2h\">\n<div id=\"\" class=\"brz-css-pa6gxi brz-css-18jc62u brz-wrapper\">\n<div class=\"brz-rich-text brz-rich-text__custom brz-css-1p20rqc\" data-brz-custom-id=\"gMJmD4OLScPe\">\n<div data-brz-translate-text=\"1\">\n<h4 class=\"brz-tp-lg-heading4 brz-css-zKzKF\" data-uniq-id=\"sf2HQ\" data-generated-css=\"brz-css-fJ2oN\"><strong class=\"brz-cp-color2\">Dr. Burak C. Da\u015fdemir<\/strong><\/h4>\n<\/div>\n<\/div>\n<\/div>\n<div id=\"\" class=\"brz-css-pa6gxi brz-css-1oe8r3j brz-wrapper\">\n<div class=\"brz-rich-text brz-rich-text__custom brz-css-1p20rqc\" data-brz-custom-id=\"z1OWiDvkI_k8\">\n<div data-brz-translate-text=\"1\">\n<p class=\"brz-tp-lg-subtitle brz-css-oC5VB\" data-generated-css=\"brz-css-rNZez\" data-uniq-id=\"rsCIQ\"><span class=\"brz-cp-color7\">Dentista<\/span><\/p>\n<\/div>\n<\/div>\n<\/div>\n<div id=\"\" class=\"brz-css-pa6gxi brz-css-2sq4c0 brz-wrapper\">\n<div class=\"brz-rich-text brz-rich-text__custom brz-css-1p20rqc\" data-brz-custom-id=\"fDwZYWsbr8Av\">\n<div data-brz-translate-text=\"1\">\n<p class=\"brz-text-lg-left brz-lh-sm-1_6 brz-lh-xs-1_6 brz-ls-sm-0 brz-ls-xs-0 brz-fs-sm-19 brz-fs-xs-19 brz-fw-sm-500 brz-fw-xs-500 brz-fss-lg-px brz-fw-lg-500 brz-ls-lg-0 brz-lh-lg-1_9 brz-vfw-lg-400 brz-fwdth-lg-100 brz-fsft-lg-0 brz-tp-lg-empty brz-ff-ccheqdchrszlnaenoxzxnbxvvyccrllwmftb brz-ft-upload brz-fs-lg-16 brz-css-uNxyD\" data-generated-css=\"brz-css-sdeau\" data-uniq-id=\"p5o73\"><span>Naci\u00f3 en Fatsa en 1987. Complet\u00f3 su educaci\u00f3n primaria y secundaria en K\u00fctahya y su educaci\u00f3n secundaria en la escuela secundaria de ciencias Afyon S\u00fcleyman Demirel.<\/span><\/p>\n<p class=\"brz-text-lg-left brz-lh-sm-1_6 brz-lh-xs-1_6 brz-ls-sm-0 brz-ls-xs-0 brz-fs-sm-19 brz-fs-xs-19 brz-fw-sm-500 brz-fw-xs-500 brz-fss-lg-px brz-fw-lg-500 brz-ls-lg-0 brz-lh-lg-1_9 brz-vfw-lg-400 brz-fwdth-lg-100 brz-fsft-lg-0 brz-tp-lg-empty brz-ff-ccheqdchrszlnaenoxzxnbxvvyccrllwmftb brz-ft-upload brz-fs-lg-16 brz-css-hAhD9\" data-generated-css=\"brz-css-sdeau\" data-uniq-id=\"p5o73\"><span> <\/span><\/p>\n<p class=\"brz-text-lg-left brz-lh-sm-1_6 brz-lh-xs-1_6 brz-ls-sm-0 brz-ls-xs-0 brz-fs-sm-19 brz-fs-xs-19 brz-fw-sm-500 brz-fw-xs-500 brz-fss-lg-px brz-fw-lg-500 brz-ls-lg-0 brz-lh-lg-1_9 brz-vfw-lg-400 brz-fwdth-lg-100 brz-fsft-lg-0 brz-tp-lg-empty brz-ff-ccheqdchrszlnaenoxzxnbxvvyccrllwmftb brz-ft-upload brz-fs-lg-16 brz-css-j4_Jk\" data-generated-css=\"brz-css-pG_YC\" data-uniq-id=\"v2c2x\"><span>Despu\u00e9s de su educaci\u00f3n de pregrado, comenz\u00f3 su educaci\u00f3n universitaria en la Facultad de Odontolog\u00eda de la Universidad S\u00fcleyman Demirel en 2008 y se gradu\u00f3 con \u00e9xito en 2013 y recibi\u00f3 el t\u00edtulo de Dentista.<\/span><\/p>\n<p class=\"brz-text-lg-left brz-lh-sm-1_6 brz-lh-xs-1_6 brz-ls-sm-0 brz-ls-xs-0 brz-fs-sm-19 brz-fs-xs-19 brz-fw-sm-500 brz-fw-xs-500 brz-fss-lg-px brz-fw-lg-500 brz-ls-lg-0 brz-lh-lg-1_9 brz-vfw-lg-400 brz-fwdth-lg-100 brz-fsft-lg-0 brz-tp-lg-empty brz-ff-ccheqdchrszlnaenoxzxnbxvvyccrllwmftb brz-ft-upload brz-fs-lg-16 brz-css-fuhOp\" data-generated-css=\"brz-css-pG_YC\" data-uniq-id=\"v2c2x\"><span> <\/span><\/p>\n<p class=\"brz-text-lg-left brz-lh-sm-1_6 brz-lh-xs-1_6 brz-ls-sm-0 brz-ls-xs-0 brz-fs-sm-19 brz-fs-xs-19 brz-fw-sm-500 brz-fw-xs-500 brz-fss-lg-px brz-fw-lg-500 brz-ls-lg-0 brz-lh-lg-1_9 brz-vfw-lg-400 brz-fwdth-lg-100 brz-fsft-lg-0 brz-tp-lg-empty brz-ff-ccheqdchrszlnaenoxzxnbxvvyccrllwmftb brz-ft-upload brz-fs-lg-16 brz-css-hsYCB\" data-generated-css=\"brz-css-o5_ev\" data-uniq-id=\"iWUJv\"><span>Dt. Burak \u00c7a\u011fr\u0131 DA\u015eDEM\u0130R ha asistido a numerosos seminarios y congresos y ha seguido de cerca los \u00faltimos avances en su profesi\u00f3n y los nuevos m\u00e9todos de tratamiento.<\/span><\/p>\n<\/div>\n<\/div>\n<\/div>\n<\/div>\n<\/div>\n<\/div>\n<\/div>\n<div class=\"brz-row__container brz-css-qiey6s\" data-brz-custom-id=\"jOAbTd_bwnTK\">\n<div class=\"brz-bg\"><\/div>\n<div class=\"brz-row brz-css-1okfhut\">\n<div class=\"brz-columns brz-css-1yanx1 brz-css-jefpnr\" data-brz-custom-id=\"weUqYfU2Mp4B\">\n<div class=\"brz-column__items brz-css-nzen7h brz-css-111gnt\">\n<div id=\"\" class=\"brz-css-pa6gxi brz-wrapper\">\n<div class=\"brz-image brz-css-1xuy9my brz-css-1b34z17\" data-brz-custom-id=\"xY9vRAXRCpAj\"><img decoding=\"async\" class=\"brz-img\" src=\"https:\/\/dentamarla.com\/es\/?brizy_media=wp-db5f2a88e231cb22e66de61264c28f5a.jpg&amp;brizy_crop=original\" alt=\"\" loading=\"lazy\"><\/div>\n<\/div>\n<\/div>\n<\/div>\n<div class=\"brz-columns brz-css-1yanx1 brz-css-1qnz7yk\" data-brz-custom-id=\"ojwGKJu6kSUq\">\n<div class=\"brz-column__items brz-css-nzen7h brz-css-qk5dvs\">\n<div id=\"\" class=\"brz-css-pa6gxi brz-css-1ujv05l brz-wrapper\">\n<div class=\"brz-rich-text brz-rich-text__custom brz-css-1p20rqc\" data-brz-custom-id=\"h82RyEcguOTx\">\n<div data-brz-translate-text=\"1\">\n<h4 class=\"brz-tp-lg-heading4 brz-css-oaFdW\" data-uniq-id=\"pDnKQ\" data-generated-css=\"brz-css-vqyxI\"><strong class=\"brz-cp-color2\">Dr. Mehmet Co\u015fkun<\/strong><\/h4>\n<\/div>\n<\/div>\n<\/div>\n<div id=\"\" class=\"brz-css-pa6gxi brz-css-16j2g8z brz-wrapper\">\n<div class=\"brz-rich-text brz-rich-text__custom brz-css-1p20rqc\" data-brz-custom-id=\"a7xN9BzYTXl4\">\n<div data-brz-translate-text=\"1\">\n<p class=\"brz-tp-lg-subtitle brz-css-uC9q9\" data-generated-css=\"brz-css-xvyXQ\" data-uniq-id=\"d1xrK\"><span class=\"brz-cp-color7\">Dentista<\/span><\/p>\n<\/div>\n<\/div>\n<\/div>\n<div id=\"\" class=\"brz-css-pa6gxi brz-css-6h9pe5 brz-wrapper\">\n<div class=\"brz-rich-text brz-rich-text__custom brz-css-1p20rqc\" data-brz-custom-id=\"oOucrez5p58j\">\n<div data-brz-translate-text=\"1\">\n<p class=\"brz-text-lg-left brz-lh-sm-1_6 brz-lh-xs-1_6 brz-ls-sm-0 brz-ls-xs-0 brz-fs-sm-19 brz-fs-xs-19 brz-fw-sm-500 brz-fw-xs-500 brz-fss-lg-px brz-fw-lg-500 brz-ls-lg-0 brz-lh-lg-1_9 brz-vfw-lg-400 brz-fwdth-lg-100 brz-fsft-lg-0 brz-tp-lg-empty brz-ff-ccheqdchrszlnaenoxzxnbxvvyccrllwmftb brz-ft-upload brz-fs-lg-16 brz-css-bIkjj\" data-generated-css=\"brz-css-yf5xq\" data-uniq-id=\"jbdDu\"><span>Se gradu\u00f3 en la Facultad de Odontolog\u00eda de la Universidad M\u00e9dica Nacional de Donetsk (M. Gorky) en 2012 y trabaj\u00f3 como dentista en una cl\u00ednica dental privada en Antalya hasta 2020. Mehmet Co\u015fkun, que fund\u00f3 su propia cl\u00ednica llamada Denta Marla en 2021, contin\u00faa su trabajo en Denta Marla, que \u00e9l fund\u00f3, y atiende a sus pacientes. Sus \u00e1reas de especializaci\u00f3n e inter\u00e9s se encuentran principalmente en las pr\u00e1cticas de Odontolog\u00eda Est\u00e9tica e Implantolog\u00eda.<\/span><\/p>\n<p class=\"brz-text-lg-left brz-lh-sm-1_6 brz-lh-xs-1_6 brz-ls-sm-0 brz-ls-xs-0 brz-fs-sm-19 brz-fs-xs-19 brz-fw-sm-500 brz-fw-xs-500 brz-fss-lg-px brz-fw-lg-500 brz-ls-lg-0 brz-lh-lg-1_9 brz-vfw-lg-400 brz-fwdth-lg-100 brz-fsft-lg-0 brz-tp-lg-empty brz-ff-ccheqdchrszlnaenoxzxnbxvvyccrllwmftb brz-ft-upload brz-fs-lg-16 brz-css-iE7ck\" data-generated-css=\"brz-css-yemvB\" data-uniq-id=\"aqa5f\"><\/p>\n<p class=\"brz-text-lg-left brz-lh-sm-1_6 brz-lh-xs-1_6 brz-ls-sm-0 brz-ls-xs-0 brz-fs-sm-19 brz-fs-xs-19 brz-fw-sm-500 brz-fw-xs-500 brz-fss-lg-px brz-fw-lg-500 brz-ls-lg-0 brz-lh-lg-1_9 brz-vfw-lg-400 brz-fwdth-lg-100 brz-fsft-lg-0 brz-tp-lg-empty brz-ff-ccheqdchrszlnaenoxzxnbxvvyccrllwmftb brz-ft-upload brz-fs-lg-16 brz-css-isdcc\" data-generated-css=\"brz-css-y9UaW\" data-uniq-id=\"rnZmn\"><span>El dentista Mehmet Co\u015fkun ha recibido diversas capacitaciones desde sus a\u00f1os de estudiante y ha seguido de cerca los tratamientos actuales. Ha asistido a numerosos seminarios a lo largo de su vida m\u00e9dica profesional, aumentando y mejorando constantemente su competencia profesional tanto a trav\u00e9s de la formaci\u00f3n acad\u00e9mica como de la formaci\u00f3n nacional e internacional.<\/span><\/p>\n<\/div>\n<\/div>\n<\/div>\n<\/div>\n<\/div>\n<\/div>\n<\/div>\n<div class=\"brz-row__container brz-css-qiey6s\" data-brz-custom-id=\"y52BZ4Nxg1Xz\">\n<div class=\"brz-bg\"><\/div>\n<div class=\"brz-row brz-css-1okfhut\">\n<div class=\"brz-columns brz-css-1yanx1 brz-css-1ad4jb0\" data-brz-custom-id=\"thjXxXM7D6Yg\">\n<div class=\"brz-column__items brz-css-nzen7h brz-css-1gignvz\">\n<div id=\"\" class=\"brz-css-pa6gxi brz-wrapper\">\n<div class=\"brz-image brz-css-4ypb9t brz-css-3kdide\" data-brz-custom-id=\"xxrB_ep5c6k7\"><img decoding=\"async\" class=\"brz-img\" src=\"https:\/\/dentamarla.com\/es\/?brizy_media=wp-396d5b7c3cb48b9b95fec16b17b2872e.jpg&amp;brizy_crop=original\" alt=\"\" loading=\"lazy\"><\/div>\n<\/div>\n<\/div>\n<\/div>\n<div class=\"brz-columns brz-css-1yanx1 brz-css-k28ncu\" data-brz-custom-id=\"a41mRyp6900s\">\n<div class=\"brz-column__items brz-css-nzen7h brz-css-1swqo0s\">\n<div id=\"\" class=\"brz-css-pa6gxi brz-css-17o6328 brz-wrapper\">\n<div class=\"brz-rich-text brz-rich-text__custom brz-css-1p20rqc\" data-brz-custom-id=\"vOeeGg4HXVyU\">\n<div data-brz-translate-text=\"1\">\n<h4 class=\"brz-tp-lg-heading4 brz-css-rqxHh\" data-uniq-id=\"t2Oq7\" data-generated-css=\"brz-css-k7RRn\"><strong class=\"brz-cp-color2\">Dr. P\u0131nar U\u00e7ar<\/strong><\/h4>\n<\/div>\n<\/div>\n<\/div>\n<div id=\"\" class=\"brz-css-pa6gxi brz-css-a7ovxh brz-wrapper\">\n<div class=\"brz-rich-text brz-rich-text__custom brz-css-1p20rqc\" data-brz-custom-id=\"dacmGajiBZex\">\n<div data-brz-translate-text=\"1\">\n<p class=\"brz-tp-lg-subtitle brz-css-tLjAE\" data-generated-css=\"brz-css-e7SXT\" data-uniq-id=\"gyMK5\"><span class=\"brz-cp-color7\">Dentista<\/span><\/p>\n<\/div>\n<\/div>\n<\/div>\n<div id=\"\" class=\"brz-css-pa6gxi brz-css-o5bw83 brz-wrapper\">\n<div class=\"brz-rich-text brz-rich-text__custom brz-css-1p20rqc\" data-brz-custom-id=\"rtLu6l67Gd9v\">\n<div data-brz-translate-text=\"1\">\n<p class=\"brz-fs-lg-16 brz-ft-upload brz-ff-ccheqdchrszlnaenoxzxnbxvvyccrllwmftb brz-tp-lg-empty brz-fsft-lg-0 brz-fwdth-lg-100 brz-vfw-lg-400 brz-lh-lg-1_9 brz-ls-lg-0 brz-fw-lg-500 brz-fss-lg-px brz-fw-xs-500 brz-fw-sm-500 brz-fs-xs-19 brz-fs-sm-19 brz-ls-xs-0 brz-ls-sm-0 brz-lh-xs-1_6 brz-lh-sm-1_6 brz-text-lg-left brz-css-sPIiN\" data-uniq-id=\"rDHHc\" data-generated-css=\"brz-css-cMkWO\"><span>Naci\u00f3 en Ankara en 1989. Despu\u00e9s de su educaci\u00f3n de pregrado, comenz\u00f3 su educaci\u00f3n universitaria en la Facultad de Odontolog\u00eda de la Universidad S\u00fcleyman Demirel en 2008 y se gradu\u00f3 con \u00e9xito en 2013 y recibi\u00f3 el t\u00edtulo de Odont\u00f3loga.<\/span><\/p>\n<\/div>\n<\/div>\n<\/div>\n<\/div>\n<\/div>\n<\/div>\n<\/div>\n<div class=\"brz-row__container brz-css-qiey6s\" data-brz-custom-id=\"fe3K3OLyG9Br\">\n<div class=\"brz-bg\"><\/div>\n<div class=\"brz-row brz-css-1okfhut brz-css-vkdnbs\">\n<div id=\"drprofiledesktop\" data-brz-iteration-count=\"1\" class=\"brz-columns brz-css-1yanx1 brz-css-aim82j brz-animated brz-css-yaw21g brz-css-afxepr\" data-brz-custom-id=\"tFgRsgARmcQN\">\n<div class=\"brz-column__items brz-css-nzen7h brz-css-mu9yel\">\n<div id=\"\" class=\"brz-css-pa6gxi brz-wrapper\">\n<div class=\"brz-image brz-css-55491e brz-css-1902vxu\" data-brz-custom-id=\"ggkDiMbERmUH\"><img decoding=\"async\" class=\"brz-img\" src=\"https:\/\/dentamarla.com\/es\/?brizy_media=wp-7e68aaf5fc81441c0c9d76cf93a93fe2.png&amp;brizy_crop=iW%3D188%26iH%3D188%26oX%3D0%26oY%3D0%26cW%3D188%26cH%3D188\" alt=\"\" loading=\"lazy\"><\/div>\n<\/div>\n<div id=\"\" class=\"brz-css-pa6gxi brz-css-3i2lym brz-wrapper\">\n<div class=\"brz-rich-text brz-rich-text__custom brz-css-1p20rqc\" data-brz-custom-id=\"kTvTKqt22KDk\">\n<div data-brz-translate-text=\"1\">\n<p class=\"brz-fw-xs-400 brz-fw-sm-400 brz-fw-lg-400 brz-ft-upload brz-ff-zqgavxuluuqypmhqwswgonzjjrnjtbjpzngc brz-ls-xs-m_0_5 brz-ls-sm-m_0_5 brz-ls-lg-0 brz-fs-xs-18 brz-fs-sm-18 brz-fs-lg-20 brz-lh-xs-1_5 brz-lh-sm-1_5 brz-lh-lg-1_6 brz-text-lg-center brz-css-b5z1S\" data-uniq-id=\"yccvh\" data-generated-css=\"brz-css-pfquj\"><span>Dr. Burak \u00c7. <\/span><\/p>\n<p class=\"brz-fw-xs-400 brz-fw-sm-400 brz-fw-lg-400 brz-ft-upload brz-ff-zqgavxuluuqypmhqwswgonzjjrnjtbjpzngc brz-ls-xs-m_0_5 brz-ls-sm-m_0_5 brz-ls-lg-0 brz-fs-xs-18 brz-fs-sm-18 brz-fs-lg-20 brz-lh-xs-1_5 brz-lh-sm-1_5 brz-lh-lg-1_6 brz-text-lg-center brz-css-btEAz\" data-uniq-id=\"yccvh\" data-generated-css=\"brz-css-pfquj\"><span>Da\u015fdemir<\/span><\/p>\n<\/div>\n<\/div>\n<\/div>\n<div id=\"\" class=\"brz-css-pa6gxi brz-css-1t65bk5 brz-wrapper\">\n<div class=\"brz-rich-text brz-rich-text__custom brz-css-1p20rqc\" data-brz-custom-id=\"mN81rUWVKqVi\">\n<div data-brz-translate-text=\"1\">\n<p class=\"brz-fw-xs-600 brz-fw-sm-600 brz-fw-lg-600 brz-ft-upload brz-ff-pktawridwcuzlvsoreubxpvcbtaisikgapov brz-ls-xs-1 brz-ls-sm-1 brz-ls-lg-1_1 brz-fs-xs-13 brz-fs-sm-13 brz-fs-lg-13 brz-lh-xs-1_5 brz-lh-sm-1_5 brz-lh-lg-1_5 brz-text-lg-center brz-css-a6YxC\" data-uniq-id=\"ykgds\" data-generated-css=\"brz-css-uutps\"><span>Dentist<\/span><\/p>\n<\/div>\n<\/div>\n<\/div>\n<\/div>\n<\/div>\n<div id=\"drprofiledesktop\" data-brz-iteration-count=\"1\" class=\"brz-columns brz-css-1yanx1 brz-css-10fhisv brz-animated brz-css-yaw21g brz-css-10hwjla\" data-brz-custom-id=\"v9qmWa9rv8a9\">\n<div class=\"brz-column__items brz-css-nzen7h brz-css-1carzee\">\n<div id=\"\" class=\"brz-css-pa6gxi brz-wrapper\">\n<div class=\"brz-image brz-css-1ucn0xs brz-css-v0hiqr\" data-brz-custom-id=\"eVjlV8Xu5RkK\"><img decoding=\"async\" class=\"brz-img\" src=\"https:\/\/dentamarla.com\/es\/?brizy_media=wp-872bbcf0176bf07c5b16bf5b74e92e15.png&amp;brizy_crop=iW%3D188%26iH%3D188%26oX%3D0%26oY%3D0%26cW%3D188%26cH%3D188\" alt=\"\" loading=\"lazy\"><\/div>\n<\/div>\n<div id=\"\" class=\"brz-css-pa6gxi brz-css-ctrfva brz-wrapper\">\n<div class=\"brz-rich-text brz-rich-text__custom brz-css-1p20rqc\" data-brz-custom-id=\"eggnhzEZkEbh\">\n<div data-brz-translate-text=\"1\">\n<p class=\"brz-text-lg-center brz-lh-lg-1_6 brz-lh-sm-1_5 brz-lh-xs-1_5 brz-fs-lg-20 brz-fs-sm-18 brz-fs-xs-18 brz-ls-lg-0 brz-ls-sm-m_0_5 brz-ls-xs-m_0_5 brz-ff-zqgavxuluuqypmhqwswgonzjjrnjtbjpzngc brz-ft-upload brz-fw-lg-400 brz-fw-sm-400 brz-fw-xs-400 brz-css-qclUA\" data-generated-css=\"brz-css-rzoow\" data-uniq-id=\"empvg\"><span>Dr. Mehmet<\/span><\/p>\n<p class=\"brz-text-lg-center brz-lh-lg-1_6 brz-lh-sm-1_5 brz-lh-xs-1_5 brz-fs-lg-20 brz-fs-sm-18 brz-fs-xs-18 brz-ls-lg-0 brz-ls-sm-m_0_5 brz-ls-xs-m_0_5 brz-ff-zqgavxuluuqypmhqwswgonzjjrnjtbjpzngc brz-ft-upload brz-fw-lg-400 brz-fw-sm-400 brz-fw-xs-400 brz-css-tcgtv\" data-generated-css=\"brz-css-rzoow\" data-uniq-id=\"empvg\"><span>Co\u015fkun <\/span><\/p>\n<\/div>\n<\/div>\n<\/div>\n<div id=\"\" class=\"brz-css-pa6gxi brz-css-10ncu3q brz-wrapper\">\n<div class=\"brz-rich-text brz-rich-text__custom brz-css-1p20rqc\" data-brz-custom-id=\"chY6Mqo2jcyi\">\n<div data-brz-translate-text=\"1\">\n<p class=\"brz-fw-xs-600 brz-fw-sm-600 brz-fw-lg-600 brz-ft-upload brz-ff-pktawridwcuzlvsoreubxpvcbtaisikgapov brz-ls-xs-1 brz-ls-sm-1 brz-ls-lg-1_1 brz-fs-xs-13 brz-fs-sm-13 brz-fs-lg-13 brz-lh-xs-1_5 brz-lh-sm-1_5 brz-lh-lg-1_5 brz-text-lg-center brz-css-e9hjD\" data-uniq-id=\"ykgds\" data-generated-css=\"brz-css-uutps\"><span>Dentist<\/span><\/p>\n<\/div>\n<\/div>\n<\/div>\n<\/div>\n<\/div>\n<\/div>\n<\/div>\n<\/div>\n<\/div>\n<\/section>\n<\/div>\n<p>    <!-- version:1748082005 --><\/p>\n","protected":false},"excerpt":{"rendered":"<p>Denta Marla Equipo de salud dental Trabajamos para brindar el mejor servicio a nuestros pacientes. Dr. Burak C. Da\u015fdemir Dentista Naci\u00f3 en Fatsa en 1987. Complet\u00f3 su educaci\u00f3n primaria y secundaria en K\u00fctahya y su educaci\u00f3n secundaria en la escuela secundaria de ciencias Afyon S\u00fcleyman Demirel. Despu\u00e9s de su educaci\u00f3n de pregrado, comenz\u00f3 su educaci\u00f3n [&hellip;]<\/p>\n","protected":false},"author":1,"featured_media":0,"parent":0,"menu_order":0,"comment_status":"closed","ping_status":"closed","template":"","meta":{"footnotes":""},"class_list":["post-10791","page","type-page","status-publish","hentry"],"blocksy_meta":[],"brizy_media":[],"_links":{"self":[{"href":"https:\/\/dentamarla.com\/es\/wp-json\/wp\/v2\/pages\/10791","targetHints":{"allow":["GET"]}}],"collection":[{"href":"https:\/\/dentamarla.com\/es\/wp-json\/wp\/v2\/pages"}],"about":[{"href":"https:\/\/dentamarla.com\/es\/wp-json\/wp\/v2\/types\/page"}],"author":[{"embeddable":true,"href":"https:\/\/dentamarla.com\/es\/wp-json\/wp\/v2\/users\/1"}],"replies":[{"embeddable":true,"href":"https:\/\/dentamarla.com\/es\/wp-json\/wp\/v2\/comments?post=10791"}],"version-history":[{"count":1,"href":"https:\/\/dentamarla.com\/es\/wp-json\/wp\/v2\/pages\/10791\/revisions"}],"predecessor-version":[{"id":11460,"href":"https:\/\/dentamarla.com\/es\/wp-json\/wp\/v2\/pages\/10791\/revisions\/11460"}],"wp:attachment":[{"href":"https:\/\/dentamarla.com\/es\/wp-json\/wp\/v2\/media?parent=10791"}],"curies":[{"name":"wp","href":"https:\/\/api.w.org\/{rel}","templated":true}]}}