{"id":8667,"date":"2022-06-08T02:11:02","date_gmt":"2022-06-07T23:11:02","guid":{"rendered":"https:\/\/dentamarla.com\/?page_id=8667"},"modified":"2026-01-25T21:02:17","modified_gmt":"2026-01-25T18:02:17","slug":"homepage","status":"publish","type":"page","link":"https:\/\/dentamarla.com\/de\/","title":{"rendered":"Homepage (gr)"},"content":{"rendered":"<div class=\"brz-root__container brz-reset-all brz brz-root__container-page\">\n<section id=\"denta-marla-header\" class=\"brz-section denta-header brz-css-3rdzg8 brz-css-1ry80tr\">\n<div class=\"brz-section__content brz-section--boxed brz-css-3kf5gz brz-css-acsn05\" data-brz-custom-id=\"pkfxggtgqkyomspnrakdrbfyldkirtxcotaq\">\n<div class=\"brz-bg\">\n<div class=\"brz-bg-image\"><\/div>\n<div data-type=\"youtube\" data-key=\"772865660\" data-loop=\"true\" data-start=\"0\" class=\"brz-bg-video\"><\/div>\n<div class=\"brz-bg-color\"><\/div>\n<\/div>\n<div class=\"brz-container brz-css-ehw47c\">\n<div class=\"brz-row__container brz-css-1tptorn brz-css-1ijoj9x\" data-brz-custom-id=\"ebqtlduvbeixkjiceccbcpzchdbrgmybybev\">\n<div class=\"brz-bg\"><\/div>\n<div class=\"brz-row brz-css-1ek3l79 brz-css-19qppj8\">\n<div class=\"brz-columns brz-css-1ftmsk9 brz-css-10wtp4r\" data-brz-custom-id=\"achwojewbwyqpymdfyxvpgwnlulmhlwgrbod\">\n<div class=\"brz-bg\"><\/div>\n<div class=\"brz-column__items brz-css-13y56zg brz-css-14iaxyg\">\n<div id=\"\" class=\"brz-css-1kbnu7m brz-css-orpi9z brz-wrapper\">\n<div class=\"brz-spacer brz-css-1xvg8jo brz-css-1lh0sy9\"><\/div>\n<\/div>\n<div id=\"\" data-brz-iteration-count=\"1\" class=\"brz-css-1kbnu7m brz-wrapper brz-animated brz-css-1concon brz-css-1driuje\" data-animationid=\"fsnadfconfqdyyvvftqkbmqhkrhmmowmuysu\">\n<div class=\"brz-rich-text brz-rich-text__custom brz-css-1doj0bo\" data-brz-custom-id=\"gciafqsuaqltbcayyheyymfilzogltvjotcy\">\n<div data-brz-translate-text=\"1\">\n<p class=\"brz-tp-lg-empty brz-lh-lg-1_5 brz-ls-lg-1_1 brz-fw-lg-800 brz-fss-lg-px brz-fs-lg-12 brz-ft-upload brz-ff-ccheqdchrszlnaenoxzxnbxvvyccrllwmftb brz-fw-xs-800 brz-fw-sm-800 brz-fs-xs-12 brz-fs-sm-12 brz-ls-xs-1 brz-ls-sm-1 brz-lh-xs-1_5 brz-lh-sm-1_5 brz-text-lg-left brz-mt-xs-30 brz-mb-xs-0 brz-css-mLaqM\" data-uniq-id=\"aybqp\" data-generated-css=\"brz-css-ynkgq\"><span>WILKOMMEN ZU DENTA MARLA \u2013 BOUTIQUE VIP ZAHNARZTKLINIK!<\/span><\/p>\n<\/div>\n<\/div>\n<\/div>\n<div id=\"\" data-brz-iteration-count=\"1\" class=\"brz-css-1kbnu7m brz-wrapper brz-animated brz-css-n71sbq brz-css-1n215i\" data-animationid=\"ynirvchgqwygmrwpxetjrosykaitigtbzska\">\n<div class=\"brz-rich-text brz-rich-text__custom brz-css-1doj0bo\" data-brz-custom-id=\"rlbzbngbitwejaslektlnssdzbvwafjirltp\">\n<div data-brz-translate-text=\"1\">\n<p class=\"brz-fs-xs-44 brz-tp-xs-empty brz-lh-xs-1_4 brz-ls-xs-0 brz-fw-xs-400 brz-fss-xs-px brz-fs-sm-68 brz-fw-sm-400 brz-ls-sm-0 brz-lh-sm-1 brz-text-lg-left brz-ff-tjrspiydimfqzfsgfkeiiqxasaislwennyfh brz-ft-upload brz-fs-lg-68 brz-fss-lg-px brz-fw-lg-400 brz-ls-lg-m_0_5 brz-lh-lg-1_3 brz-tp-lg-empty brz-css-crRWt\" data-generated-css=\"brz-css-ixyby\" data-uniq-id=\"rmiln\"><span>F\u00fcr ein gl\u00fcckliches und gesundes L\u00e4cheln!<\/span><\/p>\n<\/div>\n<\/div>\n<\/div>\n<div id=\"\" data-brz-iteration-count=\"1\" class=\"brz-css-1kbnu7m brz-wrapper brz-animated brz-css-n71sbq brz-css-1h7vg2f\" data-animationid=\"gdthnpyxhoqkzqvluexkuytuvikjxkckimda\">\n<div class=\"brz-rich-text brz-rich-text__custom brz-css-1doj0bo\" data-brz-custom-id=\"siunxhaslfgwpyxzvgwjyerjduktnctgyosj\">\n<div data-brz-translate-text=\"1\">\n<p class=\"brz-tp-lg-empty brz-lh-lg-1_7 brz-ls-lg-0 brz-fw-lg-500 brz-fss-lg-px brz-fs-lg-18 brz-ft-upload brz-ff-ccheqdchrszlnaenoxzxnbxvvyccrllwmftb brz-text-lg-left brz-ls-sm-0 brz-fw-sm-500 brz-fs-sm-18 brz-lh-sm-1_4 brz-fss-xs-px brz-fw-xs-500 brz-ls-xs-0 brz-lh-xs-1_4 brz-tp-xs-empty brz-fs-xs-20 brz-css-paJoi\" data-uniq-id=\"dcczn\" data-generated-css=\"brz-css-qnfrv\"><span>W\u00e4hlen Sie Denta Marla f\u00fcr hochwertige Zahnpflege aus. Zirkonium und Emax sind unsere Spitzenmaterialen. In unserer Klinik verwenden wir erfolgreich Implantatsysteme (nur Straumann und Astra Tech).<\/span><\/p>\n<\/div>\n<\/div>\n<\/div>\n<div id=\"\" class=\"brz-css-1kbnu7m brz-css-orpi9z brz-wrapper\">\n<div class=\"brz-spacer brz-css-1xvg8jo brz-css-3oanw8\"><\/div>\n<\/div>\n<div data-brz-iteration-count=\"1\" class=\"brz-wrapper-clone brz-css-63uch3 brz-css-1g5vsoo brz-animated brz-css-1kpvvdn brz-css-1soplli\" data-animationid=\"pvcwxsdckpmyrazgpsqvltdzidwvkwavktqf\">\n<div class=\"brz-d-xs-flex brz-flex-xs-wrap brz-css-qui7ro brz-css-m0a754\" data-brz-custom-id=\"\">\n<div class=\"brz-wrapper-clone__item\" id=\"fxazqbpdqkwyvgjbjlnphfskoogxwcvidgdv\"><a class=\"brz-a brz-btn brz-css-mnxpeg brz-css-u9ja8n whatsapp-homepage brz-css-1lzhylb brz-css-12kz1bq\" href=\"https:\/\/api.whatsapp.com\/send?phone=905464544343&amp;text=Hi%20there%2C%20I%20would%20like%20to%20request%20a%20suitable%20plan%20for%20treatment.%20Can%20you%20please%20provide%20me%20with%20details%3F\" target=\"_self\" rel=\"noopener\" data-brz-link-type=\"external\" id=\"whatsapp-homepage\" data-brz-custom-id=\"fxazqbpdqkwyvgjbjlnphfskoogxwcvidgdv\"><span data-brz-translate-text=\"1\" class=\"brz-span brz-text__editor\">KONTAKTIEREN SIE UNS GANZ EINFACH PER WHATSAPP<\/span><\/a><\/div>\n<\/div>\n<\/div>\n<div id=\"\" class=\"brz-css-1kbnu7m brz-css-orpi9z brz-wrapper\">\n<div class=\"brz-spacer brz-css-1xvg8jo brz-css-1iwe7mw\"><\/div>\n<\/div>\n<\/div>\n<\/div>\n<div class=\"brz-columns brz-css-1ftmsk9 brz-css-1mqt6kj\" data-brz-custom-id=\"shlzlvwpkhhqjwziadmzpfawcjlsrpgwmmvu\">\n<div class=\"brz-bg\"><\/div>\n<div class=\"brz-column__items brz-css-13y56zg brz-css-yxw816\">\n<div id=\"\" class=\"brz-css-1kbnu7m brz-css-orpi9z brz-css-13muhjk brz-wrapper\">\n<div class=\"brz-spacer brz-css-1xvg8jo brz-css-1cv1mrh\"><\/div>\n<\/div>\n<div id=\"\" data-brz-iteration-count=\"1\" class=\"brz-css-1kbnu7m brz-css-vev19t brz-wrapper brz-animated brz-css-n71sbq brz-css-1z0g43b\" data-animationid=\"awrhpowlxorsvuamkyaisknmepukzlmkawmh\">\n<div class=\"brz-icon-text brz-css-1yayzaa brz-css-i9ibog\" data-brz-custom-id=\"hucnggnnuqgpbxlaawtxgchxniwbrdmgentj\">\n<div class=\"brz-icon__container\" data-brz-custom-id=\"raaodpuwpwgftxovwwoxjtqoxhurqzvmmycy\"><a class=\"brz-a\" href=\"https:\/\/dentamarla.com\/de\/gallery\/\" target=\"_self\" rel=\"noopener\" data-brz-link-type=\"external\"><span class=\"brz-icon brz-span brz-css-kra9os brz-css-ptlmk2\"><\/span><\/a><\/div>\n<div class=\"brz-text-btn\">\n<div class=\"brz-rich-text brz-rich-text__custom brz-css-1doj0bo\" data-brz-custom-id=\"ashyvimlhddovhgparcqfweqvpanikhxcpbu\">\n<div data-brz-translate-text=\"1\">\n<p class=\"brz-tp-lg-empty brz-lh-lg-1_4 brz-ls-lg-1 brz-fw-lg-400 brz-fss-lg-px brz-fs-lg-12 brz-ft-upload brz-ff-ccheqdchrszlnaenoxzxnbxvvyccrllwmftb brz-mt-lg-4 brz-fs-xs-12 brz-fs-sm-14 brz-fw-xs-700 brz-fw-sm-700 brz-ls-xs-2 brz-ls-sm-2 brz-lh-xs-1_4 brz-lh-sm-1_4 brz-text-lg-right brz-text-sm-right brz-css-ks_sY\" data-generated-css=\"brz-css-dzmqt\" data-uniq-id=\"jdfzt\"><a class=\"link--external\" href=\"https:\/\/dentamarla.com\/gallery\/\" data-brz-link-type=\"external\"><strong>Sehen Sie sich alle <\/strong><\/a><a class=\"link--external\" href=\"https:\/\/dentamarla.com\/de\/gallery\/\" data-brz-link-type=\"external\"><strong>Videos in unserer Galerie<\/strong><\/a><a class=\"link--external\" href=\"https:\/\/dentamarla.com\/gallery\/\" data-brz-link-type=\"external\"><strong> an<\/strong><\/a><\/p>\n<\/div>\n<\/div>\n<\/div>\n<\/div>\n<\/div>\n<\/div>\n<\/div>\n<\/div>\n<\/div>\n<\/div>\n<\/div>\n<\/section>\n<\/div>\n<p>    <!-- version:1738188662 --><\/p>\n","protected":false},"excerpt":{"rendered":"<p>WILKOMMEN ZU DENTA MARLA \u2013 BOUTIQUE VIP ZAHNARZTKLINIK! F\u00fcr ein gl\u00fcckliches und gesundes L\u00e4cheln! W\u00e4hlen Sie Denta Marla f\u00fcr hochwertige Zahnpflege aus. Zirkonium und Emax sind unsere Spitzenmaterialen. In unserer Klinik verwenden wir erfolgreich Implantatsysteme (nur Straumann und Astra Tech). KONTAKTIEREN SIE UNS GANZ EINFACH PER WHATSAPP Sehen Sie sich alle Videos in unserer Galerie [&hellip;]<\/p>\n","protected":false},"author":1,"featured_media":0,"parent":0,"menu_order":0,"comment_status":"closed","ping_status":"closed","template":"","meta":{"footnotes":""},"class_list":["post-8667","page","type-page","status-publish","hentry"],"blocksy_meta":{"styles_descriptor":{"styles":{"desktop":"","tablet":"","mobile":""},"google_fonts":[],"version":6},"page_title_panel":"","has_hero_section":"default","8661cd12e6859f985b9f40f838c31b18":"","hero_section":"type-1","hero_elements":[{"id":"custom_title","enabled":true,"heading_tag":"h1","title":"Home"},{"id":"custom_description","enabled":true,"description_visibility":{"desktop":true,"tablet":true,"mobile":false}},{"id":"custom_meta","enabled":false,"meta_elements":[{"id":"author","enabled":true,"label":"By","has_author_avatar":"yes","avatar_size":25},{"id":"post_date","enabled":true,"label":"On","date_format_source":"default","date_format":"M j, Y"},{"id":"updated_date","enabled":false,"label":"On","date_format_source":"default","date_format":"M j, Y"},{"id":"categories","enabled":false,"label":"In","style":"simple"},{"id":"comments","enabled":true}],"page_meta_elements":{"joined":true,"articles_count":true,"comments":true}},{"id":"breadcrumbs","enabled":false}],"5ea6469d99f61810e62e69242eab4769":"","hero_alignment1":"CT_CSS_SKIP_RULE","hero_margin":40,"hero_alignment2":"center","hero_vertical_alignment":"center","5609ff13a2d24fb90b7ec1af1a132c00":"","hero_structure":"narrow","05e26087417cc045aa3f07a1d527437d":"","page_title_bg_type":"featured_image","custom_hero_background":{"attachment_id":null},"page_title_image_size":"full","parallax":{"desktop":false,"tablet":false,"mobile":false},"9a37707afa349dc0af6cd3fdbf77688e":"","hero_height":"250px","pageTitleFont":{"family":"Default","variation":"Default","size":"30px","line-height":"CT_CSS_SKIP_RULE","letter-spacing":"CT_CSS_SKIP_RULE","text-transform":"CT_CSS_SKIP_RULE","text-decoration":"CT_CSS_SKIP_RULE"},"pageTitleFontColor":{"default":{"color":"CT_CSS_SKIP_RULEDEFAULT"}},"pageMetaFont":{"family":"Default","variation":"n6","size":"12px","line-height":"1.3","letter-spacing":"CT_CSS_SKIP_RULE","text-transform":"uppercase","text-decoration":"CT_CSS_SKIP_RULE"},"pageMetaFontColor":{"default":{"color":"CT_CSS_SKIP_RULEDEFAULT"},"hover":{"color":"CT_CSS_SKIP_RULEDEFAULT"}},"page_meta_button_type_font_colors":{"default":{"color":"CT_CSS_SKIP_RULEDEFAULT"},"hover":{"color":"CT_CSS_SKIP_RULEDEFAULT"}},"page_meta_button_type_background_colors":{"default":{"color":"CT_CSS_SKIP_RULEDEFAULT"},"hover":{"color":"CT_CSS_SKIP_RULEDEFAULT"}},"pageExcerptFont":{"family":"Default","variation":"Default","size":"CT_CSS_SKIP_RULE","line-height":"CT_CSS_SKIP_RULE","letter-spacing":"CT_CSS_SKIP_RULE","text-transform":"CT_CSS_SKIP_RULE","text-decoration":"CT_CSS_SKIP_RULE"},"pageExcerptColor":{"default":{"color":"CT_CSS_SKIP_RULEDEFAULT"}},"breadcrumbsFont":{"family":"Default","variation":"Default","size":"CT_CSS_SKIP_RULE","line-height":"CT_CSS_SKIP_RULE","letter-spacing":"CT_CSS_SKIP_RULE","text-transform":"CT_CSS_SKIP_RULE","text-decoration":"CT_CSS_SKIP_RULE"},"breadcrumbsFontColor":{"default":{"color":"CT_CSS_SKIP_RULEDEFAULT"},"initial":{"color":"CT_CSS_SKIP_RULEDEFAULT"},"hover":{"color":"CT_CSS_SKIP_RULEDEFAULT"}},"pageTitleOverlay":{"background_type":"color","background_pattern":"type-1","background_image":{"attachment_id":null,"x":0,"y":0},"gradient":"linear-gradient(135deg,rgba(6,147,227,1) 0%,rgb(155,81,224) 100%)","background_repeat":"repeat","background_size":"auto","background_attachment":"scroll","patternColor":{"default":{"color":"#e5e7ea"}},"overlayColor":{"default":{"color":"CT_CSS_SKIP_RULE"}},"backgroundColor":{"default":{"color":"CT_CSS_SKIP_RULE"}}},"pageTitleBackground":{"background_type":"color","background_pattern":"type-1","background_image":{"attachment_id":null,"x":0,"y":0},"gradient":"linear-gradient(135deg,rgba(6,147,227,1) 0%,rgb(155,81,224) 100%)","background_repeat":"repeat","background_size":"auto","background_attachment":"scroll","patternColor":{"default":{"color":"#e5e7ea"}},"overlayColor":{"default":{"color":"CT_CSS_SKIP_RULE"}},"backgroundColor":{"default":{"color":"var(--theme-palette-color-6)"}}},"pageTitlePadding":{"top":"50px","bottom":"50px","left":"auto","right":"auto","linked":true},"373f702e333f94bd88ca4d6916e745a3":"","page_structure_type":"default","00ff336e15e16068385cededeebdb110":"","content_style_source":"inherit","content_style":"wide","vertical_spacing_source":"inherit","content_area_spacing":"both","background":{"background_type":"color","background_pattern":"type-1","background_image":{"attachment_id":null,"x":0,"y":0},"gradient":"linear-gradient(135deg,rgba(6,147,227,1) 0%,rgb(155,81,224) 100%)","background_repeat":"repeat","background_size":"auto","background_attachment":"scroll","patternColor":{"default":{"color":"#e5e7ea"}},"overlayColor":{"default":{"color":"CT_CSS_SKIP_RULE"}},"backgroundColor":{"default":{"color":"CT_CSS_SKIP_RULE"}}},"content_background":{"background_type":"color","background_pattern":"type-1","background_image":{"attachment_id":null,"x":0,"y":0},"gradient":"linear-gradient(135deg,rgba(6,147,227,1) 0%,rgb(155,81,224) 100%)","background_repeat":"repeat","background_size":"auto","background_attachment":"scroll","patternColor":{"default":{"color":"#e5e7ea"}},"overlayColor":{"default":{"color":"CT_CSS_SKIP_RULE"}},"backgroundColor":{"default":{"color":"var(--theme-palette-color-8)"}}},"content_boxed_shadow":{"inherit":false,"blur":18,"spread":-6,"v_offset":12,"h_offset":0,"inset":false,"enable":true,"color":{"color":"rgba(34, 56, 101, 0.04)"}},"content_boxed_border":{"width":1,"style":"none","color":{"color":"rgba(44,62,80,0.2)"}},"content_boxed_radius":{"top":"3px","bottom":"3px","left":"3px","right":"3px","linked":true},"boxed_content_spacing":{"desktop":{"top":"40px","bottom":"40px","left":"40px","right":"40px","linked":true},"tablet":{"top":"35px","bottom":"35px","left":"35px","right":"35px","linked":true},"mobile":{"top":"20px","bottom":"20px","left":"20px","right":"20px","linked":true}},"d52d68e4db28057b11aa579668c05218":"","disable_featured_image":"no","disable_share_box":"no","disable_header":"no","disable_footer":"yes"},"brizy_media":[],"_links":{"self":[{"href":"https:\/\/dentamarla.com\/de\/wp-json\/wp\/v2\/pages\/8667","targetHints":{"allow":["GET"]}}],"collection":[{"href":"https:\/\/dentamarla.com\/de\/wp-json\/wp\/v2\/pages"}],"about":[{"href":"https:\/\/dentamarla.com\/de\/wp-json\/wp\/v2\/types\/page"}],"author":[{"embeddable":true,"href":"https:\/\/dentamarla.com\/de\/wp-json\/wp\/v2\/users\/1"}],"replies":[{"embeddable":true,"href":"https:\/\/dentamarla.com\/de\/wp-json\/wp\/v2\/comments?post=8667"}],"version-history":[{"count":1,"href":"https:\/\/dentamarla.com\/de\/wp-json\/wp\/v2\/pages\/8667\/revisions"}],"predecessor-version":[{"id":11344,"href":"https:\/\/dentamarla.com\/de\/wp-json\/wp\/v2\/pages\/8667\/revisions\/11344"}],"wp:attachment":[{"href":"https:\/\/dentamarla.com\/de\/wp-json\/wp\/v2\/media?parent=8667"}],"curies":[{"name":"wp","href":"https:\/\/api.w.org\/{rel}","templated":true}]}}