{"id":8662,"date":"2022-06-08T02:10:35","date_gmt":"2022-06-07T23:10:35","guid":{"rendered":"https:\/\/dentamarla.com\/?page_id=8662"},"modified":"2026-01-25T20:56:07","modified_gmt":"2026-01-25T17:56:07","slug":"video-gallery","status":"publish","type":"page","link":"https:\/\/dentamarla.com\/de\/gallery\/video-gallery\/","title":{"rendered":"Video Gallery (gr)"},"content":{"rendered":"<div class=\"brz-root__container brz-reset-all brz brz-root__container-page\">\n<section id=\"_ladlwkuezuweqidtfgmqdwsjtrusdvroocxw\" class=\"brz-section brz-css-1psdf46\">\n<div class=\"brz-section__content brz-section--boxed brz-css-1kl66rd\" data-brz-custom-id=\"jxgzcnppzjrsbhhukacinzygnkjfufohoejs\">\n<div class=\"brz-container brz-css-uaeft7\">\n<div class=\"brz-row__container brz-css-1jry71o\" data-brz-custom-id=\"dgkovbjmcbdnurbkrxzkrijitjfuywjrzulj\">\n<div class=\"brz-bg\"><\/div>\n<div class=\"brz-row brz-css-1283sae brz-css-yhvdy4\">\n<div class=\"brz-columns brz-css-7dm4ax brz-css-33b6al\" data-brz-custom-id=\"ovuzeeknuhmgbuzqwyevahlwbxjzjtqwvdjm\">\n<div class=\"brz-bg\"><\/div>\n<div class=\"brz-column__items brz-css-ef0qwr\">\n<div id=\"\" class=\"brz-css-roz55 brz-wrapper\">\n<div class=\"brz-embed-code brz-css-2x3h8s\" data-brz-custom-id=\"vcgtduqciuwlselpfspdpqnucfjrjvqquamq\">\n<div class=\"brz-embed-content\">\n<div>\n<div>\n<div style=\"left: 0;width: 100%;height: 0;position: relative;padding-bottom: 56.25%\">\n<figure style=\"left: 0;width: 100%;height: 0;position: relative;padding-bottom: 56.25%;margin-block-end: 0;margin-block-start: 0;margin-inline-start: 0;margin-inline-end: 0\"><\/figure>\n<\/div>\n<\/div>\n<\/div>\n<\/div>\n<\/div>\n<\/div>\n<\/div>\n<\/div>\n<\/div>\n<\/div>\n<div class=\"brz-row__container brz-css-1jry71o\" data-brz-custom-id=\"hoqxwakzrjpejwmvgmwkdeaoxaivmdubjquv\">\n<div class=\"brz-bg\"><\/div>\n<div class=\"brz-row brz-css-1283sae brz-css-yhvdy4\">\n<div class=\"brz-columns brz-css-7dm4ax\" data-brz-custom-id=\"gbdiswrczaovbtbdpjabayrbhdwmjzumqzif\">\n<div class=\"brz-bg\"><\/div>\n<div class=\"brz-column__items brz-css-ef0qwr\">\n<div id=\"\" class=\"brz-css-roz55 brz-wrapper\">\n<div class=\"brz-embed-code brz-css-2x3h8s\" data-brz-custom-id=\"xijiqxudctdgwbiotmwskdigtwkrddkhqisn\">\n<div class=\"brz-embed-content\">\n<div>\n<div>\n<div style=\"left: 0;width: 100%;height: 0;position: relative;padding-bottom: 56.25%\">\n<figure style=\"left: 0;width: 100%;height: 0;position: relative;padding-bottom: 56.25%;margin-block-end: 0;margin-block-start: 0;margin-inline-start: 0;margin-inline-end: 0\"><\/figure>\n<\/div>\n<\/div>\n<\/div>\n<\/div>\n<\/div>\n<\/div>\n<div id=\"\" class=\"brz-css-roz55 brz-wrapper\">\n<div class=\"brz-embed-code brz-css-2x3h8s\" data-brz-custom-id=\"allgfcymvhhjpetwwfczwzxrvdfcmjvqkrgl\">\n<div class=\"brz-embed-content\">\n<div>\n<div>\n<div style=\"left: 0;width: 100%;height: 0;position: relative;padding-bottom: 56.25%\">\n<figure style=\"left: 0;width: 100%;height: 0;position: relative;padding-bottom: 56.25%;margin-block-end: 0;margin-block-start: 0;margin-inline-start: 0;margin-inline-end: 0\"><\/figure>\n<\/div>\n<\/div>\n<\/div>\n<\/div>\n<\/div>\n<\/div>\n<div id=\"\" class=\"brz-css-roz55 brz-wrapper\">\n<div class=\"brz-embed-code brz-css-2x3h8s\" data-brz-custom-id=\"celxgkmoyrivppimgglgvhqktssrcrvrteph\">\n<div class=\"brz-embed-content\">\n<div>\n<div>\n<div style=\"left: 0;width: 100%;height: 0;position: relative;padding-bottom: 56.25%\">\n<figure style=\"left: 0;width: 100%;height: 0;position: relative;padding-bottom: 56.25%;margin-block-end: 0;margin-block-start: 0;margin-inline-start: 0;margin-inline-end: 0\"><\/figure>\n<\/div>\n<\/div>\n<\/div>\n<\/div>\n<\/div>\n<\/div>\n<div id=\"\" class=\"brz-css-roz55 brz-wrapper\">\n<div class=\"brz-embed-code brz-css-2x3h8s\" data-brz-custom-id=\"baobijdjnyildxaocpvqulbvxktxurzndmbv\">\n<div class=\"brz-embed-content\">\n<div>\n<div>\n<div style=\"left: 0;width: 100%;height: 0;position: relative;padding-bottom: 56.25%\">\n<figure style=\"left: 0;width: 100%;height: 0;position: relative;padding-bottom: 56.25%;margin-block-end: 0;margin-block-start: 0;margin-inline-start: 0;margin-inline-end: 0\"><\/figure>\n<\/div>\n<\/div>\n<\/div>\n<\/div>\n<\/div>\n<\/div>\n<div id=\"\" class=\"brz-css-roz55 brz-wrapper\">\n<div class=\"brz-embed-code brz-css-2x3h8s\" data-brz-custom-id=\"vaoqewhwrxsuztvvqtnyrggyprpbemqtjvov\">\n<div class=\"brz-embed-content\">\n<div>\n<div>\n<div style=\"left: 0;width: 100%;height: 0;position: relative;padding-bottom: 56.25%\">\n<figure style=\"left: 0;width: 100%;height: 0;position: relative;padding-bottom: 56.25%;margin-block-end: 0;margin-block-start: 0;margin-inline-start: 0;margin-inline-end: 0\"><\/figure>\n<\/div>\n<\/div>\n<\/div>\n<\/div>\n<\/div>\n<\/div>\n<div id=\"\" class=\"brz-css-roz55 brz-wrapper\">\n<div class=\"brz-embed-code brz-css-2x3h8s\" data-brz-custom-id=\"mskbihzyjoggptphpxejchkosfsdgurkwwib\">\n<div class=\"brz-embed-content\">\n<div>\n<div>\n<div style=\"left: 0;width: 100%;height: 0;position: relative;padding-bottom: 56.25%\">\n<figure style=\"left: 0;width: 100%;height: 0;position: relative;padding-bottom: 56.25%;margin-block-end: 0;margin-block-start: 0;margin-inline-start: 0;margin-inline-end: 0\"><\/figure>\n<\/div>\n<\/div>\n<\/div>\n<\/div>\n<\/div>\n<\/div>\n<div id=\"\" class=\"brz-css-roz55 brz-wrapper\">\n<div class=\"brz-embed-code brz-css-2x3h8s\" data-brz-custom-id=\"vtuanwnsedajlzrnfeorqrawfbohborlvsha\">\n<div class=\"brz-embed-content\">\n<div>\n<div>\n<div style=\"left: 0;width: 100%;height: 0;position: relative;padding-bottom: 56.25%\">\n<figure style=\"left: 0;width: 100%;height: 0;position: relative;padding-bottom: 56.25%;margin-block-end: 0;margin-block-start: 0;margin-inline-start: 0;margin-inline-end: 0\"><\/figure>\n<\/div>\n<\/div>\n<\/div>\n<\/div>\n<\/div>\n<\/div>\n<\/div>\n<\/div>\n<div class=\"brz-columns brz-css-7dm4ax\" data-brz-custom-id=\"dnpokyzzeumwvdgiwwqcytypijunsaftvrjh\">\n<div class=\"brz-bg\"><\/div>\n<div class=\"brz-column__items brz-css-ef0qwr\">\n<div id=\"\" class=\"brz-css-roz55 brz-wrapper\">\n<div class=\"brz-embed-code brz-css-2x3h8s\" data-brz-custom-id=\"nrohnmuevbawwjfljvurakshakwtvyqpmxeq\">\n<div class=\"brz-embed-content\">\n<div>\n<div>\n<div style=\"left: 0;width: 100%;height: 0;position: relative;padding-bottom: 56.25%\">\n<figure style=\"left: 0;width: 100%;height: 0;position: relative;padding-bottom: 56.25%;margin-block-end: 0;margin-block-start: 0;margin-inline-start: 0;margin-inline-end: 0\"><\/figure>\n<\/div>\n<\/div>\n<\/div>\n<\/div>\n<\/div>\n<\/div>\n<div id=\"\" class=\"brz-css-roz55 brz-wrapper\">\n<div class=\"brz-embed-code brz-css-2x3h8s\" data-brz-custom-id=\"vgdrvmxnnordimdlmjtrghyqduwyhlwnvyqy\">\n<div class=\"brz-embed-content\">\n<div>\n<div>\n<div style=\"left: 0;width: 100%;height: 0;position: relative;padding-bottom: 56.25%\">\n<figure style=\"left: 0;width: 100%;height: 0;position: relative;padding-bottom: 56.25%;margin-block-end: 0;margin-block-start: 0;margin-inline-start: 0;margin-inline-end: 0\"><\/figure>\n<\/div>\n<\/div>\n<\/div>\n<\/div>\n<\/div>\n<\/div>\n<div id=\"\" class=\"brz-css-roz55 brz-wrapper\">\n<div class=\"brz-embed-code brz-css-2x3h8s\" data-brz-custom-id=\"kkbibkiyomkwpjocsniagcptdnfvohwxgovv\">\n<div class=\"brz-embed-content\">\n<div>\n<div>\n<div style=\"left: 0;width: 100%;height: 0;position: relative;padding-bottom: 56.25%\">\n<figure style=\"left: 0;width: 100%;height: 0;position: relative;padding-bottom: 56.25%;margin-block-end: 0;margin-block-start: 0;margin-inline-start: 0;margin-inline-end: 0\"><\/figure>\n<\/div>\n<\/div>\n<\/div>\n<\/div>\n<\/div>\n<\/div>\n<div id=\"\" class=\"brz-css-roz55 brz-wrapper\">\n<div class=\"brz-embed-code brz-css-2x3h8s\" data-brz-custom-id=\"wunvqjctukdirzwjioritnelhnjdciwtqahh\">\n<div class=\"brz-embed-content\">\n<div>\n<div>&lt;div style=&quot;left: 0; <\/p>\n<div>\n<div>\n<figure style=\"left: 0;width: 100%;height: 0;position: relative;padding-bottom: 56.25%;margin-block-end: 0;margin-block-start: 0;margin-inline-start: 0;margin-inline-end: 0\"><\/figure>\n<\/div>\n<\/div>\n<\/div>\n<\/div>\n<\/div>\n<\/div>\n<div id=\"\" class=\"brz-css-roz55 brz-wrapper\">\n<div class=\"brz-embed-code brz-css-2x3h8s\" data-brz-custom-id=\"lnriaeypnyiqpytqonatfczmjyksfzhjwyvq\">\n<div class=\"brz-embed-content\">\n<div>\n<div>\n<div style=\"left: 0;width: 100%;height: 0;position: relative;padding-bottom: 56.25%\">\n<figure style=\"left: 0;width: 100%;height: 0;position: relative;padding-bottom: 56.25%;margin-block-end: 0;margin-block-start: 0;margin-inline-start: 0;margin-inline-end: 0\"><\/figure>\n<\/div>\n<\/div>\n<\/div>\n<\/div>\n<\/div>\n<\/div>\n<div id=\"\" class=\"brz-css-roz55 brz-wrapper\">\n<div class=\"brz-embed-code brz-css-2x3h8s\" data-brz-custom-id=\"coitnttvixirxtkdyqxfvbbgwntfafurilha\">\n<div class=\"brz-embed-content\">\n<div>\n<div>\n<div style=\"left: 0;width: 100%;height: 0;position: relative;padding-bottom: 56.25%\">\n<figure style=\"left: 0;width: 100%;height: 0;position: relative;padding-bottom: 56.25%;margin-block-end: 0;margin-block-start: 0;margin-inline-start: 0;margin-inline-end: 0\"><\/figure>\n<\/div>\n<\/div>\n<\/div>\n<\/div>\n<\/div>\n<\/div>\n<div id=\"\" class=\"brz-css-roz55 brz-wrapper\">\n<div class=\"brz-embed-code brz-css-2x3h8s\" data-brz-custom-id=\"uqtgampvbcjfbmebkamwvirdwjwxphajyhtc\">\n<div class=\"brz-embed-content\">\n<div>\n<div>\n<div style=\"left: 0;width: 100%;height: 0;position: relative;padding-bottom: 56.25%\">\n<figure style=\"left: 0;width: 100%;height: 0;position: relative;padding-bottom: 56.25%;margin-block-end: 0;margin-block-start: 0;margin-inline-start: 0;margin-inline-end: 0\"><\/figure>\n<\/div>\n<\/div>\n<\/div>\n<\/div>\n<\/div>\n<\/div>\n<\/div>\n<\/div>\n<\/div>\n<\/div>\n<\/div>\n<\/div>\n<\/section>\n<section id=\"_ihqpluuuuxfflnaqjcbhuryksnaxpwkqxmjq\" class=\"brz-section brz-css-1psdf46\">\n<div class=\"brz-section__content brz-section--boxed brz-css-1kl66rd brz-css-8k5qzn\" data-brz-custom-id=\"wfyroetttsskwltqcbeysfudmlkluzxnfxmj\">\n<div class=\"brz-bg\">\n<div class=\"brz-bg-image\"><\/div>\n<div class=\"brz-bg-color\"><\/div>\n<\/div>\n<div class=\"brz-container brz-css-uaeft7\">\n<div class=\"brz-row__container brz-css-1jry71o\" data-brz-custom-id=\"yymotsljorpowvdswnyxxjieiscqdxufjdtz\">\n<div class=\"brz-bg\"><\/div>\n<div class=\"brz-row brz-css-1283sae brz-css-yhvdy4\">\n<div class=\"brz-columns brz-css-7dm4ax brz-css-6j95qn\" data-brz-custom-id=\"uhneaopzeyzqlhlqaqxchjykaditmkliqplc\">\n<div class=\"brz-bg\"><\/div>\n<div class=\"brz-column__items brz-css-ef0qwr brz-css-1frolcf\">\n<div class=\"brz-row__container brz-css-1jry71o\" data-brz-custom-id=\"lqpbynfxhxdarklyswlilfupskzzqrekzzdv\">\n<div class=\"brz-bg\"><\/div>\n<div class=\"brz-row brz-row--inner brz-css-1283sae brz-css-yhvdy4\">\n<div class=\"brz-columns brz-css-7dm4ax brz-css-itoxl8\" data-brz-custom-id=\"jxllefblzfzohuxlyscgiyqhtyqkvqutceff\">\n<div class=\"brz-bg\"><\/div>\n<div class=\"brz-column__items brz-css-ef0qwr brz-css-gmv0zt\">\n<div id=\"\" class=\"brz-css-roz55 brz-css-bircul brz-wrapper\">\n<div class=\"brz-image brz-css-1bw0cwm\" data-brz-custom-id=\"teurhyzskanzxhdcsbcxpsdtsbjcdzkpwgyp\"><a class=\"brz-a\" href=\"https:\/\/dentamarla.com\/\" target=\"_self\" rel=\"noopener\" data-brz-link-type=\"external\"><img decoding=\"async\" class=\"brz-img brz-img-svg\" src=\"https:\/\/dentamarla.com\/de?brizy_media=wp-5e01ec51c0cb07fb030adf75cb115f39.svg&amp;brizy_crop=original\" alt=\"\" loading=\"lazy\"><\/a><\/div>\n<\/div>\n<div id=\"\" class=\"brz-css-roz55 brz-css-1r3kbp6 brz-css-rk4n70 brz-wrapper\">\n<div class=\"brz-spacer brz-css-1vexbdl brz-css-1erd8ui\"><\/div>\n<\/div>\n<div id=\"\" class=\"brz-css-roz55 brz-wrapper\">\n<div class=\"brz-rich-text brz-rich-text__custom brz-css-n0raci\" data-brz-custom-id=\"areqsrmgmqmzlpymixjsqfxbpvubprvvyduc\">\n<div data-brz-translate-text=\"1\">\n<p class=\"brz-fw-xs-600 brz-fw-sm-600 brz-fw-lg-600 brz-ft-upload brz-ff-pktawridwcuzlvsoreubxpvcbtaisikgapov brz-lh-xs-1_6 brz-lh-sm-1_6 brz-lh-lg-1_9 brz-ls-xs-0 brz-ls-sm-0 brz-ls-lg-0 brz-text-xs-center brz-fs-lg-16 brz-fs-sm-15 brz-fs-xs-15 brz-css-qqeZ7\" data-uniq-id=\"zotda\" data-generated-css=\"brz-css-tnrze\"><span>Denta Marla Dentistry offers quality dental care in all conditions.<\/span><\/p>\n<\/div>\n<\/div>\n<\/div>\n<div id=\"\" class=\"brz-css-roz55 brz-css-1r3kbp6 brz-css-49grax brz-wrapper\">\n<div class=\"brz-spacer brz-css-1vexbdl brz-css-1s7nmgl\"><\/div>\n<\/div>\n<div class=\"brz-wrapper-clone brz-css-1j1ta62\">\n<div class=\"brz-d-xs-flex brz-flex-xs-wrap brz-css-pptg7e brz-css-zemdac\" data-brz-custom-id=\"\">\n<div class=\"brz-wrapper-clone__item\" id=\"etezawtifugfynhzperwyurysygjpwbrgqpy\">\n<div class=\"brz-icon__container\" data-brz-custom-id=\"etezawtifugfynhzperwyurysygjpwbrgqpy\"><a class=\"brz-a\" href=\"https:\/\/www.facebook.com\/dentamarlaturkey\/\" target=\"_blank\" rel=\"noopener\" data-brz-link-type=\"external\"><span class=\"brz-icon brz-span brz-css-149yg48 brz-css-1pkg9je\"><\/span><\/a><\/div>\n<\/div>\n<div class=\"brz-wrapper-clone__item\" id=\"kjhdycjjxulvjkbfpovoedyosvbmbobdflwd\">\n<div class=\"brz-icon__container\" data-brz-custom-id=\"kjhdycjjxulvjkbfpovoedyosvbmbobdflwd\"><a class=\"brz-a\" href=\"https:\/\/www.instagram.com\/dentamarlaturkey\/\" target=\"_blank\" rel=\"noopener\" data-brz-link-type=\"external\"><span class=\"brz-icon brz-span brz-css-149yg48 brz-css-vju7dx\"><\/span><\/a><\/div>\n<\/div>\n<div class=\"brz-wrapper-clone__item\" id=\"ftjkeqcojuucygkwlgwstaxzyuwsymodcgsc\">\n<div class=\"brz-icon__container\" data-brz-custom-id=\"ftjkeqcojuucygkwlgwstaxzyuwsymodcgsc\"><a class=\"brz-a\" href=\"https:\/\/twitter.com\/DentaMarla\" target=\"_blank\" rel=\"noopener\" data-brz-link-type=\"external\"><span class=\"brz-icon brz-span brz-css-149yg48 brz-css-1thkrgy\"><\/span><\/a><\/div>\n<\/div>\n<div class=\"brz-wrapper-clone__item\" id=\"jqnohrgpaoshnyedzdhmdjjyvbthzzclaljj\">\n<div class=\"brz-icon__container\" data-brz-custom-id=\"jqnohrgpaoshnyedzdhmdjjyvbthzzclaljj\"><a class=\"brz-a\" href=\"https:\/\/www.youtube.com\/channel\/UCQaBn4JIEdVC2J1ihlLpIcA\" target=\"_blank\" rel=\"noopener\" data-brz-link-type=\"external\"><span class=\"brz-icon brz-span brz-css-149yg48 brz-css-94med9\"><\/span><\/a><\/div>\n<\/div>\n<\/div>\n<\/div>\n<\/div>\n<\/div>\n<div class=\"brz-columns brz-css-7dm4ax brz-css-1o5lxmt\" data-brz-custom-id=\"aybnfrjzblptdmrhyrcqfyxiykmbedfwrgbn\">\n<div class=\"brz-bg\"><\/div>\n<div class=\"brz-column__items brz-css-ef0qwr\">\n<div id=\"\" class=\"brz-css-roz55 brz-wrapper\">\n<div class=\"brz-rich-text brz-rich-text__custom brz-css-n0raci\" data-brz-custom-id=\"vdsubjznpemstkpleiassrmdbnhwnnccrfsj\">\n<div data-brz-translate-text=\"1\">\n<h2 class=\"brz-fs-sm-14 brz-fs-lg-20 brz-fw-xs-700 brz-fw-sm-700 brz-fw-lg-700 brz-ft-upload brz-ff-zqgavxuluuqypmhqwswgonzjjrnjtbjpzngc brz-lh-xs-1_3 brz-lh-sm-1_2 brz-lh-lg-1_3 brz-ls-lg-0 brz-ls-sm-1 brz-ls-xs-1 brz-text-xs-center brz-fs-xs-18 brz-css-ym9Vu\" data-uniq-id=\"fprvp\" data-generated-css=\"brz-css-ludia\"><span>Menu<\/span><\/h2>\n<\/div>\n<\/div>\n<\/div>\n<div id=\"\" class=\"brz-css-roz55 brz-css-1t49dsg brz-wrapper\">\n<div class=\"brz-menu__container brz-css-1wtueqm brz-css-1yxjshh\" data-brz-custom-id=\"hhcfqbmohoycksuukwfuohniedarvfvozsfg\">\n<nav data-mods=\"%7B%22desktop%22%3A%22vertical%22%2C%22tablet%22%3A%22vertical%22%2C%22mobile%22%3A%22horizontal%22%7D\" class=\"brz-menu brz-menu__preview brz-css-3s2xjf brz-css-w9555a\">\n<ul class=\"brz-menu__ul\" data-menu-items-active=\"\">\n<li data-menu-item-id=\"\" class=\"brz-menu__item \"><a class=\"brz-a\" target=\"\" href=\"\" title=\"\"><span class=\"brz-span\"><\/span><\/a>\n<ul class=\"brz-menu__sub-menu\"><\/ul>\n<\/li>\n<\/ul>\n<\/nav>\n<\/div>\n<\/div>\n<\/div>\n<\/div>\n<\/div>\n<\/div>\n<\/div>\n<\/div>\n<div class=\"brz-columns brz-css-7dm4ax brz-css-u9sasm\" data-brz-custom-id=\"uzwzidfojsygeawstvdjsdfpnmufqfghsuip\">\n<div class=\"brz-bg\"><\/div>\n<div class=\"brz-column__items brz-css-ef0qwr brz-css-1n3g2zm\">\n<div class=\"brz-row__container brz-css-1jry71o\" data-brz-custom-id=\"jisdwvfobodjrqltkknkworkmuhqzsbpevda\">\n<div class=\"brz-bg\"><\/div>\n<div class=\"brz-row brz-row--inner brz-css-1283sae brz-css-yhvdy4\">\n<div class=\"brz-columns brz-css-7dm4ax brz-css-16rp4k9\" data-brz-custom-id=\"zbmtftbglnyzuicmuzpaotporhudxtbfevfp\">\n<div class=\"brz-bg\"><\/div>\n<div class=\"brz-column__items brz-css-ef0qwr\">\n<div id=\"\" class=\"brz-css-roz55 brz-wrapper\">\n<div class=\"brz-rich-text brz-rich-text__custom brz-css-n0raci\" data-brz-custom-id=\"smhbcccbqramgsmepwsntqhnxaihiptpxkzt\">\n<div data-brz-translate-text=\"1\">\n<h2 data-generated-css=\"brz-css-ivrqh\" data-uniq-id=\"issan\" class=\"brz-ls-lg-0 brz-lh-lg-1_3 brz-tp-lg-empty brz-ff-zqgavxuluuqypmhqwswgonzjjrnjtbjpzngc brz-ft-upload brz-fs-lg-20 brz-fss-lg-px brz-fw-lg-700 brz-css-tf4lk\"><span>Subscribe for Up-to-Date Information<\/span><\/h2>\n<\/div>\n<\/div>\n<\/div>\n<div id=\"\" class=\"brz-css-roz55 brz-wrapper\">\n<div class=\"brz-rich-text brz-rich-text__custom brz-css-n0raci\" data-brz-custom-id=\"qlbyablyfzpliczdkyzeiiksilakqktusdyw\">\n<div data-brz-translate-text=\"1\">\n<p class=\"brz-fw-xs-500 brz-fw-sm-500 brz-fw-lg-500 brz-ft-upload brz-ff-pktawridwcuzlvsoreubxpvcbtaisikgapov brz-lh-lg-1_9 brz-lh-sm-1_6 brz-lh-xs-1_6 brz-ls-lg-0 brz-ls-sm-0 brz-ls-xs-0 brz-text-xs-center brz-fs-lg-16 brz-fs-sm-15 brz-fs-xs-15 brz-css-sv7FL\" data-uniq-id=\"guwwe\" data-generated-css=\"brz-css-uhjsl\"><span>Keep up to date w\u0131th the latest \u0131nformat\u0131on about oral, dental and max\u0131llofac\u0131al treatments.<\/span><\/p>\n<\/div>\n<\/div>\n<\/div>\n<div id=\"\" class=\"brz-css-roz55 brz-css-1r3kbp6 brz-css-1qysucu brz-wrapper\">\n<div class=\"brz-spacer brz-css-1vexbdl brz-css-1sngmba\"><\/div>\n<\/div>\n<div id=\"\" class=\"brz-css-roz55 brz-wrapper\">\n<div data-brz-form-version=\"2\" class=\"brz-forms2 brz-css-1fabydu brz-css-1c0hcyb\" data-brz-custom-id=\"jahrwdnpqupybygthxdcqzwbkuosdgnstnmz\">\n<div data-brz-translate-text=\"1\" class=\"brz-forms2__item brz-css-1fvwoiy brz-css-1z0fxs0 brz-css-y5gka1 brz-css-dndgj6\"><\/div>\n<div class=\"brz-forms2 brz-forms2__item brz-forms2__item-button\" data-brz-custom-id=\"jahrwdnpqupybygthxdcqzwbkuosdgnstnmz\"><button class=\"brz-btn brz-btn-submit brz-css-1oofte9 brz-css-j5it9n\" data-brz-custom-id=\"jtbrknmehyajwbpkwzujtfhelpzscmneacjl\"><span data-brz-translate-text=\"1\" class=\"brz-span brz-text__editor\">Subscribe<\/span><\/button><\/div>\n<div class=\"brz-g-recaptcha\" data-sitekey=\"\" data-size=\"invisible\" data-callback=\"brzFormV2Captcha\"><\/div>\n<\/div>\n<\/div>\n<\/div>\n<\/div>\n<\/div>\n<\/div>\n<\/div>\n<\/div>\n<\/div>\n<\/div>\n<\/div>\n<\/div>\n<\/section>\n<\/div>\n<p>    <!-- version:1738224746 --><\/p>\n","protected":false},"excerpt":{"rendered":"<p>&lt;div style=&quot;left: 0; Denta Marla Dentistry offers quality dental care in all conditions. Menu Subscribe for Up-to-Date Information Keep up to date w\u0131th the latest \u0131nformat\u0131on about oral, dental and max\u0131llofac\u0131al treatments. Subscribe<\/p>\n","protected":false},"author":1,"featured_media":0,"parent":8647,"menu_order":0,"comment_status":"closed","ping_status":"closed","template":"","meta":{"footnotes":""},"class_list":["post-8662","page","type-page","status-publish","hentry"],"blocksy_meta":{"styles_descriptor":{"styles":{"desktop":"","tablet":"","mobile":""},"google_fonts":[],"version":6}},"brizy_media":[],"_links":{"self":[{"href":"https:\/\/dentamarla.com\/de\/wp-json\/wp\/v2\/pages\/8662","targetHints":{"allow":["GET"]}}],"collection":[{"href":"https:\/\/dentamarla.com\/de\/wp-json\/wp\/v2\/pages"}],"about":[{"href":"https:\/\/dentamarla.com\/de\/wp-json\/wp\/v2\/types\/page"}],"author":[{"embeddable":true,"href":"https:\/\/dentamarla.com\/de\/wp-json\/wp\/v2\/users\/1"}],"replies":[{"embeddable":true,"href":"https:\/\/dentamarla.com\/de\/wp-json\/wp\/v2\/comments?post=8662"}],"version-history":[{"count":0,"href":"https:\/\/dentamarla.com\/de\/wp-json\/wp\/v2\/pages\/8662\/revisions"}],"up":[{"embeddable":true,"href":"https:\/\/dentamarla.com\/de\/wp-json\/wp\/v2\/pages\/8647"}],"wp:attachment":[{"href":"https:\/\/dentamarla.com\/de\/wp-json\/wp\/v2\/media?parent=8662"}],"curies":[{"name":"wp","href":"https:\/\/api.w.org\/{rel}","templated":true}]}}